{"id":13775,"date":"2024-09-27T21:53:03","date_gmt":"2024-09-27T21:53:03","guid":{"rendered":"https:\/\/dgshape.com\/?page_id=13775"},"modified":"2026-01-19T13:14:27","modified_gmt":"2026-01-19T13:14:27","slug":"cookie-notice","status":"publish","type":"page","link":"https:\/\/dgshape.com\/vi\/cookie-notice\/","title":{"rendered":"Th\u00f4ng b\u00e1o v\u1ec1 cookie"},"content":{"rendered":"\t\t<div data-elementor-type=\"wp-page\" data-elementor-id=\"13775\" class=\"elementor elementor-13775 elementor-10241\" data-elementor-post-type=\"page\">\n\t\t\t\t<div class=\"elementor-element elementor-element-485e866 e-flex e-con-boxed e-con e-parent\" data-id=\"485e866\" data-element_type=\"container\" data-e-type=\"container\" data-settings=\"{&quot;background_background&quot;:&quot;classic&quot;}\">\n\t\t\t\t\t<div class=\"e-con-inner\">\n\t\t<div class=\"elementor-element elementor-element-8ddd57c e-con-full e-flex e-con e-child\" data-id=\"8ddd57c\" data-element_type=\"container\" data-e-type=\"container\" data-settings=\"{&quot;background_background&quot;:&quot;classic&quot;}\">\n\t\t\t\t<div class=\"elementor-element elementor-element-815393b elementor-widget elementor-widget-heading\" data-id=\"815393b\" data-element_type=\"widget\" data-e-type=\"widget\" data-widget_type=\"heading.default\">\n\t\t\t\t<div class=\"elementor-widget-container\">\n\t\t\t\t\t<h2 class=\"elementor-heading-title elementor-size-default\">Th\u00f4ng b\u00e1o v\u1ec1 cookie<\/h2>\t\t\t\t<\/div>\n\t\t\t\t<\/div>\n\t\t\t\t<div class=\"elementor-element elementor-element-132385b elementor-widget elementor-widget-text-editor\" data-id=\"132385b\" data-element_type=\"widget\" data-e-type=\"widget\" data-widget_type=\"text-editor.default\">\n\t\t\t\t<div class=\"elementor-widget-container\">\n\t\t\t\t\t\t\t\t\t<p>Th\u00f4ng b\u00e1o v\u1ec1 Cookie n\u00e0y gi\u1ea3i th\u00edch c\u00e1ch DGSHAPE Corporation (g\u1ecdi chung l\u00e0 &#8220;ch\u00fang t\u00f4i&#8221;, &#8220;c\u1ee7a ch\u00fang t\u00f4i&#8221;) s\u1eed d\u1ee5ng cookie v\u00e0 c\u00e1c c\u00f4ng ngh\u1ec7 t\u01b0\u01a1ng t\u1ef1 \u0111\u1ec3 nh\u1eadn d\u1ea1ng b\u1ea1n khi b\u1ea1n truy c\u1eadp trang web c\u1ee7a ch\u00fang t\u00f4i t\u1ea1i <a href=\"https:\/\/www.www.dgshapedev.com\">https:\/\/www.www.dgshape.com<\/a> v\u00e0 <a href=\"https:\/\/dgshapecloud.com\">https:\/\/dgshapecloud.com<\/a> (&#8220;Trang web&#8221;). Th\u00f4ng b\u00e1o gi\u1ea3i th\u00edch c\u00e1c c\u00f4ng ngh\u1ec7 n\u00e0y l\u00e0 g\u00ec v\u00e0 l\u00fd do ch\u00fang t\u00f4i s\u1eed d\u1ee5ng ch\u00fang, c\u0169ng nh\u01b0 quy\u1ec1n c\u1ee7a b\u1ea1n trong vi\u1ec7c ki\u1ec3m so\u00e1t vi\u1ec7c ch\u00fang t\u00f4i s\u1eed d\u1ee5ng ch\u00fang. <\/p>\t\t\t\t\t\t\t\t<\/div>\n\t\t\t\t<\/div>\n\t\t\t\t<div class=\"elementor-element elementor-element-0830258 elementor-widget elementor-widget-html\" data-id=\"0830258\" data-element_type=\"widget\" data-e-type=\"widget\" data-widget_type=\"html.default\">\n\t\t\t\t<div class=\"elementor-widget-container\">\n\t\t\t\t\t<script id=\"CookieDeclaration\" src=\"https:\/\/consent.cookiebot.com\/311a1201-fc4a-42fc-96e5-5ae73441df4e\/cd.js\" type=\"text\/javascript\" async><\/script>\t\t\t\t<\/div>\n\t\t\t\t<\/div>\n\t\t\t\t<\/div>\n\t\t\t\t\t<\/div>\n\t\t\t\t<\/div>\n\t\t\t\t<\/div>\n\t\t","protected":false},"excerpt":{"rendered":"<p>Th\u00f4ng b\u00e1o v\u1ec1 cookie Th\u00f4ng b\u00e1o v\u1ec1 Cookie n\u00e0y gi\u1ea3i th\u00edch c\u00e1ch DGSHAPE Corporation (g\u1ecdi chung l\u00e0 &#8220;ch\u00fang t\u00f4i&#8221;, &#8220;c\u1ee7a ch\u00fang t\u00f4i&#8221;) s\u1eed d\u1ee5ng cookie v\u00e0 c\u00e1c c\u00f4ng ngh\u1ec7 t\u01b0\u01a1ng t\u1ef1 \u0111\u1ec3 nh\u1eadn d\u1ea1ng b\u1ea1n khi b\u1ea1n truy c\u1eadp trang web c\u1ee7a ch\u00fang t\u00f4i t\u1ea1i https:\/\/www.www.dgshape.com v\u00e0 https:\/\/dgshapecloud.com (&#8220;Trang web&#8221;). Th\u00f4ng b\u00e1o gi\u1ea3i th\u00edch c\u00e1c [&hellip;]<\/p>\n","protected":false},"author":11,"featured_media":0,"parent":0,"menu_order":0,"comment_status":"closed","ping_status":"closed","template":"elementor_header_footer","meta":{"footnotes":""},"class_list":["post-13775","page","type-page","status-publish","hentry"],"aioseo_notices":[],"_links":{"self":[{"href":"https:\/\/dgshape.com\/vi\/wp-json\/wp\/v2\/pages\/13775","targetHints":{"allow":["GET"]}}],"collection":[{"href":"https:\/\/dgshape.com\/vi\/wp-json\/wp\/v2\/pages"}],"about":[{"href":"https:\/\/dgshape.com\/vi\/wp-json\/wp\/v2\/types\/page"}],"author":[{"embeddable":true,"href":"https:\/\/dgshape.com\/vi\/wp-json\/wp\/v2\/users\/11"}],"replies":[{"embeddable":true,"href":"https:\/\/dgshape.com\/vi\/wp-json\/wp\/v2\/comments?post=13775"}],"version-history":[{"count":1,"href":"https:\/\/dgshape.com\/vi\/wp-json\/wp\/v2\/pages\/13775\/revisions"}],"predecessor-version":[{"id":48696,"href":"https:\/\/dgshape.com\/vi\/wp-json\/wp\/v2\/pages\/13775\/revisions\/48696"}],"wp:attachment":[{"href":"https:\/\/dgshape.com\/vi\/wp-json\/wp\/v2\/media?parent=13775"}],"curies":[{"name":"wp","href":"https:\/\/api.w.org\/{rel}","templated":true}]}}