{"id":13772,"date":"2024-09-27T21:48:34","date_gmt":"2024-09-27T21:48:34","guid":{"rendered":"https:\/\/dgshape.com\/?page_id=13772"},"modified":"2026-01-19T13:18:05","modified_gmt":"2026-01-19T13:18:05","slug":"contact-us","status":"publish","type":"page","link":"https:\/\/dgshape.com\/vi\/contact-us\/","title":{"rendered":"Li\u00ean h\u1ec7 v\u1edbi ch\u00fang t\u00f4i"},"content":{"rendered":"\t\t<div data-elementor-type=\"wp-page\" data-elementor-id=\"13772\" class=\"elementor elementor-13772 elementor-10641\" data-elementor-post-type=\"page\">\n\t\t\t\t<div class=\"elementor-element elementor-element-2ac64ab e-flex e-con-boxed e-con e-parent\" data-id=\"2ac64ab\" data-element_type=\"container\" data-e-type=\"container\">\n\t\t\t\t\t<div class=\"e-con-inner\">\n\t\t<div class=\"elementor-element elementor-element-2db1ad5 e-con-full e-flex e-con e-child\" data-id=\"2db1ad5\" data-element_type=\"container\" data-e-type=\"container\">\n\t\t\t\t<\/div>\n\t\t\t\t\t<\/div>\n\t\t\t\t<\/div>\n\t\t<div class=\"elementor-element elementor-element-03e9fdc e-flex e-con-boxed e-con e-parent\" data-id=\"03e9fdc\" data-element_type=\"container\" data-e-type=\"container\" data-settings=\"{&quot;background_background&quot;:&quot;classic&quot;}\">\n\t\t\t\t\t<div class=\"e-con-inner\">\n\t\t<div class=\"elementor-element elementor-element-a03c360 e-con-full e-flex e-con e-child\" data-id=\"a03c360\" data-element_type=\"container\" data-e-type=\"container\" data-settings=\"{&quot;background_background&quot;:&quot;classic&quot;}\">\n\t\t\t\t<div class=\"elementor-element elementor-element-3d1a9e7 elementor-widget elementor-widget-template\" data-id=\"3d1a9e7\" data-element_type=\"widget\" data-e-type=\"widget\" data-widget_type=\"template.default\">\n\t\t\t\t<div class=\"elementor-widget-container\">\n\t\t\t\t\t\t\t<div class=\"elementor-template\">\n\t\t\t\t\t<div data-elementor-type=\"container\" data-elementor-id=\"48741\" class=\"elementor elementor-48741 elementor-10467 elementor-10467\" data-elementor-post-type=\"elementor_library\">\n\t\t\t\t<div class=\"elementor-element elementor-element-c46b81a e-flex e-con-boxed e-con e-parent\" data-id=\"c46b81a\" data-element_type=\"container\" data-e-type=\"container\" data-settings=\"{&quot;background_background&quot;:&quot;classic&quot;}\">\n\t\t\t\t\t<div class=\"e-con-inner\">\n\t\t<div class=\"elementor-element elementor-element-c5a9f30 e-con-full e-flex e-con e-child\" data-id=\"c5a9f30\" data-element_type=\"container\" data-e-type=\"container\">\n\t\t\t\t<div class=\"elementor-element elementor-element-1f1bbb3 elementor-widget elementor-widget-text-editor\" data-id=\"1f1bbb3\" data-element_type=\"widget\" data-e-type=\"widget\" data-widget_type=\"text-editor.default\">\n\t\t\t\t<div class=\"elementor-widget-container\">\n\t\t\t\t\t\t\t\t\t<p>DGSHAPE M\u1ed9t Roland<br \/> C\u00f4ng ty T\u1eadp \u0111o\u00e0n DG<\/p>\n\t\t\t\t\t\t\t\t<\/div>\n\t\t\t\t<\/div>\n\t\t\t\t<\/div>\n\t\t<div class=\"elementor-element elementor-element-3ff5a114 e-con-full e-flex e-con e-child\" data-id=\"3ff5a114\" data-element_type=\"container\" data-e-type=\"container\">\n\t\t\t\t<div class=\"elementor-element elementor-element-75a8fab7 elementor-widget elementor-widget-text-editor\" data-id=\"75a8fab7\" data-element_type=\"widget\" data-e-type=\"widget\" data-widget_type=\"text-editor.default\">\n\t\t\t\t<div class=\"elementor-widget-container\">\n\t\t\t\t\t\t\t\t\t<p><strong>C\u00f4ng ty Roland DG Group<\/strong> \u0111\u00e3 tr\u1edf th\u00e0nh <strong>chu\u1ea9n m\u1ef1c<\/strong> cho ng\u00e0nh s\u1ea3n xu\u1ea5t <strong>m\u00e1y m\u00f3c ti\u00ean ti\u1ebfn<\/strong> <span style=\"color: #8ce128;\"><strong>trong h\u01a1n 43 n\u0103m qua<\/strong><\/span> , nh\u1edd c\u00f4ng ngh\u1ec7 th\u1ef1c t\u1ebf v\u00e0 \u0111\u00e1ng tin c\u1eady c\u00f9ng s\u1ef1 h\u1ed7 tr\u1ee3 v\u00f4 song.<\/p>\n<p>DGSHAPE ti\u1ebfp t\u1ee5c v\u00e0 ph\u00e1t huy <strong>di s\u1ea3n n\u00e0y<\/strong> , gi\u00fap c\u00e1c ph\u00f2ng th\u00ed nghi\u1ec7m v\u00e0 ph\u00f2ng kh\u00e1m s\u1ea3n xu\u1ea5t r\u0103ng gi\u1ea3 <strong>ch\u1ea5t l\u01b0\u1ee3ng cao<\/strong> v\u00e0 ti\u1ebft ki\u1ec7m <strong>chi ph\u00ed<\/strong> d\u1ec5 d\u00e0ng v\u00e0 <strong>hi\u1ec7u qu\u1ea3 h\u01a1n<\/strong> .<\/p>\n\t\t\t\t\t\t\t\t<\/div>\n\t\t\t\t<\/div>\n\t\t\t\t<\/div>\n\t\t\t\t\t<\/div>\n\t\t\t\t<\/div>\n\t\t\t\t<\/div>\n\t\t\t\t<\/div>\n\t\t\t\t\t\t<\/div>\n\t\t\t\t<\/div>\n\t\t\t\t<\/div>\n\t\t\t\t\t<\/div>\n\t\t\t\t<\/div>\n\t\t\t\t<\/div>\n\t\t","protected":false},"excerpt":{"rendered":"","protected":false},"author":11,"featured_media":0,"parent":0,"menu_order":0,"comment_status":"closed","ping_status":"closed","template":"","meta":{"footnotes":""},"class_list":["post-13772","page","type-page","status-publish","hentry"],"aioseo_notices":[],"_links":{"self":[{"href":"https:\/\/dgshape.com\/vi\/wp-json\/wp\/v2\/pages\/13772","targetHints":{"allow":["GET"]}}],"collection":[{"href":"https:\/\/dgshape.com\/vi\/wp-json\/wp\/v2\/pages"}],"about":[{"href":"https:\/\/dgshape.com\/vi\/wp-json\/wp\/v2\/types\/page"}],"author":[{"embeddable":true,"href":"https:\/\/dgshape.com\/vi\/wp-json\/wp\/v2\/users\/11"}],"replies":[{"embeddable":true,"href":"https:\/\/dgshape.com\/vi\/wp-json\/wp\/v2\/comments?post=13772"}],"version-history":[{"count":3,"href":"https:\/\/dgshape.com\/vi\/wp-json\/wp\/v2\/pages\/13772\/revisions"}],"predecessor-version":[{"id":53632,"href":"https:\/\/dgshape.com\/vi\/wp-json\/wp\/v2\/pages\/13772\/revisions\/53632"}],"wp:attachment":[{"href":"https:\/\/dgshape.com\/vi\/wp-json\/wp\/v2\/media?parent=13772"}],"curies":[{"name":"wp","href":"https:\/\/api.w.org\/{rel}","templated":true}]}}