{"id":51526,"date":"2024-11-13T08:03:39","date_gmt":"2024-11-13T08:03:39","guid":{"rendered":"https:\/\/dgshape.com\/?page_id=51526"},"modified":"2025-11-27T15:30:08","modified_gmt":"2025-11-27T15:30:08","slug":"politica-de-privacidade","status":"publish","type":"page","link":"https:\/\/dgshape.com\/pt-br\/politica-de-privacidade\/","title":{"rendered":"Pol\u00edtica de privacidade"},"content":{"rendered":"\t\t<div data-elementor-type=\"wp-page\" data-elementor-id=\"51526\" class=\"elementor elementor-51526 elementor-10219\" data-elementor-post-type=\"page\">\n\t\t\t\t<div class=\"elementor-element elementor-element-4a0e42d e-flex e-con-boxed e-con e-parent\" data-id=\"4a0e42d\" data-element_type=\"container\" data-e-type=\"container\" data-settings=\"{&quot;background_background&quot;:&quot;classic&quot;}\">\n\t\t\t\t\t<div class=\"e-con-inner\">\n\t\t<div class=\"elementor-element elementor-element-5447e47 e-con-full e-flex e-con e-child\" data-id=\"5447e47\" data-element_type=\"container\" data-e-type=\"container\" data-settings=\"{&quot;background_background&quot;:&quot;classic&quot;}\">\n\t\t\t\t<div class=\"elementor-element elementor-element-7d58020 elementor-widget elementor-widget-text-editor\" data-id=\"7d58020\" data-element_type=\"widget\" data-e-type=\"widget\" data-widget_type=\"text-editor.default\">\n\t\t\t\t<div class=\"elementor-widget-container\">\n\t\t\t\t\t\t\t\t\tPol\u00edtica de privacidade\t\t\t\t\t\t\t\t<\/div>\n\t\t\t\t<\/div>\n\t\t\t\t<div class=\"elementor-element elementor-element-e822cd5 elementor-widget elementor-widget-text-editor\" data-id=\"e822cd5\" data-element_type=\"widget\" data-e-type=\"widget\" data-widget_type=\"text-editor.default\">\n\t\t\t\t<div class=\"elementor-widget-container\">\n\t\t\t\t\t\t\t\t\t<p style=\"text-align: right;\">1\u00ba de abril de 2022<\/p><p>A DGSHAPE Corporation (doravante denominada &#8220;a Empresa&#8221;) estabeleceu a &#8220;Pol\u00edtica B\u00e1sica de Prote\u00e7\u00e3o de Informa\u00e7\u00f5es Pessoais&#8221; e est\u00e1 comprometida com o manuseio e a prote\u00e7\u00e3o de Informa\u00e7\u00f5es Pessoais de maneira apropriada.\nEsta Pol\u00edtica de Privacidade ser\u00e1 interpretada de acordo com as leis do Jap\u00e3o. <\/p><h3><strong>1. Pol\u00edtica b\u00e1sica de prote\u00e7\u00e3o de informa\u00e7\u00f5es pessoais<\/strong><\/h3><p>A Empresa se esfor\u00e7ar\u00e1 para proteger as informa\u00e7\u00f5es pessoais com base nas pol\u00edticas a seguir:<\/p><ol><li>A Empresa cumprir\u00e1 todas as leis, regulamentos e outras regras aplic\u00e1veis que regem a prote\u00e7\u00e3o de Informa\u00e7\u00f5es Pessoais, a fim de proteger as Informa\u00e7\u00f5es Pessoais que manipula e respeitar os direitos do indiv\u00edduo que est\u00e1 sujeito a essas Informa\u00e7\u00f5es Pessoais.<\/li><li>A Empresa n\u00e3o utilizar\u00e1 as Informa\u00e7\u00f5es Pessoais de forma a incentivar ou induzir atos ilegais ou injustos.<\/li><li>A Empresa adquirir\u00e1 Informa\u00e7\u00f5es Pessoais de maneira legal e apropriada.<\/li><li>A Empresa estabelecer\u00e1 pol\u00edticas e procedimentos internos para o manuseio de Informa\u00e7\u00f5es Pessoais.<\/li><li>A Empresa estabelecer\u00e1 uma estrutura organizacional e procedimentos operacionais para garantir que as Informa\u00e7\u00f5es Pessoais sejam tratadas adequadamente.\nAl\u00e9m disso, a Empresa monitorar\u00e1 como as informa\u00e7\u00f5es pessoais s\u00e3o tratadas e realizar\u00e1 revis\u00f5es e melhorias peri\u00f3dicas. <\/li><li>A Empresa garantir\u00e1 que todos os funcion\u00e1rios estejam cientes do manuseio adequado das Informa\u00e7\u00f5es Pessoais.<\/li><li>A Empresa se proteger\u00e1 contra a perda ou o roubo de equipamentos que armazenam Informa\u00e7\u00f5es Pessoais e descartar\u00e1 adequadamente esses equipamentos.<\/li><li>A Empresa se esfor\u00e7ar\u00e1 para evitar o vazamento de Informa\u00e7\u00f5es Pessoais, etc., restringindo o acesso e garantindo a seguran\u00e7a dos sistemas de informa\u00e7\u00e3o da Empresa, etc.<\/li><li>A Empresa se esfor\u00e7ar\u00e1 para cumprir as leis e os regulamentos de informa\u00e7\u00f5es pessoais de pa\u00edses estrangeiros e implementar\u00e1 medidas de controle de seguran\u00e7a conforme necess\u00e1rio.<\/li><\/ol><h3><strong>2. Defini\u00e7\u00e3o de termos<\/strong><\/h3><p>As defini\u00e7\u00f5es dos termos usados nesta Pol\u00edtica de Privacidade s\u00e3o as seguintes:<\/p><ol><li>O termo &#8220;Informa\u00e7\u00f5es pessoais&#8221; refere-se a &#8220;Informa\u00e7\u00f5es relacionadas a um indiv\u00edduo vivo&#8221; que podem ser utilizadas isoladamente ou em conjunto com outras informa\u00e7\u00f5es para identificar um indiv\u00edduo espec\u00edfico ou aquelas que cont\u00eam um &#8220;C\u00f3digo de identifica\u00e7\u00e3o individual&#8221;.<\/li><li>O termo &#8220;Informa\u00e7\u00f5es relacionadas a um indiv\u00edduo vivo&#8221; refere-se a todas as informa\u00e7\u00f5es que cont\u00eam fatos, julgamentos ou avalia\u00e7\u00f5es relacionadas aos atributos de um indiv\u00edduo espec\u00edfico, como caracter\u00edsticas corporais, riqueza, tipo de trabalho ou cargo, incluindo, entre outros, o nome, o endere\u00e7o, o sexo, a data de nascimento e a imagem facial de uma pessoa, bem como informa\u00e7\u00f5es, v\u00eddeos e \u00e1udios acess\u00edveis ao p\u00fablico, independentemente de estarem criptografados etc.<\/li><li>O termo &#8220;C\u00f3digo de identifica\u00e7\u00e3o individual&#8221; refere-se a informa\u00e7\u00f5es capazes de identificar um indiv\u00edduo espec\u00edfico, como dados biom\u00e9tricos (dados de DNA, dados de reconhecimento facial, dados de \u00edris, dados de impress\u00e3o vocal, dados de formato de veias, dados de impress\u00e3o digital etc.), n\u00famero de passaporte, n\u00famero de pens\u00e3o b\u00e1sica, n\u00famero de carteira de motorista, c\u00f3digo de registro de resid\u00eancia, n\u00famero individual e n\u00famero de seguradora.<\/li><li>O termo &#8220;Dados Pessoais&#8221; refere-se \u00e0s Informa\u00e7\u00f5es Pessoais que comp\u00f5em o &#8220;Banco de Dados de Informa\u00e7\u00f5es Pessoais, etc.&#8221;.\nO termo &#8220;Banco de dados de informa\u00e7\u00f5es pessoais, etc.&#8221; refere-se a informa\u00e7\u00f5es que foram sistematicamente organizadas de modo a permitir a busca de um indiv\u00edduo espec\u00edfico, principalmente por meio da utiliza\u00e7\u00e3o de um computador ou da utiliza\u00e7\u00e3o de informa\u00e7\u00f5es organizadas ou categorizadas em papel de acordo com regras espec\u00edficas. <\/li><li>O termo &#8220;Informa\u00e7\u00f5es Pessoais Exigidas por Cuidados Especiais&#8221; refere-se a Informa\u00e7\u00f5es Pessoais sobre ra\u00e7a, credo, status social, hist\u00f3rico m\u00e9dico, hist\u00f3rico criminal, defici\u00eancia f\u00edsica, dist\u00farbio mental, resultados de exames de sa\u00fade, registros de pris\u00e3o, etc. de um indiv\u00edduo que exigem cuidados especiais para evitar discrimina\u00e7\u00e3o injusta, preconceito ou outras desvantagens.<\/li><li>O &#8220;vazamento, etc.&#8221; de dados pessoais se refere \u00e0s seguintes situa\u00e7\u00f5es:<ul><li>Vazamento: Vazamento n\u00e3o intencional de dados pessoais para terceiros.<\/li><li>Perda: perda n\u00e3o intencional de dados pessoais.<\/li><li>Danos: Os dados pessoais s\u00e3o adulterados ou danificados pelo ransomware.<\/li><\/ul><\/li><\/ol><h3><strong>3. Operador de neg\u00f3cios de tratamento de informa\u00e7\u00f5es pessoais<\/strong><\/h3><p>Nome do operador da empresa de tratamento de informa\u00e7\u00f5es pessoais: DGSHAPE Corporation<br>Endere\u00e7o: 1-1-2 Shinmiyakoda, Hamana-ku, Hamamatsu-shi, Shizuoka-ken<br>Nome do representante: Hisashi Bito, diretor representante e presidente<\/p><h3><strong>4. Garantir a precis\u00e3o do conte\u00fado dos dados<\/strong><\/h3><p>A Empresa se esfor\u00e7ar\u00e1 para manter os Dados Pessoais que ela ret\u00e9m precisos e atualizados e para exclu\u00ed-los sem demora quando n\u00e3o forem mais necess\u00e1rios para o uso pretendido.<\/p><h3><strong>5. A\u00e7\u00f5es de controle de seguran\u00e7a para dados pessoais<\/strong><\/h3><p>A Empresa implementar\u00e1 as seguintes prote\u00e7\u00f5es para garantir o gerenciamento seguro dos Dados Pessoais que a Empresa ret\u00e9m:<\/p><ol><li>Estabelecimento de pol\u00edticas para o manuseio de informa\u00e7\u00f5es pessoais:<ul><li>A Empresa formulou as &#8220;Regras de prote\u00e7\u00e3o de informa\u00e7\u00f5es pessoais&#8221; para estabelecer regras b\u00e1sicas para o manuseio de informa\u00e7\u00f5es pessoais.\nA empresa tamb\u00e9m estabeleceu regras que regem a preven\u00e7\u00e3o de vazamentos de informa\u00e7\u00f5es confidenciais, inclusive informa\u00e7\u00f5es pessoais, e a seguran\u00e7a das informa\u00e7\u00f5es. <\/li><li>A empresa formulou regras de seguran\u00e7a da informa\u00e7\u00e3o aplic\u00e1veis ao Roland DG Group para garantir medidas de seguran\u00e7a comuns a todo o Roland DG Group.<\/li><\/ul><\/li><li>Estabelecimento de estrutura organizacional e opera\u00e7\u00f5es:<ul><li>A Empresa nomear\u00e1 um Diretor de Gerenciamento de Informa\u00e7\u00f5es que ser\u00e1 respons\u00e1vel por supervisionar o gerenciamento de informa\u00e7\u00f5es da Empresa.<\/li><li>A Empresa esclarecer\u00e1 os Dados Pessoais tratados por cada departamento e o indiv\u00edduo respons\u00e1vel por esses dados e monitorar\u00e1 o status do tratamento de dados periodicamente.<\/li><li>No caso de um incidente ou indica\u00e7\u00e3o de manuseio inadequado, vazamento, etc., de Dados Pessoais, a Empresa estabelecer\u00e1 uma estrutura organizacional para notificar o Diretor de Gerenciamento de Informa\u00e7\u00f5es sobre tais incidentes.\nAl\u00e9m disso, o Diretor de Gerenciamento de Informa\u00e7\u00f5es ser\u00e1 respons\u00e1vel pela resposta e pelas a\u00e7\u00f5es corretivas no caso de um incidente grave. <\/li><li>A Empresa estabelecer\u00e1 procedimentos para responder a incidentes, como vazamento de dados pessoais, e estabelecer\u00e1 uma estrutura que garanta a\u00e7\u00f5es imediatas para evitar a dissemina\u00e7\u00e3o de tais incidentes e a\u00e7\u00f5es preventivas posteriores.<\/li><li>A Empresa registrar\u00e1 os registros de acesso, etc., aos seus sistemas de informa\u00e7\u00e3o para permitir a verifica\u00e7\u00e3o do manuseio dos Dados Pessoais.<\/li><\/ul><\/li><li>Ades\u00e3o dos funcion\u00e1rios \u00e0 pol\u00edtica:<ul><li>A Empresa divulgar\u00e1 as regras a todos os funcion\u00e1rios e fornecer\u00e1 orienta\u00e7\u00e3o sobre o manuseio de dados pessoais regularmente.<\/li><\/ul><\/li><li>Preven\u00e7\u00e3o de roubo, etc., de equipamentos de sistemas de informa\u00e7\u00e3o e m\u00eddia eletr\u00f4nica:<ul><li>A empresa criptografar\u00e1 todos os discos r\u00edgidos de seus laptops.<\/li><li>A Empresa exigir\u00e1 a aprova\u00e7\u00e3o do Administrador antes de transportar laptops, cart\u00f5es de mem\u00f3ria USB, etc., para fora da Empresa.<\/li><li>Antes de descartar qualquer equipamento de sistema de informa\u00e7\u00e3o, a empresa utilizar\u00e1 um software especializado para apagar completamente os dados restantes.<\/li><li>A Empresa armazenar\u00e1 com seguran\u00e7a os documentos que cont\u00eam dados pessoais em arm\u00e1rios trancados.<\/li><li>Ao descartar documentos que contenham Dados Pessoais, a Empresa adotar\u00e1 os meios adequados, como a tritura\u00e7\u00e3o.<\/li><\/ul><\/li><li>Preven\u00e7\u00e3o de acesso n\u00e3o autorizado e vazamento de informa\u00e7\u00f5es pessoais, etc:<ul><li>A Empresa identificar\u00e1 os equipamentos do sistema de informa\u00e7\u00f5es, etc., que lidam com Dados Pessoais e implementar\u00e1 o controle de acesso adequado.<\/li><li>A Empresa configurar\u00e1 firewalls, etc., para bloquear o acesso n\u00e3o autorizado e monitorar o acesso n\u00e3o autorizado e a invas\u00e3o de malware.<\/li><li>A Empresa instalar\u00e1 software antiv\u00edrus em todos os seus computadores.<\/li><li>A Empresa gerenciar\u00e1 de forma centralizada as atualiza\u00e7\u00f5es de software do sistema operacional, etc., e garantir\u00e1 que elas sejam mantidas automaticamente atualizadas.<\/li><li>A Empresa implementar\u00e1 um sistema que pro\u00edba a conex\u00e3o de dispositivos de sistema de informa\u00e7\u00f5es n\u00e3o aprovados \u00e0 rede interna.<\/li><\/ul><\/li><li>Compreens\u00e3o do ambiente externo:<ul><li>A empresa se esfor\u00e7ar\u00e1 para entender as leis e os regulamentos referentes \u00e0 prote\u00e7\u00e3o de informa\u00e7\u00f5es pessoais em pa\u00edses estrangeiros onde o Roland DG Group est\u00e1 localizado e tomar\u00e1 as medidas necess\u00e1rias.<\/li><\/ul><\/li><\/ol><h3><strong>6. Finalidade de utiliza\u00e7\u00e3o dos dados pessoais<\/strong><\/h3><ul><li>As finalidades para as quais a Empresa utiliza os Dados Pessoais que coleta s\u00e3o as seguintes.\nNo entanto, a Empresa poder\u00e1 coletar Dados Pessoais para outras finalidades, caso em que a Empresa notificar\u00e1 ou anunciar\u00e1 separadamente a finalidade do uso: <br><ol class=\"parentheses_list\"><li>Para gerenciar pedidos, entregar produtos, liquidar pagamentos, responder a consultas sobre pedidos ou realizar outras tarefas relacionadas \u00e0 venda de produtos.<\/li><li>Fornecer servi\u00e7os de manuten\u00e7\u00e3o e reparo de produtos e suporte ao usu\u00e1rio.<\/li><li>Enviar cat\u00e1logos de produtos, materiais, etc., mediante solicita\u00e7\u00e3o.<\/li><li>Para propor produtos e servi\u00e7os e para fornecer informa\u00e7\u00f5es sobre campanhas, eventos, semin\u00e1rios, etc.<\/li><li>Para enviar sorteios, etc., para concursos de pr\u00eamios.<\/li><li>Desenvolver e aprimorar os produtos e servi\u00e7os da Empresa por meio da coleta de feedback dos clientes, pesquisas de question\u00e1rio, etc.<\/li><li>Utilizar informa\u00e7\u00f5es de candidatos para atividades de recrutamento de recursos humanos conduzidas pela Empresa.<\/li><li>Utilizar as informa\u00e7\u00f5es do fornecedor para aquisi\u00e7\u00e3o de materiais e outras transa\u00e7\u00f5es entre o fornecedor e a Empresa.<\/li><li>Para responder a outras consultas, etc., recebidas pela Empresa.<\/li><\/ol><\/li><li>Caso a Empresa utilize Dados Pessoais obtidos com a inten\u00e7\u00e3o de us\u00e1-los para qualquer uma das finalidades acima al\u00e9m do escopo das finalidades de uso especificadas, a Empresa notificar\u00e1 o indiv\u00edduo sobre a finalidade do uso e obter\u00e1 o consentimento pr\u00e9vio do indiv\u00edduo.<\/li><\/ul><h3><strong>7. Fornecimento de dados pessoais a terceiros<\/strong><\/h3><p>A Empresa n\u00e3o fornecer\u00e1 os Dados Pessoais coletados a terceiros sem o consentimento do indiv\u00edduo.\nNo entanto, isso n\u00e3o se aplica quando o manuseio dos Dados Pessoais for confiado, quando os Dados Pessoais forem utilizados em conjunto, quando for necess\u00e1rio para a prote\u00e7\u00e3o da vida humana ou do patrim\u00f4nio, ou quando exigido por outras leis e regulamentos. <\/p><h3><strong>8. Terceiriza\u00e7\u00e3o do tratamento de dados pessoais<\/strong><\/h3><p>A Empresa poder\u00e1 terceirizar o tratamento dos Dados Pessoais a terceiros dentro do escopo necess\u00e1rio para atingir as finalidades de utiliza\u00e7\u00e3o especificadas.\nNesses casos, a Empresa tomar\u00e1 as medidas necess\u00e1rias para garantir que a parte terceirizada implemente medidas de controle de seguran\u00e7a adequadas. <\/p><h3><strong>9. Utiliza\u00e7\u00e3o conjunta de dados pessoais<\/strong><\/h3><p>A Empresa utilizar\u00e1 conjuntamente os Dados Pessoais mantidos pela Empresa da seguinte forma.\nNo entanto, pode haver outras inst\u00e2ncias de utiliza\u00e7\u00e3o conjunta, caso em que a Empresa notificar\u00e1 o indiv\u00edduo separadamente. <\/p><ol><li>Tipos de dados pessoais a serem compartilhados:<ul><li>Nome, nome da empresa, c\u00f3digo postal, endere\u00e7o, n\u00famero de telefone, n\u00famero de fax, endere\u00e7o de e-mail, hist\u00f3rico de compras, status do contrato, status do pedido, status do pagamento, sexo, idade, forma\u00e7\u00e3o educacional, hist\u00f3rico de emprego.<\/li><\/ul><\/li><li>Escopo da utiliza\u00e7\u00e3o conjunta:<ul><li>Empresas do Roland DG Group no Jap\u00e3o.<\/li><\/ul><\/li><li>Prop\u00f3sito de utiliza\u00e7\u00e3o pela empresa:<ul><li>A Empresa utilizar\u00e1 os Dados Pessoais para as finalidades descritas em &#8220;6. Finalidade de Utiliza\u00e7\u00e3o dos Dados Pessoais&#8221;.<\/li><\/ul><\/li><li>Finalidade de utiliza\u00e7\u00e3o pelas empresas do Roland DG Group no Jap\u00e3o:<ul><li>Para as atividades de vendas e desenvolvimento de produtos da empresa do grupo, o mesmo se aplicar\u00e1 conforme descrito em (1), (2), (3), (4) e (6) de &#8220;6. Finalidade de utiliza\u00e7\u00e3o de dados pessoais&#8221;.<\/li><li>Para o recrutamento da empresa do grupo, o mesmo se aplicar\u00e1 conforme descrito em (7) de &#8220;6. Finalidade de utiliza\u00e7\u00e3o de dados pessoais&#8221;.<\/li><li>Para a aquisi\u00e7\u00e3o da empresa do grupo, etc., o mesmo se aplicar\u00e1 conforme descrito em (8) de &#8220;6. Finalidade de utiliza\u00e7\u00e3o de dados pessoais&#8221;.<\/li><li>Para a melhoria dos servi\u00e7os da empresa do grupo e opera\u00e7\u00f5es comerciais relacionadas, o mesmo se aplicar\u00e1 conforme descrito em &#8220;6. Finalidade de utiliza\u00e7\u00e3o dos dados pessoais&#8221;.<\/li><\/ul><\/li><li>Parte respons\u00e1vel pela utiliza\u00e7\u00e3o conjunta de dados pessoais:<ul><li>A parte descrita em &#8220;3. Operador comercial de tratamento de informa\u00e7\u00f5es pessoais&#8221;.<\/li><\/ul><\/li><\/ol><h3><strong>10. Utiliza\u00e7\u00e3o de cookies, etc.<\/strong><\/h3><p>A Empresa pode coletar automaticamente os dados dos clientes quando eles visitam o site da Empresa.\nOs dados coletados incluem os que s\u00e3o necess\u00e1rios para que a Empresa opere seu site, como sua loja on-line, e os que s\u00e3o \u00fateis para melhorar o site da Empresa, como o hist\u00f3rico de visitas dos clientes.\nEm geral, essas informa\u00e7\u00f5es n\u00e3o s\u00e3o pessoalmente identific\u00e1veis e, portanto, n\u00e3o constituem &#8220;Dados Pessoais&#8221;.\nO hist\u00f3rico de visitas ao site, etc., pode ser fornecido a outras empresas como &#8220;Cookies de terceiros&#8221;.\nO terceiro que recebe essas informa\u00e7\u00f5es pode ser capaz de identificar um indiv\u00edduo espec\u00edfico ao agrup\u00e1-las com outras informa\u00e7\u00f5es, caso em que elas se tornam &#8220;Dados Pessoais&#8221;.\nPara fornecer essas informa\u00e7\u00f5es que podem ser consideradas &#8220;Dados Pessoais&#8221; a um terceiro, o terceiro deve obter o consentimento do indiv\u00edduo.\nA Empresa n\u00e3o fornecer\u00e1 essas informa\u00e7\u00f5es a outras empresas, a menos que esse consentimento seja confirmado.      <\/p><h3><strong>11. Divulga\u00e7\u00e3o de informa\u00e7\u00f5es, corre\u00e7\u00e3o, cessa\u00e7\u00e3o de uso, etc.<\/strong><\/h3><p>O indiv\u00edduo que \u00e9 o sujeito dos Dados Pessoais mantidos pela Empresa tem o direito de fazer as seguintes solicita\u00e7\u00f5es \u00e0 Empresa com rela\u00e7\u00e3o a esses Dados Pessoais:<\/p><ul><li>O direito de solicitar a divulga\u00e7\u00e3o ou corre\u00e7\u00e3o de Dados Pessoais (incluindo a adi\u00e7\u00e3o ou exclus\u00e3o de parte dos dados) e a divulga\u00e7\u00e3o de registros que a Empresa tenha fornecido a terceiros.<\/li><li>O direito de solicitar que o uso dos Dados Pessoais seja interrompido ou que eles pr\u00f3prios sejam apagados, caso se enquadrem em qualquer um dos itens a seguir.<br><ol class=\"parentheses_list\"><li>Quando os Dados Pessoais foram tratados al\u00e9m do escopo das finalidades especificadas, sem o consentimento do indiv\u00edduo legalmente prescrito.<\/li><li>Quando os dados pessoais foram utilizados de forma inadequada.<\/li><li>Quando as informa\u00e7\u00f5es pessoais forem obtidas por meios impr\u00f3prios.<\/li><li>Quando os Dados Pessoais s\u00e3o Informa\u00e7\u00f5es Pessoais Necess\u00e1rias para Cuidados Especiais e foram obtidos sem o consentimento do indiv\u00edduo legalmente prescrito.<\/li><li>Quando a Empresa n\u00e3o precisar mais dos Dados Pessoais para os fins pretendidos.<\/li><li>Quando os dados pessoais foram vazados, etc.<\/li><li>Quando o tratamento dos Dados Pessoais puder prejudicar os direitos ou interesses leg\u00edtimos do indiv\u00edduo<br>.<\/li><\/ol><\/li><li>O direito de solicitar que a Empresa deixe de fornecer Dados Pessoais a um terceiro se os Dados Pessoais se enquadrarem em qualquer um dos itens a seguir:<br><ol class=\"parentheses_list\"><li>Quando os Dados Pessoais foram fornecidos a um terceiro sem o consentimento do indiv\u00edduo legalmente prescrito.<\/li><li>Quando a Empresa n\u00e3o precisar mais dos Dados Pessoais para os fins pretendidos.<\/li><li>Quando os dados pessoais foram vazados, etc.<\/li><li>Quando o tratamento dos Dados Pessoais puder prejudicar os direitos ou interesses leg\u00edtimos do indiv\u00edduo.<\/li><\/ol><\/li><\/ul><p>Se voc\u00ea deseja fazer qualquer uma dessas solicita\u00e7\u00f5es, entre em contato conosco por e-mail no endere\u00e7o listado em &#8220;16. Contato para Solicita\u00e7\u00f5es de Divulga\u00e7\u00e3o, etc., Consultas e Reclama\u00e7\u00f5es&#8221; com os detalhes espec\u00edficos de sua solicita\u00e7\u00e3o.<br>A Empresa tomar\u00e1 as medidas apropriadas ap\u00f3s verificar se a solicita\u00e7\u00e3o foi feita pelo referido indiv\u00edduo.\nQuando for necess\u00e1rio enviar um grande volume de documentos impressos ou quando a m\u00eddia eletr\u00f4nica a ser fornecida for cara, etc., o custo real poder\u00e1 ser cobrado do indiv\u00edduo. <\/p><h3><strong>12. Resposta ao vazamento de dados pessoais, etc.<\/strong><\/h3><p>Caso ocorra ou seja prov\u00e1vel que ocorra um vazamento, etc., dos Dados Pessoais que a Empresa ret\u00e9m, a Empresa tomar\u00e1 imediatamente medidas para conter o dano, investigar os fatos, identificar a causa, identificar o escopo do impacto e tomar medidas preventivas.<\/p><p>Al\u00e9m disso, no caso de um vazamento, etc., de Informa\u00e7\u00f5es Pessoais Exigidas para Cuidados Especiais ou de um caso que represente um risco significativo de danos aos direitos ou interesses de um indiv\u00edduo, a Empresa notificar\u00e1 a Comiss\u00e3o de Prote\u00e7\u00e3o de Informa\u00e7\u00f5es Pessoais e o indiv\u00edduo cujos Dados Pessoais foram vazados, etc.<\/p><h3><strong>13. Prote\u00e7\u00e3o de informa\u00e7\u00f5es pessoais em sites vinculados<\/strong><\/h3><p>O site da Empresa pode conter links para sites de terceiros.\nEmbora a Empresa tome precau\u00e7\u00f5es razo\u00e1veis para garantir que esses links n\u00e3o sejam mal-intencionados, eles n\u00e3o fazem parte do site da Empresa e, portanto, ser\u00e3o tratados de forma diferente do site da Empresa de acordo com esta Pol\u00edtica de Privacidade.\nVerifique a pol\u00edtica de privacidade do site vinculado em rela\u00e7\u00e3o \u00e0 prote\u00e7\u00e3o de informa\u00e7\u00f5es pessoais nesse site.  <\/p><h3><strong>14. Altera\u00e7\u00f5es a esta pol\u00edtica de privacidade<\/strong><\/h3><p>A Empresa poder\u00e1 alterar esta Pol\u00edtica de Privacidade em resposta a mudan\u00e7as nas leis e regulamentos aplic\u00e1veis, etc., e a mudan\u00e7as nas pol\u00edticas da Empresa.\nVerifique a data no in\u00edcio desta Pol\u00edtica de Privacidade para ver se foram feitas altera\u00e7\u00f5es. <\/p><h3><strong>15. Jurisdi\u00e7\u00e3o<\/strong><\/h3><p>O tribunal de primeira inst\u00e2ncia para todas as disputas relacionadas a esta Pol\u00edtica de Privacidade ser\u00e1 o tribunal de jurisdi\u00e7\u00e3o exclusiva sobre o local da sede da Empresa.<\/p><h3><strong>16. Contato para solicita\u00e7\u00f5es de divulga\u00e7\u00e3o, etc., consultas e reclama\u00e7\u00f5es<\/strong><\/h3><p>A Empresa estabeleceu um ponto de contato para todas as consultas relacionadas a Informa\u00e7\u00f5es Pessoais.\nSe voc\u00ea tiver alguma d\u00favida ou reclama\u00e7\u00e3o sobre o manuseio de Informa\u00e7\u00f5es Pessoais pela Empresa ou se desejar fazer uma solicita\u00e7\u00e3o de qualquer um dos itens listados em &#8220;11. Divulga\u00e7\u00e3o de informa\u00e7\u00f5es, corre\u00e7\u00e3o, cessa\u00e7\u00e3o de uso, etc.&#8221;, entre em contato conosco por e-mail no seguinte endere\u00e7o: <\/p><p><strong>Contato para informa\u00e7\u00f5es pessoais<\/strong><br>Endere\u00e7o de e-mail:<span style=\"color: #8ce128;\"> <a style=\"color: #8ce128;\" href=\"mailto:dgs-marketing@dgshape.com\">dgs-marketing@dgshape.com<\/a><\/span><\/p>\t\t\t\t\t\t\t\t<\/div>\n\t\t\t\t<\/div>\n\t\t\t\t<\/div>\n\t\t\t\t\t<\/div>\n\t\t\t\t<\/div>\n\t\t\t\t<\/div>\n\t\t","protected":false},"excerpt":{"rendered":"<p>Pol\u00edtica de privacidade 1\u00ba de abril de 2022 A DGSHAPE Corporation (doravante denominada &#8220;a Empresa&#8221;) estabeleceu a &#8220;Pol\u00edtica B\u00e1sica de Prote\u00e7\u00e3o de Informa\u00e7\u00f5es Pessoais&#8221; e est\u00e1 comprometida com o manuseio e a prote\u00e7\u00e3o de Informa\u00e7\u00f5es Pessoais de maneira apropriada. Esta Pol\u00edtica de Privacidade ser\u00e1 interpretada de acordo com as leis do Jap\u00e3o. 1. Pol\u00edtica b\u00e1sica [&hellip;]<\/p>\n","protected":false},"author":17,"featured_media":0,"parent":0,"menu_order":0,"comment_status":"closed","ping_status":"closed","template":"elementor_header_footer","meta":{"footnotes":""},"class_list":["post-51526","page","type-page","status-publish","hentry"],"aioseo_notices":[],"_links":{"self":[{"href":"https:\/\/dgshape.com\/pt-br\/wp-json\/wp\/v2\/pages\/51526","targetHints":{"allow":["GET"]}}],"collection":[{"href":"https:\/\/dgshape.com\/pt-br\/wp-json\/wp\/v2\/pages"}],"about":[{"href":"https:\/\/dgshape.com\/pt-br\/wp-json\/wp\/v2\/types\/page"}],"author":[{"embeddable":true,"href":"https:\/\/dgshape.com\/pt-br\/wp-json\/wp\/v2\/users\/17"}],"replies":[{"embeddable":true,"href":"https:\/\/dgshape.com\/pt-br\/wp-json\/wp\/v2\/comments?post=51526"}],"version-history":[{"count":2,"href":"https:\/\/dgshape.com\/pt-br\/wp-json\/wp\/v2\/pages\/51526\/revisions"}],"predecessor-version":[{"id":76708,"href":"https:\/\/dgshape.com\/pt-br\/wp-json\/wp\/v2\/pages\/51526\/revisions\/76708"}],"wp:attachment":[{"href":"https:\/\/dgshape.com\/pt-br\/wp-json\/wp\/v2\/media?parent=51526"}],"curies":[{"name":"wp","href":"https:\/\/api.w.org\/{rel}","templated":true}]}}