{"id":51496,"date":"2024-11-13T08:03:39","date_gmt":"2024-11-13T08:03:39","guid":{"rendered":"https:\/\/dgshape.com\/?page_id=51496"},"modified":"2025-11-27T15:30:07","modified_gmt":"2025-11-27T15:30:07","slug":"politica-de-privacidade-gdpr","status":"publish","type":"page","link":"https:\/\/dgshape.com\/pt-br\/politica-de-privacidade-gdpr\/","title":{"rendered":"Pol\u00edtica de privacidade GDPR"},"content":{"rendered":"\t\t<div data-elementor-type=\"wp-page\" data-elementor-id=\"51496\" class=\"elementor elementor-51496 elementor-10229\" data-elementor-post-type=\"page\">\n\t\t\t\t<div class=\"elementor-element elementor-element-a5b3f93 e-flex e-con-boxed e-con e-parent\" data-id=\"a5b3f93\" data-element_type=\"container\" data-e-type=\"container\" data-settings=\"{&quot;background_background&quot;:&quot;classic&quot;}\">\n\t\t\t\t\t<div class=\"e-con-inner\">\n\t\t<div class=\"elementor-element elementor-element-3e75c4b e-con-full e-flex e-con e-child\" data-id=\"3e75c4b\" data-element_type=\"container\" data-e-type=\"container\" data-settings=\"{&quot;background_background&quot;:&quot;classic&quot;}\">\n\t\t\t\t<div class=\"elementor-element elementor-element-fd40dc6 elementor-widget elementor-widget-text-editor\" data-id=\"fd40dc6\" data-element_type=\"widget\" data-e-type=\"widget\" data-widget_type=\"text-editor.default\">\n\t\t\t\t<div class=\"elementor-widget-container\">\n\t\t\t\t\t\t\t\t\t<p>Pol\u00edtica de privacidade GDPR<\/p>\t\t\t\t\t\t\t\t<\/div>\n\t\t\t\t<\/div>\n\t\t\t\t<div class=\"elementor-element elementor-element-580596f elementor-widget elementor-widget-text-editor\" data-id=\"580596f\" data-element_type=\"widget\" data-e-type=\"widget\" data-widget_type=\"text-editor.default\">\n\t\t\t\t<div class=\"elementor-widget-container\">\n\t\t\t\t\t\t\t\t\t<p style=\"text-align: right;\">Revisado: 1 de abril de 2022<\/p><p><strong>Esta Pol\u00edtica de Privacidade \u00e9 aplic\u00e1vel a indiv\u00edduos aos quais se aplica o Regulamento Geral de Prote\u00e7\u00e3o de Dados da UE (&#8220;GDPR&#8221;).<\/strong><\/p><p>A DGSHAPE Corporation (&#8220;DGSHAPE&#8221;), como controladora das informa\u00e7\u00f5es pessoais que processa, tem o compromisso de proteger a privacidade dos indiv\u00edduos cujos dados pessoais processa, incluindo os visitantes do nosso site.\nEsta Pol\u00edtica de Privacidade define como coletamos, compartilhamos e usamos suas informa\u00e7\u00f5es pessoais e como voc\u00ea pode exercer seus direitos de privacidade. <\/p><p>O representante da DGSHAPE para fins da lei de prote\u00e7\u00e3o de dados da UE \u00e9 a Roland DG EMEA N.V. Se voc\u00ea tiver alguma d\u00favida ou preocupa\u00e7\u00e3o sobre o uso de suas informa\u00e7\u00f5es pessoais, entre em contato conosco ou com nosso representante da UE usando os detalhes de contato fornecidos na se\u00e7\u00e3o &#8220;12.\nComo entrar em contato conosco&#8221; abaixo. <\/p><h3><strong>1. Quais informa\u00e7\u00f5es coletamos?<\/strong><\/h3><p>As informa\u00e7\u00f5es pessoais que podemos coletar, armazenar e usar sobre os visitantes do nosso site, clientes, revendedores da DGSHAPE, contatos, engenheiros de servi\u00e7o, entre outros (&#8220;voc\u00ea&#8221;), em geral, se enquadram nas seguintes categorias:<\/p><p><strong>(a) Informa\u00e7\u00f5es que voc\u00ea fornece voluntariamente<br><\/strong>Podemos pedir que voc\u00ea forne\u00e7a informa\u00e7\u00f5es pessoais voluntariamente: por exemplo, podemos pedir que voc\u00ea forne\u00e7a seu nome e detalhes de contato (por exemplo, nome da empresa, endere\u00e7o, n\u00famero de telefone e endere\u00e7o de e-mail) para registrar uma conta conosco, para assinar nossas comunica\u00e7\u00f5es de marketing e\/ou para nos enviar perguntas.\nAs informa\u00e7\u00f5es pessoais que voc\u00ea ser\u00e1 solicitado a fornecer e os motivos pelos quais voc\u00ea ser\u00e1 solicitado a fornec\u00ea-las ser\u00e3o esclarecidos no momento em que solicitarmos que voc\u00ea forne\u00e7a suas informa\u00e7\u00f5es pessoais. <\/p><p><strong>(b) Informa\u00e7\u00f5es que coletamos automaticamente<br><\/strong>Quando voc\u00ea acessa nosso site, podemos coletar determinadas informa\u00e7\u00f5es automaticamente do seu dispositivo.\nEm alguns pa\u00edses, inclusive pa\u00edses do Espa\u00e7o Econ\u00f4mico Europeu, essas informa\u00e7\u00f5es podem ser consideradas informa\u00e7\u00f5es pessoais de acordo com as leis de prote\u00e7\u00e3o de dados aplic\u00e1veis.\nEspecificamente, as informa\u00e7\u00f5es que coletamos automaticamente podem incluir informa\u00e7\u00f5es como seu endere\u00e7o IP, localiza\u00e7\u00e3o geogr\u00e1fica (por exemplo, localiza\u00e7\u00e3o no n\u00edvel do pa\u00eds ou da cidade), tipo e vers\u00e3o do navegador, sistema operacional, fonte de refer\u00eancia, dura\u00e7\u00e3o da visita, visualiza\u00e7\u00f5es de p\u00e1gina e navega\u00e7\u00e3o no site.<br>A coleta dessas informa\u00e7\u00f5es nos permite entender melhor os visitantes que acessam nosso site, de onde eles v\u00eam e qual conte\u00fado do nosso site \u00e9 de interesse deles.\nUsamos essas informa\u00e7\u00f5es para fins de an\u00e1lise interna e para melhorar a qualidade e a relev\u00e2ncia de nosso site para nossos visitantes.<br>Algumas dessas informa\u00e7\u00f5es podem ser coletadas por meio de cookies e tecnologia de rastreamento semelhante, conforme explicado mais detalhadamente no t\u00edtulo &#8220;2. Cookies e tecnologia de rastreamento semelhante&#8221;.   <\/p><p><strong>(c) Informa\u00e7\u00f5es que obtemos de fontes de terceiros<br><\/strong>De tempos em tempos, podemos receber informa\u00e7\u00f5es pessoais sobre voc\u00ea de fontes de terceiros (por exemplo, outras entidades do grupo Roland DG, de corretores de dados, vendedores de exposi\u00e7\u00f5es e fornecedores de listas), mas somente quando tivermos verificado que esses terceiros t\u00eam o seu consentimento ou s\u00e3o legalmente autorizados ou obrigados a divulgar suas informa\u00e7\u00f5es pessoais para n\u00f3s.<br>Os tipos de informa\u00e7\u00f5es que coletamos de terceiros podem incluir, por exemplo, nome, cargo, detalhes de contato.\nUsamos as informa\u00e7\u00f5es que recebemos desses terceiros para comunicar informa\u00e7\u00f5es e ofertas de nossos produtos e servi\u00e7os, ou para manter ou melhorar a precis\u00e3o dos registros que mantemos sobre voc\u00ea. <\/p><h3><strong>2. Cookies e tecnologia de rastreamento semelhante<\/strong><\/h3><p>Usamos cookies e tecnologias de rastreamento semelhantes (coletivamente, &#8220;Cookies&#8221;) para coletar e usar informa\u00e7\u00f5es pessoais sobre voc\u00ea.\nPara obter mais informa\u00e7\u00f5es sobre os tipos de cookies que usamos, por que e como voc\u00ea pode controlar os cookies, consulte nosso <a href=\"https:\/\/dgshape.com\/pt-br\/?page_id=51193\">Aviso sobre cookies<\/a>. <\/p><h3><strong>3. Por que usamos suas informa\u00e7\u00f5es pessoais<\/strong><\/h3><p>As informa\u00e7\u00f5es pessoais enviadas a n\u00f3s ser\u00e3o usadas para os fins especificados nesta Pol\u00edtica de Privacidade ou em partes relevantes do site.<br>Podemos usar suas informa\u00e7\u00f5es pessoais para:<\/p><ol type=\"a\"><li>administrar o site;<\/li><li>melhorar sua experi\u00eancia de navega\u00e7\u00e3o, personalizando o site;<\/li><li>permitir que voc\u00ea use os servi\u00e7os dispon\u00edveis no site;<\/li><li>enviar a voc\u00ea e-mails de servi\u00e7o;<\/li><li>enviar notifica\u00e7\u00f5es por e-mail que voc\u00ea tenha solicitado especificamente;<\/li><li>organizar eventos, promover nossas organiza\u00e7\u00f5es, inclusive por meio da publica\u00e7\u00e3o de conte\u00fado relevante (por exemplo, blogs ou entrevistas), enviar a voc\u00ea nosso boletim informativo e outras comunica\u00e7\u00f5es de marketing relacionadas aos nossos neg\u00f3cios ou aos neg\u00f3cios de terceiros cuidadosamente selecionados que acreditamos que possam ser de seu interesse, por correio ou, quando voc\u00ea tiver concordado especificamente com isso, por e-mail ou tecnologia semelhante (voc\u00ea pode nos informar a qualquer momento se n\u00e3o quiser mais receber comunica\u00e7\u00f5es de marketing);<\/li><li>fornecer a terceiros informa\u00e7\u00f5es estat\u00edsticas sobre nossos usu\u00e1rios, mas essas informa\u00e7\u00f5es n\u00e3o ser\u00e3o usadas para identificar nenhum usu\u00e1rio individual;<\/li><li>lidar com consultas e reclama\u00e7\u00f5es feitas por voc\u00ea ou sobre voc\u00ea em rela\u00e7\u00e3o ao site; e<\/li><li>refletir as opini\u00f5es dos clientes no desenvolvimento de produtos ou no aprimoramento ou desenvolvimento de servi\u00e7os.<\/li><\/ol><p>Quando voc\u00ea enviar informa\u00e7\u00f5es pessoais para publica\u00e7\u00e3o em nosso site, publicaremos e usaremos essas informa\u00e7\u00f5es de acordo com os termos desta Pol\u00edtica de Privacidade.<\/p><p>N\u00e3o forneceremos suas informa\u00e7\u00f5es pessoais a terceiros para fins de marketing direto sem o seu consentimento, quando isso for necess\u00e1rio.<\/p><h3><strong>4. Com quem compartilhamos suas informa\u00e7\u00f5es pessoais?<\/strong><\/h3><p>Podemos divulgar suas informa\u00e7\u00f5es pessoais para as seguintes categorias de destinat\u00e1rios:<\/p><ol type=\"a\"><li>para as empresas do nosso grupo, prestadores de servi\u00e7os terceirizados e parceiros que prestam servi\u00e7os de processamento de dados para n\u00f3s (por exemplo, para apoiar a entrega, fornecer funcionalidade ou ajudar a aumentar a seguran\u00e7a do nosso site) ou que, de outra forma, processam informa\u00e7\u00f5es pessoais para os fins estabelecidos nesta Pol\u00edtica de Privacidade ou notificados a voc\u00ea quando coletamos suas informa\u00e7\u00f5es pessoais;<\/li><li>a qualquer \u00f3rg\u00e3o competente de aplica\u00e7\u00e3o da lei, \u00f3rg\u00e3o regulador, ag\u00eancia governamental, tribunal ou outro terceiro, quando acreditarmos que a divulga\u00e7\u00e3o \u00e9 necess\u00e1ria\n(i) como uma quest\u00e3o de lei ou regulamento aplic\u00e1vel,\n(ii) para exercer, estabelecer ou defender nossos direitos legais, ou\n(iii) para proteger seus interesses vitais ou os de qualquer outra pessoa;\/li   &gt;<\/li><li>ao comprador (ou comprador em potencial) e seus agentes e consultores em rela\u00e7\u00e3o a qualquer compra, fus\u00e3o ou aquisi\u00e7\u00e3o real ou proposta de qualquer neg\u00f3cio ou ativo, desde que informemos ao comprador que ele deve usar suas informa\u00e7\u00f5es pessoais apenas para os fins divulgados nesta Pol\u00edtica de Privacidade; e\/li&gt;<\/li><li>a qualquer outra pessoa com o seu consentimento para a divulga\u00e7\u00e3o.<\/li><li> <\/li><\/ol><h3><strong>5. Base legal para o processamento de informa\u00e7\u00f5es pessoais<\/strong><\/h3><p>Nossa base legal para coletar e usar as informa\u00e7\u00f5es pessoais descritas acima depender\u00e1 das informa\u00e7\u00f5es pessoais em quest\u00e3o e do contexto espec\u00edfico em que as coletamos.<\/p><p>Entretanto, normalmente coletaremos informa\u00e7\u00f5es pessoais de voc\u00ea somente\n(i) quando precisarmos das informa\u00e7\u00f5es pessoais para realizar um contrato com voc\u00ea,\n(ii) quando o processamento for de nosso interesse leg\u00edtimo e n\u00e3o for sobreposto por seus direitos, ou\n(iii) quando tivermos o seu consentimento para faz\u00ea-lo.\nEm alguns casos, tamb\u00e9m podemos ter a obriga\u00e7\u00e3o legal de coletar informa\u00e7\u00f5es pessoais de voc\u00ea ou podemos precisar das informa\u00e7\u00f5es pessoais para proteger seus interesses vitais ou os de outra pessoa.    <\/p><p>Se solicitarmos que voc\u00ea forne\u00e7a informa\u00e7\u00f5es pessoais para cumprir uma exig\u00eancia legal ou para realizar um contato com voc\u00ea, deixaremos isso claro no momento relevante e informaremos se o fornecimento de suas informa\u00e7\u00f5es pessoais \u00e9 obrigat\u00f3rio ou n\u00e3o (bem como as poss\u00edveis consequ\u00eancias caso voc\u00ea n\u00e3o forne\u00e7a suas informa\u00e7\u00f5es pessoais).<\/p><p>Se coletarmos e usarmos suas informa\u00e7\u00f5es pessoais com base em nossos interesses leg\u00edtimos (ou de terceiros), esse interesse normalmente ser\u00e1 operar nossa plataforma e nos comunicarmos com voc\u00ea conforme necess\u00e1rio para fornecer nossos servi\u00e7os a voc\u00ea e para nosso interesse comercial leg\u00edtimo, por exemplo, ao responder \u00e0s suas consultas, melhorar nossa plataforma ou fazer marketing.\nPodemos ter outros interesses leg\u00edtimos e, se for o caso, deixaremos claro para voc\u00ea no momento relevante quais s\u00e3o esses interesses leg\u00edtimos. <\/p><p>Se voc\u00ea tiver d\u00favidas ou precisar de mais informa\u00e7\u00f5es sobre a base legal sobre a qual coletamos e usamos suas informa\u00e7\u00f5es pessoais, entre em contato conosco usando os detalhes de contato fornecidos no t\u00edtulo &#8220;12. Como entrar em contato conosco&#8221; abaixo.<\/p><h3><strong>6. Transfer\u00eancias internacionais de dados<\/strong><\/h3><p>Suas informa\u00e7\u00f5es pessoais podem ser transferidas para, processadas e transferidas entre qualquer um dos pa\u00edses em que n\u00f3s ou nossos prestadores de servi\u00e7os e parceiros operamos para que possamos usar as informa\u00e7\u00f5es de acordo com esta Pol\u00edtica de Privacidade.\nEsses pa\u00edses podem ser diferentes do pa\u00eds em que voc\u00ea reside e ter leis de prote\u00e7\u00e3o de dados diferentes das leis do seu pa\u00eds. <\/p><p>No entanto, adotamos as medidas de seguran\u00e7a adequadas para garantir que suas informa\u00e7\u00f5es pessoais permane\u00e7am protegidas de acordo com esta Pol\u00edtica de Privacidade.<\/p><h3><strong>7. Seguran\u00e7a de suas informa\u00e7\u00f5es pessoais<\/strong><\/h3><p>Usaremos medidas t\u00e9cnicas e organizacionais apropriadas para proteger as informa\u00e7\u00f5es pessoais que coletamos e processamos sobre voc\u00ea.\nAs medidas que usamos s\u00e3o projetadas para fornecer um n\u00edvel de seguran\u00e7a adequado ao risco de processamento de suas informa\u00e7\u00f5es pessoais. <\/p><h3><strong>8. Reten\u00e7\u00e3o de dados<\/strong><\/h3><p>N\u00f3s retemos as informa\u00e7\u00f5es pessoais que coletamos de voc\u00ea quando temos uma necessidade comercial leg\u00edtima e cont\u00ednua de faz\u00ea-lo (por exemplo, para fornecer um servi\u00e7o que voc\u00ea solicitou ou para cumprir os requisitos legais, fiscais ou cont\u00e1beis aplic\u00e1veis).<\/p><p>Quando n\u00e3o tivermos nenhuma necessidade comercial leg\u00edtima para processar suas informa\u00e7\u00f5es pessoais, n\u00f3s as excluiremos ou as tornaremos an\u00f4nimas ou, se isso n\u00e3o for poss\u00edvel (por exemplo, porque suas informa\u00e7\u00f5es pessoais foram armazenadas em arquivos de backup), armazenaremos com seguran\u00e7a suas informa\u00e7\u00f5es pessoais e as isolaremos de qualquer processamento posterior at\u00e9 que a exclus\u00e3o seja poss\u00edvel.<\/p><h3><strong>9. Altera\u00e7\u00f5es a esta Pol\u00edtica de Privacidade<\/strong><\/h3><p>Podemos atualizar esta Pol\u00edtica de Privacidade de tempos em tempos em resposta a mudan\u00e7as nos desenvolvimentos legais, t\u00e9cnicos ou comerciais.\nQuando atualizarmos nossa Pol\u00edtica de Privacidade, tomaremos as medidas adequadas para inform\u00e1-lo, de acordo com a import\u00e2ncia das altera\u00e7\u00f5es que fizermos.\nObteremos o seu consentimento para qualquer altera\u00e7\u00e3o relevante na Pol\u00edtica de Privacidade se e onde isso for exigido pelas leis de prote\u00e7\u00e3o de dados aplic\u00e1veis.  <\/p><h3><strong>10. Seus direitos de prote\u00e7\u00e3o de dados<\/strong><\/h3><p>Voc\u00ea tem os seguintes direitos de prote\u00e7\u00e3o de dados:<\/p><ul><li>Se desejar acessar, corrigir, atualizar ou solicitar a exclus\u00e3o de suas informa\u00e7\u00f5es pessoais, voc\u00ea poder\u00e1 faz\u00ea-lo a qualquer momento entrando em contato conosco usando os detalhes de contato fornecidos no t\u00edtulo &#8220;12. Como entrar em contato conosco&#8221; abaixo.<\/li><li>Al\u00e9m disso, voc\u00ea pode se opor ao processamento de suas informa\u00e7\u00f5es pessoais, pedir-nos para restringir o processamento de suas informa\u00e7\u00f5es pessoais ou solicitar a portabilidade de suas informa\u00e7\u00f5es pessoais.\nNovamente, voc\u00ea pode exercer esses direitos entrando em contato conosco usando os detalhes de contato fornecidos no t\u00edtulo &#8220;12. Como entrar em contato conosco&#8221; abaixo. <\/li><li>Se tivermos coletado e processado suas informa\u00e7\u00f5es pessoais com o seu consentimento, voc\u00ea poder\u00e1 retir\u00e1-lo a qualquer momento.\nA retirada do seu consentimento n\u00e3o afetar\u00e1 a legalidade de qualquer processamento que tenhamos realizado antes da sua retirada, nem afetar\u00e1 o processamento das suas informa\u00e7\u00f5es pessoais realizado com base em fundamentos de processamento legais que n\u00e3o sejam o consentimento. <\/li><li>Voc\u00ea tem o direito de reclamar com uma autoridade de prote\u00e7\u00e3o de dados sobre nossa coleta e uso de suas informa\u00e7\u00f5es pessoais.\nPara obter mais informa\u00e7\u00f5es, entre em contato com a autoridade local de prote\u00e7\u00e3o de dados. <\/li><\/ul><p>Respondemos a todas as solicita\u00e7\u00f5es que recebemos de indiv\u00edduos que desejam exercer seus direitos de prote\u00e7\u00e3o de dados de acordo com as leis de prote\u00e7\u00e3o de dados aplic\u00e1veis.\nDepois de enviar sua solicita\u00e7\u00e3o, podemos pedir que voc\u00ea forne\u00e7a prova de sua identidade para confirmar seus dados. <\/p><h3><strong>11. Sites de terceiros<\/strong><\/h3><p>O site cont\u00e9m links para outros sites.\nN\u00e3o somos respons\u00e1veis pelas pol\u00edticas ou pr\u00e1ticas de privacidade de sites de terceiros. <\/p><h3><strong>12. Como entrar em contato conosco<\/strong><\/h3><p>Para consultas relacionadas \u00e0s suas informa\u00e7\u00f5es pessoais, ou para solicita\u00e7\u00f5es de interrup\u00e7\u00e3o do fornecimento de informa\u00e7\u00f5es pessoais a terceiros, ou para solicita\u00e7\u00f5es de divulga\u00e7\u00e3o ou corre\u00e7\u00f5es de suas informa\u00e7\u00f5es pessoais, etc., entre em contato conosco:<\/p><p><strong>Escrit\u00f3rio de consulta de informa\u00e7\u00f5es pessoais<\/strong><br>DGSHAPE Corporation<br>1-1-2 Shinmiyakoda, Hamana-ku, Hamamatsu-shi, Shizuoka-ken<br>431-2103 JAPAN<br>E-mail:<span style=\"color: #8ce128;\"> <a style=\"color: #8ce128;\" href=\"mailto:dgs-marketing@dgshape.com\">dgs-marketing@dgshape.com<\/a><\/span><\/p><p><strong>Representante da DGSHAPE na UE<\/strong><br>Roland DG EMEA N.V.<br>Bell Telephonelaan 2G, 2440 Geel, B\u00e9lgica<br>E-mail: <span style=\"color: #8ce128;\"><a style=\"color: #8ce128;\" href=\"mailto:emea-gdpr@rolanddg.com\">emea-gdpr@rolanddg.com<\/a><\/span><\/p><p><strong>Aviso de privacidade local EMEA<br><\/strong>Espanha <span style=\"color: #8ce128;\"> <a style=\"color: #8ce128;\" href=\"https:\/\/www.rolanddg.eu\/es-es\/empresa\/privacy-notice\">https:\/\/www.rolanddg.eu\/es-es\/empresa\/privacy-notice<\/a><\/span><br>It\u00e1lia <span style=\"color: #8ce128;\"><a style=\"color: #8ce128;\" href=\"https:\/\/www.rolanddg.eu\/it\/azienda\/privacy-notice\">https:\/\/www.rolanddg.eu\/it\/azienda\/privacy-notice<\/a><\/span><br>REINO UNIDO <span style=\"color: #8ce128;\"><a style=\"color: #8ce128;\" href=\"https:\/\/www.rolanddg.eu\/en-gb\/company\/privacy-notice\">https:\/\/www.rolanddg.eu\/en-gb\/company\/privacy-notice<\/a><\/span><br>Fran\u00e7a <span style=\"color: #8ce128;\"><a style=\"color: #8ce128;\" href=\"https:\/\/www.rolanddg.eu\/fr\/notre-entreprise\/privacy-notice\">https:\/\/www.rolanddg.eu\/fr\/notre-entreprise\/privacy-notice<\/a><\/span><br>Alemanha <span style=\"color: #8ce128;\"><a style=\"color: #8ce128;\" href=\"https:\/\/www.rolanddg.eu\/de\/uber-uns\/privacy-notice\">https:\/\/www.rolanddg.eu\/de\/uber-uns\/privacy-notice<\/a><\/span><br>R\u00fassia <span style=\"color: #8ce128;\"><a style=\"color: #8ce128;\" href=\"https:\/\/www.rolanddg.eu\/ru\/uznajte-podrobnee-o-kompanii-roland-dg-north-europe\/privacy-notice\">https:\/\/www.rolanddg.eu\/ru\/uznajte-podrobnee-o-kompanii-roland-dg-north-europe\/privacy-notice<\/a><\/span><br>Pa\u00edses Baixos        <span style=\"color: #8ce128;\"><a style=\"color: #8ce128;\" href=\"https:\/\/www.rolanddg.eu\/nl\/bedrijf\/privacy-notice\">https:\/\/www.rolanddg.eu\/nl\/bedrijf\/privacy-notice<\/a><\/span><\/p>\t\t\t\t\t\t\t\t<\/div>\n\t\t\t\t<\/div>\n\t\t\t\t<\/div>\n\t\t\t\t\t<\/div>\n\t\t\t\t<\/div>\n\t\t\t\t<\/div>\n\t\t","protected":false},"excerpt":{"rendered":"<p>Pol\u00edtica de privacidade GDPR Revisado: 1 de abril de 2022 Esta Pol\u00edtica de Privacidade \u00e9 aplic\u00e1vel a indiv\u00edduos aos quais se aplica o Regulamento Geral de Prote\u00e7\u00e3o de Dados da UE (&#8220;GDPR&#8221;). A DGSHAPE Corporation (&#8220;DGSHAPE&#8221;), como controladora das informa\u00e7\u00f5es pessoais que processa, tem o compromisso de proteger a privacidade dos indiv\u00edduos cujos dados pessoais [&hellip;]<\/p>\n","protected":false},"author":17,"featured_media":0,"parent":0,"menu_order":0,"comment_status":"closed","ping_status":"closed","template":"elementor_header_footer","meta":{"footnotes":""},"class_list":["post-51496","page","type-page","status-publish","hentry"],"aioseo_notices":[],"_links":{"self":[{"href":"https:\/\/dgshape.com\/pt-br\/wp-json\/wp\/v2\/pages\/51496","targetHints":{"allow":["GET"]}}],"collection":[{"href":"https:\/\/dgshape.com\/pt-br\/wp-json\/wp\/v2\/pages"}],"about":[{"href":"https:\/\/dgshape.com\/pt-br\/wp-json\/wp\/v2\/types\/page"}],"author":[{"embeddable":true,"href":"https:\/\/dgshape.com\/pt-br\/wp-json\/wp\/v2\/users\/17"}],"replies":[{"embeddable":true,"href":"https:\/\/dgshape.com\/pt-br\/wp-json\/wp\/v2\/comments?post=51496"}],"version-history":[{"count":4,"href":"https:\/\/dgshape.com\/pt-br\/wp-json\/wp\/v2\/pages\/51496\/revisions"}],"predecessor-version":[{"id":76703,"href":"https:\/\/dgshape.com\/pt-br\/wp-json\/wp\/v2\/pages\/51496\/revisions\/76703"}],"wp:attachment":[{"href":"https:\/\/dgshape.com\/pt-br\/wp-json\/wp\/v2\/media?parent=51496"}],"curies":[{"name":"wp","href":"https:\/\/api.w.org\/{rel}","templated":true}]}}