{"id":51193,"date":"2024-11-13T08:03:37","date_gmt":"2024-11-13T08:03:37","guid":{"rendered":"https:\/\/dgshape.com\/?page_id=51193"},"modified":"2026-01-19T13:14:28","modified_gmt":"2026-01-19T13:14:28","slug":"aviso-de-cookies","status":"publish","type":"page","link":"https:\/\/dgshape.com\/pt-br\/aviso-de-cookies\/","title":{"rendered":"Aviso de cookies"},"content":{"rendered":"\t\t<div data-elementor-type=\"wp-page\" data-elementor-id=\"51193\" class=\"elementor elementor-51193 elementor-10241\" data-elementor-post-type=\"page\">\n\t\t\t\t<div class=\"elementor-element elementor-element-485e866 e-flex e-con-boxed e-con e-parent\" data-id=\"485e866\" data-element_type=\"container\" data-e-type=\"container\" data-settings=\"{&quot;background_background&quot;:&quot;classic&quot;}\">\n\t\t\t\t\t<div class=\"e-con-inner\">\n\t\t<div class=\"elementor-element elementor-element-8ddd57c e-con-full e-flex e-con e-child\" data-id=\"8ddd57c\" data-element_type=\"container\" data-e-type=\"container\" data-settings=\"{&quot;background_background&quot;:&quot;classic&quot;}\">\n\t\t\t\t<div class=\"elementor-element elementor-element-815393b elementor-widget elementor-widget-heading\" data-id=\"815393b\" data-element_type=\"widget\" data-e-type=\"widget\" data-widget_type=\"heading.default\">\n\t\t\t\t<div class=\"elementor-widget-container\">\n\t\t\t\t\t<h2 class=\"elementor-heading-title elementor-size-default\">Aviso de cookies<\/h2>\t\t\t\t<\/div>\n\t\t\t\t<\/div>\n\t\t\t\t<div class=\"elementor-element elementor-element-132385b elementor-widget elementor-widget-text-editor\" data-id=\"132385b\" data-element_type=\"widget\" data-e-type=\"widget\" data-widget_type=\"text-editor.default\">\n\t\t\t\t<div class=\"elementor-widget-container\">\n\t\t\t\t\t\t\t\t\t<p>Este Aviso de Cookie explica como a DGSHAPE Corporation (coletivamente &#8220;n\u00f3s&#8221;, &#8220;nos&#8221; e &#8220;nosso&#8221;) usa cookies e tecnologias semelhantes para reconhec\u00ea-lo quando voc\u00ea visita nossos sites em <a href=\"https:\/\/www.www.dgshapedev.com\">https:\/\/www.www.dgshape.com<\/a> e <a href=\"https:\/\/dgshapecloud.com\">https:\/\/dgshapecloud.com<\/a> (&#8220;Sites&#8221;). Ele explica o que s\u00e3o essas tecnologias e por que as usamos, bem como seus direitos de controlar o uso que fazemos delas. <\/p>\t\t\t\t\t\t\t\t<\/div>\n\t\t\t\t<\/div>\n\t\t\t\t<div class=\"elementor-element elementor-element-0830258 elementor-widget elementor-widget-html\" data-id=\"0830258\" data-element_type=\"widget\" data-e-type=\"widget\" data-widget_type=\"html.default\">\n\t\t\t\t<div class=\"elementor-widget-container\">\n\t\t\t\t\t<script id=\"CookieDeclaration\" src=\"https:\/\/consent.cookiebot.com\/311a1201-fc4a-42fc-96e5-5ae73441df4e\/cd.js\" type=\"text\/javascript\" async><\/script>\t\t\t\t<\/div>\n\t\t\t\t<\/div>\n\t\t\t\t<\/div>\n\t\t\t\t\t<\/div>\n\t\t\t\t<\/div>\n\t\t\t\t<\/div>\n\t\t","protected":false},"excerpt":{"rendered":"<p>Aviso de cookies Este Aviso de Cookie explica como a DGSHAPE Corporation (coletivamente &#8220;n\u00f3s&#8221;, &#8220;nos&#8221; e &#8220;nosso&#8221;) usa cookies e tecnologias semelhantes para reconhec\u00ea-lo quando voc\u00ea visita nossos sites em https:\/\/www.www.dgshape.com e https:\/\/dgshapecloud.com (&#8220;Sites&#8221;). Ele explica o que s\u00e3o essas tecnologias e por que as usamos, bem como seus direitos de controlar o uso que [&hellip;]<\/p>\n","protected":false},"author":17,"featured_media":0,"parent":0,"menu_order":0,"comment_status":"closed","ping_status":"closed","template":"elementor_header_footer","meta":{"footnotes":""},"class_list":["post-51193","page","type-page","status-publish","hentry"],"aioseo_notices":[],"_links":{"self":[{"href":"https:\/\/dgshape.com\/pt-br\/wp-json\/wp\/v2\/pages\/51193","targetHints":{"allow":["GET"]}}],"collection":[{"href":"https:\/\/dgshape.com\/pt-br\/wp-json\/wp\/v2\/pages"}],"about":[{"href":"https:\/\/dgshape.com\/pt-br\/wp-json\/wp\/v2\/types\/page"}],"author":[{"embeddable":true,"href":"https:\/\/dgshape.com\/pt-br\/wp-json\/wp\/v2\/users\/17"}],"replies":[{"embeddable":true,"href":"https:\/\/dgshape.com\/pt-br\/wp-json\/wp\/v2\/comments?post=51193"}],"version-history":[{"count":1,"href":"https:\/\/dgshape.com\/pt-br\/wp-json\/wp\/v2\/pages\/51193\/revisions"}],"predecessor-version":[{"id":51194,"href":"https:\/\/dgshape.com\/pt-br\/wp-json\/wp\/v2\/pages\/51193\/revisions\/51194"}],"wp:attachment":[{"href":"https:\/\/dgshape.com\/pt-br\/wp-json\/wp\/v2\/media?parent=51193"}],"curies":[{"name":"wp","href":"https:\/\/api.w.org\/{rel}","templated":true}]}}