{"id":51190,"date":"2024-11-13T08:03:39","date_gmt":"2024-11-13T08:03:39","guid":{"rendered":"https:\/\/dgshape.com\/?page_id=51190"},"modified":"2024-12-11T10:06:52","modified_gmt":"2024-12-11T10:06:52","slug":"entre-em-contato-conosco","status":"publish","type":"page","link":"https:\/\/dgshape.com\/pt-br\/entre-em-contato-conosco\/","title":{"rendered":"Entre em contato conosco"},"content":{"rendered":"\t\t<div data-elementor-type=\"wp-page\" data-elementor-id=\"51190\" class=\"elementor elementor-51190 elementor-10641\" data-elementor-post-type=\"page\">\n\t\t\t\t<div class=\"elementor-element elementor-element-2ac64ab e-flex e-con-boxed e-con e-parent\" data-id=\"2ac64ab\" data-element_type=\"container\" data-e-type=\"container\">\n\t\t\t\t\t<div class=\"e-con-inner\">\n\t\t<div class=\"elementor-element elementor-element-2db1ad5 e-con-full e-flex e-con e-child\" data-id=\"2db1ad5\" data-element_type=\"container\" data-e-type=\"container\">\n\t\t\t\t<div class=\"elementor-element elementor-element-b38b88b elementor-widget elementor-widget-template\" data-id=\"b38b88b\" data-element_type=\"widget\" data-e-type=\"widget\" data-widget_type=\"template.default\">\n\t\t\t\t<div class=\"elementor-widget-container\">\n\t\t\t\t\t\t\t<div class=\"elementor-template\">\n\t\t\t\t\t<div data-elementor-type=\"section\" data-elementor-id=\"51712\" class=\"elementor elementor-51712 elementor-13390 elementor-13390\" data-elementor-post-type=\"elementor_library\">\n\t\t\t<div class=\"elementor-element elementor-element-26acaf7 e-con-full e-flex e-con e-parent\" data-id=\"26acaf7\" data-element_type=\"container\" data-e-type=\"container\">\n\t\t<div class=\"elementor-element elementor-element-5252953 e-con-full e-flex e-con e-child\" data-id=\"5252953\" data-element_type=\"container\" data-e-type=\"container\">\n\t\t\t\t<div class=\"elementor-element elementor-element-edb1b6e elementor-hidden-tablet elementor-hidden-mobile elementor-widget elementor-widget-heading\" data-id=\"edb1b6e\" data-element_type=\"widget\" data-e-type=\"widget\" data-widget_type=\"heading.default\">\n\t\t\t\t<div class=\"elementor-widget-container\">\n\t\t\t\t\t<h2 class=\"elementor-heading-title elementor-size-default\">Nossos revendedores autorizados DGSHAPE s\u00e3o cuidadosamente selecionados e oferecem experi\u00eancia e consultoria personalizada em uma variedade de produtos e servi\u00e7os DGSHAPE<\/h2>\t\t\t\t<\/div>\n\t\t\t\t<\/div>\n\t\t<div class=\"elementor-element elementor-element-32a83a3 e-flex e-con-boxed e-con e-child\" data-id=\"32a83a3\" data-element_type=\"container\" data-e-type=\"container\" data-settings=\"{&quot;background_background&quot;:&quot;classic&quot;}\">\n\t\t\t\t\t<div class=\"e-con-inner\">\n\t\t\t\t<div class=\"elementor-element elementor-element-e21dcdc elementor-hidden-tablet elementor-hidden-mobile elementor-widget elementor-widget-image\" data-id=\"e21dcdc\" data-element_type=\"widget\" data-e-type=\"widget\" data-widget_type=\"image.default\">\n\t\t\t\t<div class=\"elementor-widget-container\">\n\t\t\t\t\t\t\t\t\t\t\t\t\t\t\t<img fetchpriority=\"high\" decoding=\"async\" width=\"800\" height=\"800\" src=\"https:\/\/dgshape.com\/wp-content\/uploads\/2024\/07\/shot-of-a-group-of-businesspeople-working-in-a-cal-2023-11-27-05-26-28-utc-31-1024x1024.png\" class=\"attachment-large size-large wp-image-13379\" alt=\"\" srcset=\"https:\/\/dgshape.com\/wp-content\/uploads\/2024\/07\/shot-of-a-group-of-businesspeople-working-in-a-cal-2023-11-27-05-26-28-utc-31-1024x1024.png 1024w, https:\/\/dgshape.com\/wp-content\/uploads\/2024\/07\/shot-of-a-group-of-businesspeople-working-in-a-cal-2023-11-27-05-26-28-utc-31-300x300.png 300w, https:\/\/dgshape.com\/wp-content\/uploads\/2024\/07\/shot-of-a-group-of-businesspeople-working-in-a-cal-2023-11-27-05-26-28-utc-31-150x150.png 150w, https:\/\/dgshape.com\/wp-content\/uploads\/2024\/07\/shot-of-a-group-of-businesspeople-working-in-a-cal-2023-11-27-05-26-28-utc-31-768x768.png 768w, https:\/\/dgshape.com\/wp-content\/uploads\/2024\/07\/shot-of-a-group-of-businesspeople-working-in-a-cal-2023-11-27-05-26-28-utc-31.png 1191w\" sizes=\"(max-width: 800px) 100vw, 800px\" \/>\t\t\t\t\t\t\t\t\t\t\t\t\t\t\t<\/div>\n\t\t\t\t<\/div>\n\t\t\t\t\t<\/div>\n\t\t\t\t<\/div>\n\t\t<div class=\"elementor-element elementor-element-d082c8f e-con-full e-flex e-con e-child\" data-id=\"d082c8f\" data-element_type=\"container\" data-e-type=\"container\">\n\t\t\t\t<div class=\"elementor-element elementor-element-037bb61 elementor-hidden-desktop elementor-widget elementor-widget-heading\" data-id=\"037bb61\" data-element_type=\"widget\" data-e-type=\"widget\" data-widget_type=\"heading.default\">\n\t\t\t\t<div class=\"elementor-widget-container\">\n\t\t\t\t\t<h2 class=\"elementor-heading-title elementor-size-default\">Nossos revendedores autorizados DGSHAPE s\u00e3o cuidadosamente selecionados e oferecem experi\u00eancia e consultoria personalizada em uma variedade de produtos e servi\u00e7os DGSHAPE<\/h2>\t\t\t\t<\/div>\n\t\t\t\t<\/div>\n\t\t\t\t<div class=\"elementor-element elementor-element-0950fab elementor-widget elementor-widget-text-editor\" data-id=\"0950fab\" data-element_type=\"widget\" data-e-type=\"widget\" data-widget_type=\"text-editor.default\">\n\t\t\t\t<div class=\"elementor-widget-container\">\n\t\t\t\t\t\t\t\t\t<p><strong>Ao preencher o formul\u00e1rio, garantimos<\/strong><\/p>\n\t\t\t\t\t\t\t\t<\/div>\n\t\t\t\t<\/div>\n\t\t\t\t<div class=\"elementor-element elementor-element-af7923a elementor-widget elementor-widget-text-editor\" data-id=\"af7923a\" data-element_type=\"widget\" data-e-type=\"widget\" data-widget_type=\"text-editor.default\">\n\t\t\t\t<div class=\"elementor-widget-container\">\n\t\t\t\t\t\t\t\t\t<ul>\n<li>Contato r\u00e1pido com o revendedor<\/li>\n<li>Correspond\u00eancia de revendedores especializados para o seu pa\u00eds<\/li>\n<li>Pesquisa de revendedores que economiza tempo<\/li>\n<li>Produtos e servi\u00e7os aut\u00eanticos da DGSHAPE<\/li>\n<\/ul>\n\t\t\t\t\t\t\t\t<\/div>\n\t\t\t\t<\/div>\n\t\t\t\t<\/div>\n\t\t<div class=\"elementor-element elementor-element-d113198 e-con-full elementor-hidden-tablet elementor-hidden-mobile e-flex e-con e-child\" data-id=\"d113198\" data-element_type=\"container\" data-e-type=\"container\" data-settings=\"{&quot;background_background&quot;:&quot;classic&quot;}\">\n\t\t\t\t<div class=\"elementor-element elementor-element-7099025 elementor-widget elementor-widget-heading\" data-id=\"7099025\" data-element_type=\"widget\" data-e-type=\"widget\" data-widget_type=\"heading.default\">\n\t\t\t\t<div class=\"elementor-widget-container\">\n\t\t\t\t\t<h2 class=\"elementor-heading-title elementor-size-default\">Voc\u00ea precisa de <span style=\"color:#ffffff\">suporte t\u00e9cnico<\/span> para a sua fresadora DWX?<\/h2>\t\t\t\t<\/div>\n\t\t\t\t<\/div>\n\t\t\t\t<div class=\"elementor-element elementor-element-db89276 elementor-widget elementor-widget-text-editor\" data-id=\"db89276\" data-element_type=\"widget\" data-e-type=\"widget\" data-widget_type=\"text-editor.default\">\n\t\t\t\t<div class=\"elementor-widget-container\">\n\t\t\t\t\t\t\t\t\t<p>Acesse a <strong>p\u00e1gina DGSHAPE Care para obter<\/strong> <strong>todo o suporte<\/strong> e <strong>as informa\u00e7\u00f5es<\/strong> de que voc\u00ea precisa para suas fresadoras DWX.<\/p>\n<p><strong>Converse com nossa equipe dedicada<\/strong> para obter suporte imediato e confi\u00e1vel para suas m\u00e1quinas DWX e DGSHAPE CLOUD.<\/p>\n\t\t\t\t\t\t\t\t<\/div>\n\t\t\t\t<\/div>\n\t\t\t\t<div class=\"elementor-element elementor-element-845358a elementor-align-center elementor-widget elementor-widget-button\" data-id=\"845358a\" data-element_type=\"widget\" data-e-type=\"widget\" data-widget_type=\"button.default\">\n\t\t\t\t<div class=\"elementor-widget-container\">\n\t\t\t\t\t\t\t\t\t<div class=\"elementor-button-wrapper\">\n\t\t\t\t\t<a class=\"elementor-button elementor-button-link elementor-size-sm\" href=\"https:\/\/dgshape.com\/pt-br\/?page_id=51257\">\n\t\t\t\t\t\t<span class=\"elementor-button-content-wrapper\">\n\t\t\t\t\t\t\t\t\t<span class=\"elementor-button-text\">IR PARA DGSHAPE CARE<\/span>\n\t\t\t\t\t<\/span>\n\t\t\t\t\t<\/a>\n\t\t\t\t<\/div>\n\t\t\t\t\t\t\t\t<\/div>\n\t\t\t\t<\/div>\n\t\t\t\t<\/div>\n\t\t\t\t<\/div>\n\t\t\t\t<div class=\"elementor-element elementor-element-f6f1982 elementor-widget__width-initial elementor-widget elementor-widget-html\" data-id=\"f6f1982\" data-element_type=\"widget\" data-e-type=\"widget\" data-widget_type=\"html.default\">\n\t\t\t\t<div class=\"elementor-widget-container\">\n\t\t\t\t\t<iframe width=\"100%\" height=\"1400\" src=\"https:\/\/55a27619.sibforms.com\/serve\/MUIFAMtthmXu6eWvaJd7sCBCwxDVCfMSQfe2n8VvzRw55i4eVFIh3d2nsmlm2jO7MpvGSYN-2iFZyI_BJ-O27UDdAOD4kRG04dvdyW59qys2GFylZ-dHnBe2qoaxH88Cvrs9zUXfXxD3FJe5r3L7WhcJSQm_-BanRaAvHN0Ud5CoIR4IJG5M_s7a4L4eeONbap8wqj__g5OZQJ3L\" frameborder=\"0\" scrolling=\"auto\" allowfullscreen=\"\"><\/iframe>\t\t\t\t<\/div>\n\t\t\t\t<\/div>\n\t\t\t\t<\/div>\n\t\t<div class=\"elementor-element elementor-element-ab22660 elementor-hidden-desktop e-flex e-con-boxed e-con e-parent\" data-id=\"ab22660\" data-element_type=\"container\" data-e-type=\"container\">\n\t\t\t\t\t<div class=\"e-con-inner\">\n\t\t<div class=\"elementor-element elementor-element-233a38a e-con-full elementor-hidden-tablet e-flex e-con e-child\" data-id=\"233a38a\" data-element_type=\"container\" data-e-type=\"container\" data-settings=\"{&quot;background_background&quot;:&quot;classic&quot;}\">\n\t\t\t\t<div class=\"elementor-element elementor-element-aac971f elementor-widget elementor-widget-heading\" data-id=\"aac971f\" data-element_type=\"widget\" data-e-type=\"widget\" data-widget_type=\"heading.default\">\n\t\t\t\t<div class=\"elementor-widget-container\">\n\t\t\t\t\t<h2 class=\"elementor-heading-title elementor-size-default\">Voc\u00ea precisa de <span style=\"color:#ffffff\">suporte t\u00e9cnico<\/span> para a sua fresadora DWX?<\/h2>\t\t\t\t<\/div>\n\t\t\t\t<\/div>\n\t\t\t\t<div class=\"elementor-element elementor-element-9a5bd42 elementor-widget elementor-widget-text-editor\" data-id=\"9a5bd42\" data-element_type=\"widget\" data-e-type=\"widget\" data-widget_type=\"text-editor.default\">\n\t\t\t\t<div class=\"elementor-widget-container\">\n\t\t\t\t\t\t\t\t\t<p>Acesse a <strong>p\u00e1gina DGSHAPE Care para obter<\/strong> <strong>todo o suporte<\/strong> e <strong>as informa\u00e7\u00f5es<\/strong> de que voc\u00ea precisa para suas fresadoras DWX.<\/p>\n<p><strong>Converse com nossa equipe dedicada<\/strong> para obter suporte imediato e confi\u00e1vel para suas m\u00e1quinas DWX e DGSHAPE CLOUD.<\/p>\n\t\t\t\t\t\t\t\t<\/div>\n\t\t\t\t<\/div>\n\t\t\t\t<div class=\"elementor-element elementor-element-883f437 elementor-align-center elementor-widget elementor-widget-button\" data-id=\"883f437\" data-element_type=\"widget\" data-e-type=\"widget\" data-widget_type=\"button.default\">\n\t\t\t\t<div class=\"elementor-widget-container\">\n\t\t\t\t\t\t\t\t\t<div class=\"elementor-button-wrapper\">\n\t\t\t\t\t<a class=\"elementor-button elementor-button-link elementor-size-sm\" href=\"https:\/\/dgshape.com\/pt-br\/?page_id=51257\">\n\t\t\t\t\t\t<span class=\"elementor-button-content-wrapper\">\n\t\t\t\t\t\t\t\t\t<span class=\"elementor-button-text\">IR PARA DGSHAPE CARE<\/span>\n\t\t\t\t\t<\/span>\n\t\t\t\t\t<\/a>\n\t\t\t\t<\/div>\n\t\t\t\t\t\t\t\t<\/div>\n\t\t\t\t<\/div>\n\t\t\t\t<\/div>\n\t\t\t\t\t<\/div>\n\t\t\t\t<\/div>\n\t\t\t\t<\/div>\n\t\t\t\t<\/div>\n\t\t\t\t\t\t<\/div>\n\t\t\t\t<\/div>\n\t\t\t\t<\/div>\n\t\t\t\t\t<\/div>\n\t\t\t\t<\/div>\n\t\t<div class=\"elementor-element elementor-element-03e9fdc e-flex e-con-boxed e-con e-parent\" data-id=\"03e9fdc\" data-element_type=\"container\" data-e-type=\"container\" data-settings=\"{&quot;background_background&quot;:&quot;classic&quot;}\">\n\t\t\t\t\t<div class=\"e-con-inner\">\n\t\t<div class=\"elementor-element elementor-element-a03c360 e-con-full e-flex e-con e-child\" data-id=\"a03c360\" data-element_type=\"container\" data-e-type=\"container\" data-settings=\"{&quot;background_background&quot;:&quot;classic&quot;}\">\n\t\t\t\t<div class=\"elementor-element elementor-element-3d1a9e7 elementor-widget elementor-widget-template\" data-id=\"3d1a9e7\" data-element_type=\"widget\" data-e-type=\"widget\" data-widget_type=\"template.default\">\n\t\t\t\t<div class=\"elementor-widget-container\">\n\t\t\t\t\t\t\t<div class=\"elementor-template\">\n\t\t\t\t\t<div data-elementor-type=\"container\" data-elementor-id=\"51624\" class=\"elementor elementor-51624 elementor-10467 elementor-10467\" data-elementor-post-type=\"elementor_library\">\n\t\t\t\t<div class=\"elementor-element elementor-element-c46b81a e-flex e-con-boxed e-con e-parent\" data-id=\"c46b81a\" data-element_type=\"container\" data-e-type=\"container\" data-settings=\"{&quot;background_background&quot;:&quot;classic&quot;}\">\n\t\t\t\t\t<div class=\"e-con-inner\">\n\t\t<div class=\"elementor-element elementor-element-c5a9f30 e-con-full e-flex e-con e-child\" data-id=\"c5a9f30\" data-element_type=\"container\" data-e-type=\"container\">\n\t\t\t\t<div class=\"elementor-element elementor-element-1f1bbb3 elementor-widget elementor-widget-text-editor\" data-id=\"1f1bbb3\" data-element_type=\"widget\" data-e-type=\"widget\" data-widget_type=\"text-editor.default\">\n\t\t\t\t<div class=\"elementor-widget-container\">\n\t\t\t\t\t\t\t\t\t<p>DGSHAPE Uma empresa do grupo Roland<br \/>DG<\/p>\n\t\t\t\t\t\t\t\t<\/div>\n\t\t\t\t<\/div>\n\t\t\t\t<\/div>\n\t\t<div class=\"elementor-element elementor-element-3ff5a114 e-con-full e-flex e-con e-child\" data-id=\"3ff5a114\" data-element_type=\"container\" data-e-type=\"container\">\n\t\t\t\t<div class=\"elementor-element elementor-element-75a8fab7 elementor-widget elementor-widget-text-editor\" data-id=\"75a8fab7\" data-element_type=\"widget\" data-e-type=\"widget\" data-widget_type=\"text-editor.default\">\n\t\t\t\t<div class=\"elementor-widget-container\">\n\t\t\t\t\t\t\t\t\t<p><strong>A Roland DG Group Company<\/strong> tem sido a <strong>refer\u00eancia<\/strong> para a fabrica\u00e7\u00e3o de <strong>m\u00e1quinas avan\u00e7adas<\/strong> <span style=\"color: #8ce128;\"><strong>h\u00e1 mais de 43 anos<\/strong><\/span>gra\u00e7as \u00e0 sua tecnologia pr\u00e1tica e confi\u00e1vel com suporte inigual\u00e1vel.<\/p>\n<p>O DGSHAPE continua e aprimora <strong>esse legado<\/strong>, tornando mais f\u00e1cil e <strong>eficaz<\/strong> para laborat\u00f3rios e cl\u00ednicas a produ\u00e7\u00e3o de pr\u00f3teses dent\u00e1rias <strong>econ\u00f4micas<\/strong> e <strong>de alta qualidade<\/strong>.<\/p>\n\t\t\t\t\t\t\t\t<\/div>\n\t\t\t\t<\/div>\n\t\t\t\t<\/div>\n\t\t\t\t\t<\/div>\n\t\t\t\t<\/div>\n\t\t\t\t<\/div>\n\t\t\t\t<\/div>\n\t\t\t\t\t\t<\/div>\n\t\t\t\t<\/div>\n\t\t\t\t<\/div>\n\t\t\t\t\t<\/div>\n\t\t\t\t<\/div>\n\t\t\t\t<\/div>\n\t\t","protected":false},"excerpt":{"rendered":"","protected":false},"author":17,"featured_media":0,"parent":0,"menu_order":0,"comment_status":"closed","ping_status":"closed","template":"","meta":{"footnotes":""},"class_list":["post-51190","page","type-page","status-publish","hentry"],"aioseo_notices":[],"_links":{"self":[{"href":"https:\/\/dgshape.com\/pt-br\/wp-json\/wp\/v2\/pages\/51190","targetHints":{"allow":["GET"]}}],"collection":[{"href":"https:\/\/dgshape.com\/pt-br\/wp-json\/wp\/v2\/pages"}],"about":[{"href":"https:\/\/dgshape.com\/pt-br\/wp-json\/wp\/v2\/types\/page"}],"author":[{"embeddable":true,"href":"https:\/\/dgshape.com\/pt-br\/wp-json\/wp\/v2\/users\/17"}],"replies":[{"embeddable":true,"href":"https:\/\/dgshape.com\/pt-br\/wp-json\/wp\/v2\/comments?post=51190"}],"version-history":[{"count":2,"href":"https:\/\/dgshape.com\/pt-br\/wp-json\/wp\/v2\/pages\/51190\/revisions"}],"predecessor-version":[{"id":53634,"href":"https:\/\/dgshape.com\/pt-br\/wp-json\/wp\/v2\/pages\/51190\/revisions\/53634"}],"wp:attachment":[{"href":"https:\/\/dgshape.com\/pt-br\/wp-json\/wp\/v2\/media?parent=51190"}],"curies":[{"name":"wp","href":"https:\/\/api.w.org\/{rel}","templated":true}]}}