{"id":58907,"date":"2025-04-16T09:27:54","date_gmt":"2025-04-16T09:27:54","guid":{"rendered":"https:\/\/dgshape.com\/?page_id=58907"},"modified":"2025-11-27T15:30:08","modified_gmt":"2025-11-27T15:30:08","slug":"informativa-sulla-privacy","status":"publish","type":"page","link":"https:\/\/dgshape.com\/it\/informativa-sulla-privacy\/","title":{"rendered":"Informativa sulla privacy"},"content":{"rendered":"\t\t<div data-elementor-type=\"wp-page\" data-elementor-id=\"58907\" class=\"elementor elementor-58907 elementor-10219\" data-elementor-post-type=\"page\">\n\t\t\t\t<div class=\"elementor-element elementor-element-4a0e42d e-flex e-con-boxed e-con e-parent\" data-id=\"4a0e42d\" data-element_type=\"container\" data-e-type=\"container\" data-settings=\"{&quot;background_background&quot;:&quot;classic&quot;}\">\n\t\t\t\t\t<div class=\"e-con-inner\">\n\t\t<div class=\"elementor-element elementor-element-5447e47 e-con-full e-flex e-con e-child\" data-id=\"5447e47\" data-element_type=\"container\" data-e-type=\"container\" data-settings=\"{&quot;background_background&quot;:&quot;classic&quot;}\">\n\t\t\t\t<div class=\"elementor-element elementor-element-7d58020 elementor-widget elementor-widget-text-editor\" data-id=\"7d58020\" data-element_type=\"widget\" data-e-type=\"widget\" data-widget_type=\"text-editor.default\">\n\t\t\t\t<div class=\"elementor-widget-container\">\n\t\t\t\t\t\t\t\t\tInformativa sulla privacy\t\t\t\t\t\t\t\t<\/div>\n\t\t\t\t<\/div>\n\t\t\t\t<div class=\"elementor-element elementor-element-e822cd5 elementor-widget elementor-widget-text-editor\" data-id=\"e822cd5\" data-element_type=\"widget\" data-e-type=\"widget\" data-widget_type=\"text-editor.default\">\n\t\t\t\t<div class=\"elementor-widget-container\">\n\t\t\t\t\t\t\t\t\t<p style=\"text-align: right;\">1 aprile 2022<\/p><p>DGSHAPE Corporation (di seguito &#8220;l&#8217;Azienda&#8221;) ha stabilito la &#8220;Politica di base sulla protezione dei dati personali&#8221; e si impegna a gestire e proteggere i dati personali in modo appropriato. La presente Informativa sulla Privacy sar\u00e0 interpretata in conformit\u00e0 alle leggi del Giappone. <\/p><h3><strong>1. Politica di base sulla protezione dei dati personali<\/strong><\/h3><p>La Societ\u00e0 si impegna a proteggere le Informazioni personali sulla base delle seguenti politiche:<\/p><ol><li>L&#8217;Azienda si atterr\u00e0 a tutte le leggi, i regolamenti e le altre norme che regolano la protezione dei dati personali al fine di salvaguardare i dati personali che gestisce e di rispettare i diritti dell&#8217;individuo che \u00e8 oggetto di tali dati personali.<\/li><li>La Societ\u00e0 non utilizzer\u00e0 le Informazioni personali in modo da incoraggiare o indurre ad azioni illegali o ingiuste.<\/li><li>La Societ\u00e0 acquisir\u00e0 le Informazioni personali in modo lecito e appropriato.<\/li><li>La Societ\u00e0 stabilir\u00e0 politiche e procedure interne per la gestione delle Informazioni personali.<\/li><li>La Societ\u00e0 stabilir\u00e0 una struttura organizzativa e procedure operative per garantire che le Informazioni personali siano gestite in modo corretto. Inoltre, la Societ\u00e0 monitorer\u00e0 le modalit\u00e0 di gestione delle Informazioni Personali ed effettuer\u00e0 revisioni e miglioramenti periodici. <\/li><li>L&#8217;Azienda si assicurer\u00e0 che tutti i dipendenti siano consapevoli della corretta gestione delle Informazioni personali.<\/li><li>L&#8217;Azienda si premunir\u00e0 contro la perdita o il furto delle apparecchiature che memorizzano le Informazioni personali e smaltir\u00e0 correttamente tali apparecchiature.<\/li><li>L&#8217;Azienda si impegner\u00e0 a prevenire la fuga di informazioni personali, ecc. limitando l&#8217;accesso e garantendo la sicurezza dei sistemi informativi dell&#8217;Azienda, ecc.<\/li><li>L&#8217;Azienda si impegner\u00e0 a rispettare le leggi e i regolamenti sulle informazioni personali dei paesi stranieri e ad attuare le misure di controllo della sicurezza necessarie.<\/li><\/ol><h3><strong>2. Definizione dei termini<\/strong><\/h3><p>Le definizioni dei termini utilizzati nella presente Informativa sulla privacy sono le seguenti:<\/p><ol><li>Il termine &#8220;Informazioni personali&#8221; si riferisce alle &#8220;Informazioni relative a un individuo vivente&#8221; che possono essere utilizzate da sole o insieme ad altre informazioni per identificare un individuo specifico o quelle che contengono un &#8220;Codice di identificazione individuale&#8221;.<\/li><li>Il termine &#8220;Informazioni relative a un individuo vivente&#8221; si riferisce a tutte le informazioni che contengono fatti, giudizi o valutazioni relative agli attributi di un individuo specifico, come le caratteristiche del corpo, la ricchezza, il tipo di lavoro o la posizione, compresi, ma non solo, il nome, l&#8217;indirizzo, il sesso, la data di nascita e l&#8217;immagine del viso di una persona, nonch\u00e9 le informazioni, i video e gli audio accessibili al pubblico, indipendentemente dal fatto che siano criptati, ecc.<\/li><li>Il termine &#8220;Codice di identificazione individuale&#8221; si riferisce alle informazioni in grado di identificare un individuo specifico, come ad esempio i dati biometrici (dati sul DNA, dati sul riconoscimento facciale, dati sull&#8217;iride, dati sull&#8217;impronta vocale, dati sulla forma delle vene, dati sulle impronte digitali, ecc.), il numero di passaporto, il numero di pensione di base, il numero di patente di guida, il codice di residenza, il numero individuale e il numero di assicurazione.<\/li><li>Il termine &#8220;Dati Personali&#8221; si riferisce alle Informazioni Personali che compongono il &#8220;Database di Informazioni Personali, etc.&#8221;. Il termine &#8220;Database di informazioni personali, ecc.&#8221; si riferisce alle informazioni organizzate sistematicamente in modo da poter ricercare un individuo specifico, principalmente attraverso l&#8217;utilizzo di un computer o attraverso l&#8217;utilizzo di informazioni organizzate o categorizzate in forma cartacea secondo regole specifiche. <\/li><li>Il termine &#8220;Informazioni personali richieste con particolare attenzione&#8221; si riferisce alle informazioni personali relative a razza, credo, stato sociale, storia medica, storia criminale, disabilit\u00e0 fisica, disturbi mentali, risultati di esami sanitari, precedenti di arresto, ecc. che richiedono particolare attenzione per evitare discriminazioni ingiuste, pregiudizi o altri svantaggi.<\/li><li>Per &#8220;fuga di dati personali, ecc.&#8221; si intendono le seguenti situazioni:<ul><li>Perdita di informazioni: Perdita involontaria di Dati personali a soggetti esterni.<\/li><li>Perdita: perdita involontaria di Dati personali.<\/li><li>Danno: I dati personali vengono manomessi o danneggiati dal ransomware.<\/li><\/ul><\/li><\/ol><h3><strong>3. Operatore commerciale per il trattamento dei dati personali<\/strong><\/h3><p>Nome dell&#8217;Operatore Economico del Trattamento dei Dati Personali: DGSHAPE Corporation<br>Indirizzo: 1-1-2 Shinmiyakoda, Hamana-ku, Hamamatsu-shi, Shizuoka-ken<br>Nome del Rappresentante: Hisashi Bito, Direttore Rappresentante e Presidente<\/p><h3><strong>4. Garantire l&#8217;accuratezza del contenuto dei dati<\/strong><\/h3><p>L&#8217;Azienda si impegna a mantenere i Dati Personali che conserva accurati e aggiornati e a cancellarli senza indugio quando non sono pi\u00f9 necessari per l&#8217;uso previsto.<\/p><h3><strong>5. Azioni di controllo della sicurezza per i dati personali<\/strong><\/h3><p>La Societ\u00e0 implementer\u00e0 le seguenti misure di salvaguardia per garantire una gestione sicura dei Dati Personali che la Societ\u00e0 conserva:<\/p><ol><li>Definizione di politiche per il trattamento delle informazioni personali:<ul><li>La Societ\u00e0 ha formulato le &#8220;Regole di protezione delle informazioni personali&#8221; per stabilire le regole di base per la gestione delle informazioni personali. L&#8217;Azienda ha inoltre stabilito delle regole per la prevenzione delle fughe di informazioni riservate, comprese le informazioni personali, e per la sicurezza delle informazioni. <\/li><li>La Societ\u00e0 ha formulato delle regole sulla sicurezza delle informazioni applicabili al Gruppo Roland DG per garantire misure di sicurezza comuni a tutto il Gruppo Roland DG.<\/li><\/ul><\/li><li>Definizione della struttura organizzativa e delle operazioni:<ul><li>L&#8217;Azienda nominer\u00e0 un responsabile della gestione delle informazioni che avr\u00e0 il compito di supervisionare la gestione delle informazioni dell&#8217;Azienda.<\/li><li>L&#8217;Azienda chiarir\u00e0 quali sono i Dati Personali gestiti da ciascun reparto e i singoli responsabili di tali dati e monitorer\u00e0 periodicamente lo stato del trattamento dei dati.<\/li><li>Nel caso in cui si verifichi un incidente o un&#8217;indicazione di trattamento improprio, fuga di notizie, ecc. di Dati personali, la Societ\u00e0 stabilir\u00e0 una struttura organizzativa per la notifica di tali incidenti al Responsabile della gestione delle informazioni. Inoltre, il Responsabile della Gestione delle Informazioni sar\u00e0 responsabile della risposta e delle azioni correttive in caso di incidenti gravi. <\/li><li>L&#8217;Azienda stabilir\u00e0 procedure per rispondere a incidenti come la fuga di dati personali e creer\u00e0 una struttura che garantisca azioni tempestive per prevenire la diffusione di tali incidenti e azioni preventive in seguito.<\/li><li>La Societ\u00e0 registrer\u00e0 i registri degli accessi, ecc. ai propri sistemi informatici per consentire la verifica del trattamento dei Dati personali.<\/li><\/ul><\/li><li>Adesione alla Politica da parte dei dipendenti:<ul><li>L&#8217;azienda render\u00e0 note le regole a tutti i dipendenti e fornir\u00e0 regolarmente informazioni sul trattamento dei dati personali.<\/li><\/ul><\/li><li>Prevenzione dei furti, ecc. di apparecchiature e supporti elettronici del sistema informativo:<ul><li>L&#8217;azienda cripter\u00e0 tutti i dischi rigidi dei suoi laptop.<\/li><li>La Societ\u00e0 richieder\u00e0 l&#8217;approvazione dell&#8217;Amministratore prima di trasportare laptop, chiavette USB, ecc. al di fuori della Societ\u00e0.<\/li><li>Prima di smaltire qualsiasi apparecchiatura del sistema informatico, l&#8217;Azienda utilizzer\u00e0 un software specializzato per cancellare completamente i dati rimanenti.<\/li><li>La Societ\u00e0 archivier\u00e0 in modo sicuro i documenti contenenti Dati personali in armadi chiusi a chiave.<\/li><li>Per lo smaltimento di documenti contenenti Dati Personali, l&#8217;Azienda adotter\u00e0 mezzi adeguati, come la triturazione.<\/li><\/ul><\/li><li>Prevenzione dell&#8217;accesso non autorizzato e della fuga di informazioni personali, ecc:<ul><li>L&#8217;Azienda identificher\u00e0 le apparecchiature del sistema informativo, ecc. che gestiscono i Dati Personali e implementer\u00e0 un adeguato controllo degli accessi.<\/li><li>La Societ\u00e0 configurer\u00e0 i firewall, ecc. per bloccare gli accessi non autorizzati e monitorare gli accessi non autorizzati e le intrusioni di malware.<\/li><li>L&#8217;Azienda installer\u00e0 un software antivirus su tutti i suoi computer.<\/li><li>La Societ\u00e0 gestir\u00e0 in modo centralizzato gli aggiornamenti del software del sistema operativo, ecc.<\/li><li>L&#8217;azienda implementer\u00e0 un sistema che vieta la connessione alla rete interna di dispositivi informatici non approvati.<\/li><\/ul><\/li><li>Comprendere l&#8217;ambiente esterno:<ul><li>L&#8217;azienda si impegna a comprendere le leggi e i regolamenti relativi alla protezione dei dati personali nei paesi esteri in cui Roland DG Group ha sede e a prendere le misure necessarie.<\/li><\/ul><\/li><\/ol><h3><strong>6. Finalit\u00e0 di utilizzo dei dati personali<\/strong><\/h3><ul><li>Le finalit\u00e0 per cui la Societ\u00e0 utilizza i Dati personali raccolti sono le seguenti. Tuttavia, la Societ\u00e0 pu\u00f2 raccogliere i Dati personali per altri scopi, nel qual caso la Societ\u00e0 comunicher\u00e0 o annuncer\u00e0 separatamente lo scopo dell&#8217;utilizzo: <br><ol class=\"parentheses_list\"><li>Per gestire gli ordini, consegnare i prodotti, regolare i pagamenti, rispondere alle richieste di informazioni sugli ordini o svolgere altri compiti in relazione alla vendita dei prodotti.<\/li><li>Fornire servizi di manutenzione e riparazione dei prodotti e assistenza agli utenti.<\/li><li>Inviare cataloghi di prodotti, materiali, ecc. su richiesta.<\/li><li>Per proporre prodotti e servizi e fornire informazioni su campagne, eventi, seminari, ecc.<\/li><li>Per inviare concorsi a premi, ecc.<\/li><li>Per sviluppare e migliorare i prodotti e i servizi della Societ\u00e0 attraverso la raccolta di feedback dei clienti, sondaggi, ecc.<\/li><li>Utilizzare le informazioni dei candidati per le attivit\u00e0 di reclutamento delle risorse umane condotte dalla Societ\u00e0.<\/li><li>Utilizzare le informazioni dei fornitori per l&#8217;acquisto di materiali e altre transazioni tra il fornitore e l&#8217;Azienda.<\/li><li>Per rispondere ad altre richieste di informazioni, ecc. ricevute dalla Societ\u00e0.<\/li><\/ol><\/li><li>Nel caso in cui la Societ\u00e0 utilizzi i Dati Personali ottenuti con l&#8217;intento di utilizzarli per una qualsiasi delle finalit\u00e0 di cui sopra al di l\u00e0 degli scopi di utilizzo specificati, la Societ\u00e0 notificher\u00e0 all&#8217;individuo lo scopo dell&#8217;utilizzo e otterr\u00e0 il consenso dell&#8217;individuo in anticipo.<\/li><\/ul><h3><strong>7. Fornitura di dati personali a terzi<\/strong><\/h3><p>La Societ\u00e0 non fornir\u00e0 i Dati personali raccolti a terzi senza il consenso dell&#8217;interessato. Tuttavia, ci\u00f2 non si applica quando il trattamento dei Dati Personali \u00e8 affidato, quando i Dati Personali sono utilizzati congiuntamente, quando \u00e8 necessario per la protezione della vita o del patrimonio umano o quando \u00e8 richiesto da altre leggi e regolamenti. <\/p><h3><strong>8. Esternalizzazione del trattamento dei dati personali<\/strong><\/h3><p>La Societ\u00e0 pu\u00f2 esternalizzare il trattamento dei Dati Personali a terzi nei limiti necessari per raggiungere gli scopi di utilizzo specificati. In tali casi, la Societ\u00e0 adotter\u00e0 le misure necessarie per garantire che la parte esternalizzata applichi misure di controllo di sicurezza adeguate. <\/p><h3><strong>9. Utilizzo congiunto dei dati personali<\/strong><\/h3><p>La Societ\u00e0 utilizzer\u00e0 congiuntamente i Dati personali in suo possesso come segue. Tuttavia, potrebbero verificarsi altri casi di utilizzo congiunto, nel qual caso la Societ\u00e0 informer\u00e0 separatamente l&#8217;individuo. <\/p><ol><li>Tipi di dati personali da condividere:<ul><li>Nome, ragione sociale, codice postale, indirizzo, numero di telefono, numero di fax, indirizzo e-mail, cronologia degli acquisti, stato del contratto, stato dell&#8217;ordine, stato del pagamento, sesso, et\u00e0, percorso formativo, storia lavorativa.<\/li><\/ul><\/li><li>Ambito di utilizzo congiunto:<ul><li>Le aziende del Gruppo Roland DG in Giappone.<\/li><\/ul><\/li><li>Scopo di utilizzo da parte della Societ\u00e0:<ul><li>La Societ\u00e0 utilizzer\u00e0 i Dati personali per le finalit\u00e0 descritte in &#8220;6. Finalit\u00e0 di utilizzo dei Dati personali&#8221;.<\/li><\/ul><\/li><li>Scopo di utilizzo da parte delle aziende del Gruppo Roland DG in Giappone:<ul><li>Per le attivit\u00e0 di vendita e sviluppo dei prodotti della societ\u00e0 del gruppo, si applicher\u00e0 quanto descritto ai punti (1), (2), (3), (4) e (6) del paragrafo &#8220;6. Finalit\u00e0 di utilizzo dei dati personali&#8221;.<\/li><li>Per le assunzioni da parte delle societ\u00e0 del gruppo, si applicher\u00e0 la stessa procedura descritta al punto (7) del paragrafo &#8220;6. Finalit\u00e0 di utilizzo dei dati personali&#8221;.<\/li><li>Per gli acquisti delle societ\u00e0 del gruppo, ecc. si applicher\u00e0 quanto descritto al punto (8) di &#8220;6. Finalit\u00e0 di utilizzo dei dati personali&#8221;.<\/li><li>Per il miglioramento dei servizi della societ\u00e0 del gruppo e le relative operazioni commerciali, si applicher\u00e0 quanto descritto al punto &#8220;6. Finalit\u00e0 di utilizzo dei dati personali&#8221;.<\/li><\/ul><\/li><li>Responsabile per l&#8217;utilizzo congiunto dei dati personali:<ul><li>La parte descritta in &#8220;3. Operatore commerciale per il trattamento dei dati personali&#8221;.<\/li><\/ul><\/li><\/ol><h3><strong>10. Utilizzo di cookie, ecc.<\/strong><\/h3><p>La Societ\u00e0 pu\u00f2 raccogliere automaticamente i dati dei clienti quando questi visitano il sito web della Societ\u00e0. I dati raccolti comprendono quelli necessari alla Societ\u00e0 per gestire il proprio sito web, come il negozio online, e quelli utili per migliorare il sito web della Societ\u00e0, come la cronologia delle visite dei clienti. In genere, queste informazioni non sono identificabili personalmente e quindi non costituiscono &#8220;Dati personali&#8221;. La cronologia delle visite al sito web, ecc. pu\u00f2 essere fornita ad altre aziende come &#8220;cookie di terze parti&#8221;. Le terze parti che ricevono tali informazioni possono essere in grado di identificare un individuo specifico, combinandole con altre informazioni, nel qual caso diventano &#8220;Dati personali&#8221;. Per fornire tali informazioni che possono essere considerate &#8220;Dati personali&#8221; a una terza parte, quest&#8217;ultima deve ottenere il consenso dell&#8217;individuo. La Societ\u00e0 non fornir\u00e0 tali informazioni ad altre societ\u00e0 se non viene confermato il consenso.      <\/p><h3><strong>11. Divulgazione di informazioni, correzione, cessazione dell&#8217;uso, ecc.<\/strong><\/h3><p>L&#8217;individuo che \u00e8 oggetto dei Dati Personali in possesso della Societ\u00e0 ha il diritto di fare le seguenti richieste alla Societ\u00e0 in relazione a tali Dati Personali:<\/p><ul><li>Il diritto di richiedere la divulgazione o la correzione dei Dati personali (compresa l&#8217;aggiunta o la cancellazione di parte dei dati) e la divulgazione dei documenti che la Societ\u00e0 ha fornito a terzi.<\/li><li>Il diritto di richiedere la cessazione dell&#8217;utilizzo dei Dati Personali o la loro cancellazione se rientrano in uno dei seguenti punti.<br><ol class=\"parentheses_list\"><li>Quando i dati personali sono stati trattati al di l\u00e0 degli scopi specificati, senza il consenso dell&#8217;individuo prescritto dalla legge.<\/li><li>Quando i Dati Personali sono stati utilizzati in modo inappropriato.<\/li><li>Quando le Informazioni personali sono state ottenute con mezzi impropri.<\/li><li>Quando i Dati Personali sono Informazioni Personali con Bisogno di Cura Speciale e sono stati ottenuti senza il consenso dell&#8217;individuo prescritto dalla legge.<\/li><li>Quando l&#8217;Azienda non ha pi\u00f9 bisogno dei Dati Personali per i suoi scopi.<\/li><li>Quando i dati personali sono stati divulgati, ecc.<\/li><li>Quando il trattamento dei Dati Personali pu\u00f2 ledere i diritti o gli interessi legittimi dell&#8217;individuo<br>.<\/li><\/ol><\/li><li>Il diritto di richiedere che la Societ\u00e0 cessi di fornire i Dati personali a una terza parte se i Dati personali rientrano in uno dei seguenti punti:<br><ol class=\"parentheses_list\"><li>Quando i dati personali sono stati forniti a una terza parte senza il consenso dell&#8217;individuo prescritto dalla legge.<\/li><li>Quando l&#8217;Azienda non ha pi\u00f9 bisogno dei Dati Personali per i suoi scopi.<\/li><li>Quando i dati personali sono stati divulgati, ecc.<\/li><li>Quando il trattamento dei Dati Personali pu\u00f2 ledere i diritti o gli interessi legittimi dell&#8217;individuo.<\/li><\/ol><\/li><\/ul><p>Se desideri fare una di queste richieste, contattaci via e-mail all&#8217;indirizzo indicato in &#8220;16. Contatti per richieste di divulgazione, ecc. Contatti per Richieste di divulgazione, ecc., Indagini e Reclami&#8221; con i dettagli specifici della tua richiesta.<br>La Societ\u00e0 adotter\u00e0 le misure appropriate dopo aver verificato che la richiesta \u00e8 stata fatta dal soggetto in questione. Nel caso in cui sia necessario inviare un elevato volume di documenti cartacei o quando il supporto elettronico da fornire \u00e8 costoso, ecc. <\/p><h3><strong>12. Risposta alla fuga di dati personali, ecc.<\/strong><\/h3><p>Nel caso in cui si sia verificata o possa verificarsi una perdita, ecc. di Dati personali conservati dall&#8217;Azienda, l&#8217;Azienda adotter\u00e0 immediatamente misure per contenere il danno, indagare sui fatti, identificare la causa, individuare la portata dell&#8217;impatto e adottare misure preventive.<\/p><p>Inoltre, in caso di fuga di informazioni personali di particolare importanza o in caso di rischio significativo di danno ai diritti o agli interessi di un individuo, l&#8217;Azienda informer\u00e0 la Commissione per la protezione dei dati personali e l&#8217;individuo i cui dati personali sono stati divulgati.<\/p><h3><strong>13. Protezione dei dati personali sui siti web collegati<\/strong><\/h3><p>Il sito web della Societ\u00e0 pu\u00f2 contenere link a siti web di terzi. Sebbene la Societ\u00e0 prenda ragionevoli precauzioni per garantire che tali link non siano dannosi, essi non fanno parte del sito web della Societ\u00e0 e saranno pertanto trattati in modo diverso dal sito web della Societ\u00e0 ai sensi della presente Informativa sulla privacy. Ti invitiamo a consultare l&#8217;informativa sulla privacy del sito web collegato per quanto riguarda la protezione dei dati personali su tale sito.  <\/p><h3><strong>14. Modifiche alla presente Informativa sulla privacy<\/strong><\/h3><p>La Societ\u00e0 pu\u00f2 modificare la presente Informativa sulla privacy in risposta a modifiche delle leggi e dei regolamenti applicabili, ecc. e a modifiche delle politiche della Societ\u00e0. Ti invitiamo a controllare la data riportata all&#8217;inizio della presente Informativa sulla privacy per verificare se sono state apportate modifiche. <\/p><h3><strong>15. Giurisdizione<\/strong><\/h3><p>Il tribunale di prima istanza per tutte le controversie relative alla presente Informativa sulla privacy sar\u00e0 il tribunale di competenza esclusiva del luogo in cui si trova la sede centrale della Societ\u00e0.<\/p><h3><strong>16. Contatti per richieste di divulgazione, indagini e reclami<\/strong><\/h3><p>La Societ\u00e0 ha istituito un punto di contatto per tutte le richieste relative alle Informazioni personali. In caso di domande o reclami sulla gestione delle Informazioni personali da parte della Societ\u00e0, o se desideri fare una richiesta per uno qualsiasi degli elementi elencati in &#8220;11. Divulgazione delle informazioni, correzione, cessazione dell&#8217;utilizzo, ecc: <\/p><p><strong>Contatti per informazioni personali<\/strong><br>Indirizzo e-mail:<span style=\"color: #8ce128;\"> <a style=\"color: #8ce128;\" href=\"mailto:dgs-marketing@dgshape.com\">dgs-marketing@dgshape.com<\/a><\/span><\/p>\t\t\t\t\t\t\t\t<\/div>\n\t\t\t\t<\/div>\n\t\t\t\t<\/div>\n\t\t\t\t\t<\/div>\n\t\t\t\t<\/div>\n\t\t\t\t<\/div>\n\t\t","protected":false},"excerpt":{"rendered":"<p>Informativa sulla privacy 1 aprile 2022 DGSHAPE Corporation (di seguito &#8220;l&#8217;Azienda&#8221;) ha stabilito la &#8220;Politica di base sulla protezione dei dati personali&#8221; e si impegna a gestire e proteggere i dati personali in modo appropriato. La presente Informativa sulla Privacy sar\u00e0 interpretata in conformit\u00e0 alle leggi del Giappone. 1. Politica di base sulla protezione dei [&hellip;]<\/p>\n","protected":false},"author":1,"featured_media":0,"parent":0,"menu_order":0,"comment_status":"closed","ping_status":"closed","template":"elementor_header_footer","meta":{"footnotes":""},"class_list":["post-58907","page","type-page","status-publish","hentry"],"aioseo_notices":[],"_links":{"self":[{"href":"https:\/\/dgshape.com\/it\/wp-json\/wp\/v2\/pages\/58907","targetHints":{"allow":["GET"]}}],"collection":[{"href":"https:\/\/dgshape.com\/it\/wp-json\/wp\/v2\/pages"}],"about":[{"href":"https:\/\/dgshape.com\/it\/wp-json\/wp\/v2\/types\/page"}],"author":[{"embeddable":true,"href":"https:\/\/dgshape.com\/it\/wp-json\/wp\/v2\/users\/1"}],"replies":[{"embeddable":true,"href":"https:\/\/dgshape.com\/it\/wp-json\/wp\/v2\/comments?post=58907"}],"version-history":[{"count":1,"href":"https:\/\/dgshape.com\/it\/wp-json\/wp\/v2\/pages\/58907\/revisions"}],"predecessor-version":[{"id":58910,"href":"https:\/\/dgshape.com\/it\/wp-json\/wp\/v2\/pages\/58907\/revisions\/58910"}],"wp:attachment":[{"href":"https:\/\/dgshape.com\/it\/wp-json\/wp\/v2\/media?parent=58907"}],"curies":[{"name":"wp","href":"https:\/\/api.w.org\/{rel}","templated":true}]}}