{"id":58876,"date":"2025-04-16T09:27:55","date_gmt":"2025-04-16T09:27:55","guid":{"rendered":"https:\/\/dgshape.com\/?page_id=58876"},"modified":"2025-11-27T15:30:08","modified_gmt":"2025-11-27T15:30:08","slug":"informativa-sulla-privacy-gdpr","status":"publish","type":"page","link":"https:\/\/dgshape.com\/it\/informativa-sulla-privacy-gdpr\/","title":{"rendered":"Informativa sulla privacy GDPR"},"content":{"rendered":"\t\t<div data-elementor-type=\"wp-page\" data-elementor-id=\"58876\" class=\"elementor elementor-58876 elementor-10229\" data-elementor-post-type=\"page\">\n\t\t\t\t<div class=\"elementor-element elementor-element-a5b3f93 e-flex e-con-boxed e-con e-parent\" data-id=\"a5b3f93\" data-element_type=\"container\" data-e-type=\"container\" data-settings=\"{&quot;background_background&quot;:&quot;classic&quot;}\">\n\t\t\t\t\t<div class=\"e-con-inner\">\n\t\t<div class=\"elementor-element elementor-element-3e75c4b e-con-full e-flex e-con e-child\" data-id=\"3e75c4b\" data-element_type=\"container\" data-e-type=\"container\" data-settings=\"{&quot;background_background&quot;:&quot;classic&quot;}\">\n\t\t\t\t<div class=\"elementor-element elementor-element-fd40dc6 elementor-widget elementor-widget-text-editor\" data-id=\"fd40dc6\" data-element_type=\"widget\" data-e-type=\"widget\" data-widget_type=\"text-editor.default\">\n\t\t\t\t<div class=\"elementor-widget-container\">\n\t\t\t\t\t\t\t\t\t<p>Informativa sulla privacy GDPR<\/p>\t\t\t\t\t\t\t\t<\/div>\n\t\t\t\t<\/div>\n\t\t\t\t<div class=\"elementor-element elementor-element-580596f elementor-widget elementor-widget-text-editor\" data-id=\"580596f\" data-element_type=\"widget\" data-e-type=\"widget\" data-widget_type=\"text-editor.default\">\n\t\t\t\t<div class=\"elementor-widget-container\">\n\t\t\t\t\t\t\t\t\t<p style=\"text-align: right;\">Revisionato: 1 aprile 2022<\/p><p><strong>La presente Informativa sulla privacy \u00e8 applicabile alle persone cui si applica il Regolamento generale sulla protezione dei dati dell&#8217;UE (&#8220;GDPR&#8221;).<\/strong><\/p><p>DGSHAPE Corporation (&#8220;DGSHAPE&#8221;), in qualit\u00e0 di titolare del trattamento dei dati personali, si impegna a salvaguardare la privacy degli individui di cui tratta i dati personali, compresi i visitatori del nostro sito web. La presente Informativa sulla privacy illustra le modalit\u00e0 di raccolta, condivisione e utilizzo dei tuoi dati personali e le modalit\u00e0 di esercizio dei tuoi diritti alla privacy. <\/p><p>Il rappresentante di DGSHAPE ai fini della legge sulla protezione dei dati nell&#8217;UE \u00e8 Roland DG EMEA N.V. Se hai domande o dubbi sull&#8217;utilizzo dei tuoi dati personali da parte nostra, contattaci o il nostro rappresentante nell&#8217;UE utilizzando i dettagli di contatto forniti nella sezione &#8220;12. Come contattarci&#8221; di seguito. <\/p><h3><strong>1. Quali informazioni raccogliamo?<\/strong><\/h3><p>Le informazioni personali che possiamo raccogliere, archiviare e utilizzare sui visitatori del nostro sito web, sui clienti, sui rivenditori DGSHAPE, sui contatti, sui tecnici dell&#8217;assistenza, tra gli altri (&#8220;tu&#8221;) rientrano in linea di massima nelle seguenti categorie:<\/p><p><strong>(a) Informazioni fornite volontariamente<br><\/strong>Potremmo chiederti di fornire volontariamente informazioni personali: ad esempio, potremmo chiederti di fornire il tuo nome e i tuoi dati di contatto (ad esempio, nome della societ\u00e0, indirizzo, numero di telefono e indirizzo e-mail) per registrare un account con noi, per abbonarti alle nostre comunicazioni di marketing e\/o per inviarci richieste di informazioni. I dati personali che ti vengono richiesti e i motivi per cui ti vengono richiesti ti saranno chiariti nel momento in cui ti chiediamo di fornire i tuoi dati personali. <\/p><p><strong>(b) Informazioni che raccogliamo automaticamente<br><\/strong>Quando visiti il nostro sito web, potremmo raccogliere automaticamente alcune informazioni dal tuo dispositivo. In alcuni paesi, tra cui quelli dello Spazio Economico Europeo, queste informazioni possono essere considerate dati personali ai sensi delle leggi vigenti in materia di protezione dei dati. In particolare, le informazioni che raccogliamo automaticamente possono includere informazioni come l&#8217;indirizzo IP, la posizione geografica (ad es. paese o citt\u00e0), il tipo e la versione del browser, il sistema operativo, la fonte di riferimento, la durata della visita, le visualizzazioni delle pagine e la navigazione del sito web.<br>La raccolta di queste informazioni ci permette di capire meglio i visitatori che arrivano sul nostro sito web, da dove provengono e quali contenuti del nostro sito web sono di loro interesse. Utilizziamo queste informazioni per i nostri scopi di analisi interna e per migliorare la qualit\u00e0 e la rilevanza del nostro sito web per i nostri visitatori.<br>Alcune di queste informazioni possono essere raccolte utilizzando cookie e tecnologie di tracciamento simili, come spiegato pi\u00f9 avanti nella sezione &#8220;2. Cookie e tecnologie di tracciamento simili&#8221;.   <\/p><p><strong>(c) Informazioni che otteniamo da fonti terze<br><\/strong>Di tanto in tanto, potremmo ricevere informazioni personali su di te da fonti terze (ad esempio, da altre entit\u00e0 del gruppo Roland DG, da broker di dati, venditori di mostre e fornitori di elenchi), ma solo se abbiamo verificato che queste terze parti abbiano il tuo consenso o siano altrimenti legalmente autorizzate o obbligate a rivelarci le tue informazioni personali.<br>I tipi di informazioni che raccogliamo da terze parti possono includere, ad esempio, nome, titolo di lavoro, dettagli di contatto. Utilizziamo le informazioni ricevute da queste terze parti per comunicare informazioni e offerte sui nostri prodotti e servizi o per mantenere o migliorare l&#8217;accuratezza dei dati in nostro possesso. <\/p><h3><strong>2. Cookie e tecnologie di tracciamento simili<\/strong><\/h3><p>Utilizziamo cookie e tecnologie di tracciamento simili (collettivamente, &#8220;cookie&#8221;) per raccogliere e utilizzare informazioni personali sull&#8217;utente. Per ulteriori informazioni sui tipi di cookie che utilizziamo, sul perch\u00e9 e su come puoi controllarli, consulta la nostra <a href=\"\/it\/?page_id=58689\">Informativa sui cookie<\/a>. <\/p><h3><strong>3. Perch\u00e9 utilizziamo i tuoi dati personali<\/strong><\/h3><p>Le informazioni personali inviateci saranno utilizzate per gli scopi specificati nella presente Informativa sulla privacy o nelle parti pertinenti del sito web.<br>Possiamo utilizzare le tue informazioni personali per:<\/p><ol type=\"a\"><li>amministrare il sito web;<\/li><li>migliorare la tua esperienza di navigazione personalizzando il sito web;<\/li><li>consentire l&#8217;utilizzo dei servizi disponibili sul sito web;<\/li><li>inviarti e-mail di servizio;<\/li><li>inviarti notifiche via e-mail che hai espressamente richiesto;<\/li><li>organizzare eventi, promuovere le nostre organizzazioni, anche pubblicando contenuti pertinenti (ad esempio, blog o interviste), inviarti la nostra newsletter e altre comunicazioni di marketing relative alla nostra attivit\u00e0 o a quella di terzi accuratamente selezionati che riteniamo possano essere di tuo interesse per posta o, laddove tu abbia specificamente acconsentito, tramite e-mail o tecnologie simili (puoi informarci in qualsiasi momento se non desideri pi\u00f9 ricevere comunicazioni di marketing);<\/li><li>fornire a terzi informazioni statistiche sui nostri utenti, ma queste informazioni non saranno utilizzate per identificare alcun utente;<\/li><li>gestire le richieste di informazioni e i reclami presentati da o su di te in relazione al sito web; e<\/li><li>riflettere le opinioni dei clienti nello sviluppo dei prodotti o nel miglioramento o sviluppo dei servizi.<\/li><\/ol><p>Qualora l&#8217;utente invii informazioni personali per la pubblicazione sul nostro sito web, pubblicheremo e utilizzeremo in altro modo tali informazioni in conformit\u00e0 con i termini della presente Informativa sulla privacy.<\/p><p>Non forniremo i tuoi dati personali a terzi per scopi di marketing diretto senza il tuo consenso, ove richiesto.<\/p><h3><strong>4. Con chi condividiamo i tuoi dati personali?<\/strong><\/h3><p>Possiamo divulgare i tuoi dati personali alle seguenti categorie di destinatari:<\/p><ol type=\"a\"><li>alle societ\u00e0 del nostro gruppo, ai fornitori di servizi di terze parti e ai partner che ci forniscono servizi di elaborazione dei dati (ad esempio, per supportare la fornitura, fornire funzionalit\u00e0 o contribuire a migliorare la sicurezza del nostro sito web), o che elaborano in altro modo i dati personali per gli scopi indicati nella presente Informativa sulla privacy o notificati all&#8217;utente quando raccogliamo i suoi dati personali;<\/li><li>a qualsiasi organo competente per l&#8217;applicazione della legge, ente normativo, agenzia governativa, tribunale o altra terza parte, qualora riteniamo che la divulgazione sia necessaria (i) per una questione di legge o regolamento applicabile, (ii) per esercitare, stabilire o difendere i nostri diritti legali, o (iii) per proteggere i tuoi interessi vitali o quelli di qualsiasi altra persona;\/li   &gt;<\/li><li>all&#8217;acquirente (o al potenziale acquirente) e ai suoi agenti e consulenti in relazione a qualsiasi acquisto, fusione o acquisizione, effettiva o proposta, di qualsiasi attivit\u00e0 o bene, a condizione che informiamo l&#8217;acquirente che deve utilizzare le tue informazioni personali solo per gli scopi indicati nella presente Informativa sulla privacy; e\/li&gt;<\/li><li>a qualsiasi altra persona con il tuo consenso alla divulgazione.<\/li><li> <\/li><\/ol><h3><strong>5. Base giuridica per il trattamento dei dati personali<\/strong><\/h3><p>La nostra base giuridica per la raccolta e l&#8217;utilizzo dei dati personali sopra descritti dipender\u00e0 dai dati personali in questione e dal contesto specifico in cui li raccogliamo.<\/p><p>Tuttavia, di norma raccoglieremo i tuoi dati personali solo (i) se ne abbiamo bisogno per eseguire un contratto con te, (ii) se il trattamento \u00e8 nel nostro legittimo interesse e non \u00e8 prevalente sui tuoi diritti, o (iii) se abbiamo il tuo consenso a farlo. In alcuni casi, potremmo anche avere l&#8217;obbligo legale di raccogliere i tuoi dati personali o potremmo avere bisogno dei dati personali per proteggere i tuoi interessi vitali o quelli di un&#8217;altra persona.    <\/p><p>Se ti chiediamo di fornire informazioni personali per adempiere a un obbligo di legge o per eseguire un contatto con te, lo chiariremo al momento opportuno e ti informeremo se la fornitura dei tuoi dati personali \u00e8 obbligatoria o meno (nonch\u00e9 delle possibili conseguenze se non fornisci i tuoi dati personali).<\/p><p>Se raccogliamo e utilizziamo i tuoi dati personali in base ai nostri legittimi interessi (o a quelli di terzi), tali interessi saranno normalmente quelli di gestire la nostra piattaforma e di comunicare con te come necessario per fornirti i nostri servizi e per i nostri legittimi interessi commerciali, ad esempio per rispondere alle tue richieste, migliorare la nostra piattaforma o fare marketing. Potremmo avere altri interessi legittimi e, se del caso, ti chiariremo al momento opportuno quali sono questi interessi legittimi. <\/p><p>Se hai domande o hai bisogno di ulteriori informazioni sulla base giuridica in base alla quale raccogliamo e utilizziamo i tuoi dati personali, ti preghiamo di contattarci utilizzando i dettagli di contatto forniti nella sezione &#8220;12. Come contattarci&#8221; qui sotto.<\/p><h3><strong>6. Trasferimenti internazionali di dati<\/strong><\/h3><p>Le tue informazioni personali possono essere trasferite, elaborate e trasferite tra i paesi in cui noi o i nostri fornitori di servizi e partner operiamo per consentirci di utilizzare le informazioni in conformit\u00e0 con la presente Informativa sulla privacy. Questi paesi potrebbero essere diversi dal paese in cui risiedi e avere leggi sulla protezione dei dati diverse da quelle del tuo paese. <\/p><p>Tuttavia, abbiamo adottato misure di sicurezza adeguate per garantire che i tuoi dati personali rimangano protetti in conformit\u00e0 con la presente Informativa sulla privacy.<\/p><h3><strong>7. Sicurezza dei tuoi dati personali<\/strong><\/h3><p>Utilizzeremo misure tecniche e organizzative adeguate per proteggere le informazioni personali che raccogliamo ed elaboriamo su di te. Le misure che utilizziamo sono progettate per fornire un livello di sicurezza adeguato al rischio di trattamento dei tuoi dati personali. <\/p><h3><strong>8. Conservazione dei dati<\/strong><\/h3><p>Conserviamo i dati personali che raccogliamo da te quando abbiamo una legittima necessit\u00e0 di farlo (ad esempio, per fornirti un servizio che hai richiesto o per rispettare i requisiti legali, fiscali o contabili applicabili).<\/p><p>Quando non avremo pi\u00f9 bisogno di trattare i tuoi dati personali, li cancelleremo o li renderemo anonimi oppure, se ci\u00f2 non fosse possibile (ad esempio perch\u00e9 i tuoi dati personali sono stati archiviati in archivi di backup), conserveremo i tuoi dati personali in modo sicuro e li isoleremo da qualsiasi ulteriore trattamento fino a quando non sar\u00e0 possibile cancellarli.<\/p><h3><strong>9. Modifiche alla presente Informativa sulla privacy<\/strong><\/h3><p>Potremmo aggiornare periodicamente la presente Informativa sulla privacy in risposta a sviluppi legali, tecnici o commerciali. Quando aggiorneremo la nostra Informativa sulla privacy, adotteremo misure appropriate per informarti, in linea con l&#8217;importanza delle modifiche apportate. Otterremo il consenso dell&#8217;utente per qualsiasi modifica sostanziale dell&#8217;Informativa sulla privacy se e dove ci\u00f2 sia richiesto dalle leggi applicabili in materia di protezione dei dati.  <\/p><h3><strong>10. I tuoi diritti di protezione dei dati<\/strong><\/h3><p>Hai i seguenti diritti in materia di protezione dei dati:<\/p><ul><li>Se desideri accedere, correggere, aggiornare o richiedere la cancellazione dei tuoi dati personali, puoi farlo in qualsiasi momento contattandoci utilizzando i dettagli di contatto forniti alla voce &#8220;12. Come contattarci&#8221;.<\/li><li>Inoltre, puoi opporti al trattamento dei tuoi dati personali, chiederci di limitare il trattamento dei tuoi dati personali o richiedere la portabilit\u00e0 dei tuoi dati personali. Anche in questo caso, puoi esercitare questi diritti contattandoci utilizzando i dettagli di contatto forniti alla voce &#8220;12. Come contattarci&#8221;. <\/li><li>Se abbiamo raccolto e trattato i tuoi dati personali con il tuo consenso, puoi ritirare il tuo consenso in qualsiasi momento. La revoca del consenso non pregiudica la liceit\u00e0 di qualsiasi trattamento da noi effettuato prima della revoca, n\u00e9 pregiudica il trattamento dei tuoi dati personali effettuato sulla base di motivi di trattamento legittimi diversi dal consenso. <\/li><li>Hai il diritto di presentare un reclamo a un&#8217;autorit\u00e0 per la protezione dei dati in merito alla raccolta e all&#8217;utilizzo dei tuoi dati personali da parte nostra. Per maggiori informazioni, contatta l&#8217;autorit\u00e0 locale per la protezione dei dati. <\/li><\/ul><p>Rispondiamo a tutte le richieste che riceviamo da persone che desiderano esercitare i loro diritti di protezione dei dati in conformit\u00e0 con le leggi vigenti in materia. Dopo aver inviato la richiesta, potremmo chiederti di fornire una prova della tua identit\u00e0 per confermare i tuoi dati. <\/p><h3><strong>11. Siti web di terze parti<\/strong><\/h3><p>Il sito web contiene link ad altri siti web. Non siamo responsabili delle politiche sulla privacy o delle pratiche dei siti web di terzi. <\/p><h3><strong>12. Come contattarci<\/strong><\/h3><p>Per richieste di informazioni sui tuoi dati personali, o per richiedere di non fornire pi\u00f9 i tuoi dati personali a terzi, o per richiedere la divulgazione o la correzione dei tuoi dati personali, ecc:<\/p><p><strong>Ufficio Informazioni Personali<\/strong><br>DGSHAPE Corporation<br>1-1-2 Shinmiyakoda, Hamana-ku, Hamamatsu-shi, Shizuoka-ken<br>431-2103 JAPAN<br>E-mail:<span style=\"color: #8ce128;\"> <a style=\"color: #8ce128;\" href=\"mailto:dgs-marketing@dgshape.com\">dgs-marketing@dgshape.com<\/a><\/span><\/p><p><strong>Rappresentante UE di DGSHAPE<\/strong><br>Roland DG EMEA N.V.<br>Bell Telephonelaan 2G, 2440 Geel, Belgio<br>E-mail: <span style=\"color: #8ce128;\"><a style=\"color: #8ce128;\" href=\"mailto:emea-gdpr@rolanddg.com\">emea-gdpr@rolanddg.com<\/a><\/span><\/p><p><strong>Informativa sulla privacy locale EMEA<br><\/strong>Spagna <span style=\"color: #8ce128;\"> <a style=\"color: #8ce128;\" href=\"https:\/\/www.rolanddg.eu\/es-es\/empresa\/privacy-notice\">https:\/\/www.rolanddg.eu\/es-es\/empresa\/privacy-notice<\/a><\/span><br>Italia <span style=\"color: #8ce128;\"><a style=\"color: #8ce128;\" href=\"https:\/\/www.rolanddg.eu\/it\/azienda\/privacy-notice\">https:\/\/www.rolanddg.eu\/it\/azienda\/privacy-notice<\/a><\/span><br>REGNO UNITO <span style=\"color: #8ce128;\"><a style=\"color: #8ce128;\" href=\"https:\/\/www.rolanddg.eu\/en-gb\/company\/privacy-notice\">https:\/\/www.rolanddg.eu\/en-gb\/company\/privacy-notice<\/a><\/span><br>Francia <span style=\"color: #8ce128;\"><a style=\"color: #8ce128;\" href=\"https:\/\/www.rolanddg.eu\/fr\/notre-entreprise\/privacy-notice\">https:\/\/www.rolanddg.eu\/fr\/notre-entreprise\/privacy-notice<\/a><\/span><br>Germania <span style=\"color: #8ce128;\"><a style=\"color: #8ce128;\" href=\"https:\/\/www.rolanddg.eu\/de\/uber-uns\/privacy-notice\">https:\/\/www.rolanddg.eu\/de\/uber-uns\/privacy-notice<\/a><\/span><br>Russia <span style=\"color: #8ce128;\"><a style=\"color: #8ce128;\" href=\"https:\/\/www.rolanddg.eu\/ru\/uznajte-podrobnee-o-kompanii-roland-dg-north-europe\/privacy-notice\">https:\/\/www.rolanddg.eu\/ru\/uznajte-podrobnee-o-kompanii-roland-dg-north-europe\/privacy-notice<\/a><\/span><br>Paesi Bassi        <span style=\"color: #8ce128;\"><a style=\"color: #8ce128;\" href=\"https:\/\/www.rolanddg.eu\/nl\/bedrijf\/privacy-notice\">https:\/\/www.rolanddg.eu\/nl\/bedrijf\/privacy-notice<\/a><\/span><\/p>\t\t\t\t\t\t\t\t<\/div>\n\t\t\t\t<\/div>\n\t\t\t\t<\/div>\n\t\t\t\t\t<\/div>\n\t\t\t\t<\/div>\n\t\t\t\t<\/div>\n\t\t","protected":false},"excerpt":{"rendered":"<p>Informativa sulla privacy GDPR Revisionato: 1 aprile 2022 La presente Informativa sulla privacy \u00e8 applicabile alle persone cui si applica il Regolamento generale sulla protezione dei dati dell&#8217;UE (&#8220;GDPR&#8221;). DGSHAPE Corporation (&#8220;DGSHAPE&#8221;), in qualit\u00e0 di titolare del trattamento dei dati personali, si impegna a salvaguardare la privacy degli individui di cui tratta i dati personali, [&hellip;]<\/p>\n","protected":false},"author":1,"featured_media":0,"parent":0,"menu_order":0,"comment_status":"closed","ping_status":"closed","template":"elementor_header_footer","meta":{"footnotes":""},"class_list":["post-58876","page","type-page","status-publish","hentry"],"aioseo_notices":[],"_links":{"self":[{"href":"https:\/\/dgshape.com\/it\/wp-json\/wp\/v2\/pages\/58876","targetHints":{"allow":["GET"]}}],"collection":[{"href":"https:\/\/dgshape.com\/it\/wp-json\/wp\/v2\/pages"}],"about":[{"href":"https:\/\/dgshape.com\/it\/wp-json\/wp\/v2\/types\/page"}],"author":[{"embeddable":true,"href":"https:\/\/dgshape.com\/it\/wp-json\/wp\/v2\/users\/1"}],"replies":[{"embeddable":true,"href":"https:\/\/dgshape.com\/it\/wp-json\/wp\/v2\/comments?post=58876"}],"version-history":[{"count":2,"href":"https:\/\/dgshape.com\/it\/wp-json\/wp\/v2\/pages\/58876\/revisions"}],"predecessor-version":[{"id":76705,"href":"https:\/\/dgshape.com\/it\/wp-json\/wp\/v2\/pages\/58876\/revisions\/76705"}],"wp:attachment":[{"href":"https:\/\/dgshape.com\/it\/wp-json\/wp\/v2\/media?parent=58876"}],"curies":[{"name":"wp","href":"https:\/\/api.w.org\/{rel}","templated":true}]}}