{"id":57913,"date":"2025-04-09T11:42:13","date_gmt":"2025-04-09T11:42:13","guid":{"rendered":"https:\/\/dgshape.com\/?page_id=57913"},"modified":"2026-01-19T13:18:05","modified_gmt":"2026-01-19T13:18:05","slug":"demande-de-devis","status":"publish","type":"page","link":"https:\/\/dgshape.com\/fr\/demande-de-devis\/","title":{"rendered":"Demande de devis"},"content":{"rendered":"\t\t<div data-elementor-type=\"wp-page\" data-elementor-id=\"57913\" class=\"elementor elementor-57913 elementor-10641\" data-elementor-post-type=\"page\">\n\t\t\t\t<div class=\"elementor-element elementor-element-2ac64ab e-flex e-con-boxed e-con e-parent\" data-id=\"2ac64ab\" data-element_type=\"container\" data-e-type=\"container\">\n\t\t\t\t\t<div class=\"e-con-inner\">\n\t\t<div class=\"elementor-element elementor-element-2db1ad5 e-con-full e-flex e-con e-child\" data-id=\"2db1ad5\" data-element_type=\"container\" data-e-type=\"container\">\n\t\t\t\t<div class=\"elementor-element elementor-element-b38b88b elementor-widget elementor-widget-template\" data-id=\"b38b88b\" data-element_type=\"widget\" data-e-type=\"widget\" data-widget_type=\"template.default\">\n\t\t\t\t<div class=\"elementor-widget-container\">\n\t\t\t\t\t\t\t<div class=\"elementor-template\">\n\t\t\t\t\t<div data-elementor-type=\"section\" data-elementor-id=\"57661\" class=\"elementor elementor-57661 elementor-13390 elementor-13390\" data-elementor-post-type=\"elementor_library\">\n\t\t\t<div class=\"elementor-element elementor-element-26acaf7 e-con-full e-flex e-con e-parent\" data-id=\"26acaf7\" data-element_type=\"container\" data-e-type=\"container\">\n\t\t<div class=\"elementor-element elementor-element-5252953 e-con-full e-flex e-con e-child\" data-id=\"5252953\" data-element_type=\"container\" data-e-type=\"container\">\n\t\t\t\t<div class=\"elementor-element elementor-element-edb1b6e elementor-hidden-tablet elementor-hidden-mobile elementor-widget elementor-widget-heading\" data-id=\"edb1b6e\" data-element_type=\"widget\" data-e-type=\"widget\" data-widget_type=\"heading.default\">\n\t\t\t\t<div class=\"elementor-widget-container\">\n\t\t\t\t\t<h2 class=\"elementor-heading-title elementor-size-default\">Nos revendeurs agr\u00e9\u00e9s DGSHAPE sont soigneusement s\u00e9lectionn\u00e9s et offrent une expertise sup\u00e9rieure et des conseils sur mesure pour toute une gamme de produits et de services DGSHAPE.<\/h2>\t\t\t\t<\/div>\n\t\t\t\t<\/div>\n\t\t<div class=\"elementor-element elementor-element-32a83a3 e-flex e-con-boxed e-con e-child\" data-id=\"32a83a3\" data-element_type=\"container\" data-e-type=\"container\" data-settings=\"{&quot;background_background&quot;:&quot;classic&quot;}\">\n\t\t\t\t\t<div class=\"e-con-inner\">\n\t\t\t\t<div class=\"elementor-element elementor-element-e21dcdc elementor-hidden-tablet elementor-hidden-mobile elementor-widget elementor-widget-image\" data-id=\"e21dcdc\" data-element_type=\"widget\" data-e-type=\"widget\" data-widget_type=\"image.default\">\n\t\t\t\t<div class=\"elementor-widget-container\">\n\t\t\t\t\t\t\t\t\t\t\t\t\t\t\t<img fetchpriority=\"high\" decoding=\"async\" width=\"800\" height=\"800\" src=\"https:\/\/dgshape.com\/wp-content\/uploads\/2024\/07\/shot-of-a-group-of-businesspeople-working-in-a-cal-2023-11-27-05-26-28-utc-31-1024x1024.png\" class=\"attachment-large size-large wp-image-13379\" alt=\"\" srcset=\"https:\/\/dgshape.com\/wp-content\/uploads\/2024\/07\/shot-of-a-group-of-businesspeople-working-in-a-cal-2023-11-27-05-26-28-utc-31-1024x1024.png 1024w, https:\/\/dgshape.com\/wp-content\/uploads\/2024\/07\/shot-of-a-group-of-businesspeople-working-in-a-cal-2023-11-27-05-26-28-utc-31-300x300.png 300w, https:\/\/dgshape.com\/wp-content\/uploads\/2024\/07\/shot-of-a-group-of-businesspeople-working-in-a-cal-2023-11-27-05-26-28-utc-31-150x150.png 150w, https:\/\/dgshape.com\/wp-content\/uploads\/2024\/07\/shot-of-a-group-of-businesspeople-working-in-a-cal-2023-11-27-05-26-28-utc-31-768x768.png 768w, https:\/\/dgshape.com\/wp-content\/uploads\/2024\/07\/shot-of-a-group-of-businesspeople-working-in-a-cal-2023-11-27-05-26-28-utc-31.png 1191w\" sizes=\"(max-width: 800px) 100vw, 800px\" \/>\t\t\t\t\t\t\t\t\t\t\t\t\t\t\t<\/div>\n\t\t\t\t<\/div>\n\t\t\t\t\t<\/div>\n\t\t\t\t<\/div>\n\t\t<div class=\"elementor-element elementor-element-d082c8f e-con-full e-flex e-con e-child\" data-id=\"d082c8f\" data-element_type=\"container\" data-e-type=\"container\">\n\t\t\t\t<div class=\"elementor-element elementor-element-037bb61 elementor-hidden-desktop elementor-widget elementor-widget-heading\" data-id=\"037bb61\" data-element_type=\"widget\" data-e-type=\"widget\" data-widget_type=\"heading.default\">\n\t\t\t\t<div class=\"elementor-widget-container\">\n\t\t\t\t\t<h2 class=\"elementor-heading-title elementor-size-default\">Nos revendeurs agr\u00e9\u00e9s DGSHAPE sont soigneusement s\u00e9lectionn\u00e9s et offrent une expertise sup\u00e9rieure et des conseils sur mesure pour toute une gamme de produits et de services DGSHAPE.<\/h2>\t\t\t\t<\/div>\n\t\t\t\t<\/div>\n\t\t\t\t<div class=\"elementor-element elementor-element-0950fab elementor-widget elementor-widget-text-editor\" data-id=\"0950fab\" data-element_type=\"widget\" data-e-type=\"widget\" data-widget_type=\"text-editor.default\">\n\t\t\t\t<div class=\"elementor-widget-container\">\n\t\t\t\t\t\t\t\t\t<strong>En remplissant le formulaire, nous nous assurons<\/strong>\t\t\t\t\t\t\t\t<\/div>\n\t\t\t\t<\/div>\n\t\t\t\t<div class=\"elementor-element elementor-element-af7923a elementor-widget elementor-widget-text-editor\" data-id=\"af7923a\" data-element_type=\"widget\" data-e-type=\"widget\" data-widget_type=\"text-editor.default\">\n\t\t\t\t<div class=\"elementor-widget-container\">\n\t\t\t\t\t\t\t\t\t<ul><li>Contact rapide avec les revendeurs<\/li><li>Recherche d&rsquo;un concessionnaire expert pour votre pays<\/li><li>Recherche de concessionnaires pour gagner du temps<\/li><li>Produits et services authentiques de DGSHAPE<\/li><\/ul>\t\t\t\t\t\t\t\t<\/div>\n\t\t\t\t<\/div>\n\t\t\t\t<\/div>\n\t\t<div class=\"elementor-element elementor-element-d113198 e-con-full elementor-hidden-tablet elementor-hidden-mobile e-flex e-con e-child\" data-id=\"d113198\" data-element_type=\"container\" data-e-type=\"container\" data-settings=\"{&quot;background_background&quot;:&quot;classic&quot;}\">\n\t\t\t\t<div class=\"elementor-element elementor-element-7099025 elementor-widget elementor-widget-heading\" data-id=\"7099025\" data-element_type=\"widget\" data-e-type=\"widget\" data-widget_type=\"heading.default\">\n\t\t\t\t<div class=\"elementor-widget-container\">\n\t\t\t\t\t<h2 class=\"elementor-heading-title elementor-size-default\">Vous avez besoin d'une <span style=\"color:#ffffff\">assistance technique<\/span> pour votre fraiseuse DWX ?<\/h2>\t\t\t\t<\/div>\n\t\t\t\t<\/div>\n\t\t\t\t<div class=\"elementor-element elementor-element-db89276 elementor-widget elementor-widget-text-editor\" data-id=\"db89276\" data-element_type=\"widget\" data-e-type=\"widget\" data-widget_type=\"text-editor.default\">\n\t\t\t\t<div class=\"elementor-widget-container\">\n\t\t\t\t\t\t\t\t\t<p>Allez sur la <strong>page DGSHAPE Care pour obtenir<\/strong> <strong>toute l&rsquo;assistance<\/strong> et les <strong>informations<\/strong> dont vous avez besoin pour vos fraiseuses DWX.<br><br><strong>Chattez avec notre \u00e9quipe d\u00e9di\u00e9e<\/strong> pour obtenir une assistance rapide et fiable avec vos machines DWX et DGSHAPE CLOUD.<\/p>\t\t\t\t\t\t\t\t<\/div>\n\t\t\t\t<\/div>\n\t\t\t\t<div class=\"elementor-element elementor-element-845358a elementor-align-center elementor-widget elementor-widget-button\" data-id=\"845358a\" data-element_type=\"widget\" data-e-type=\"widget\" data-widget_type=\"button.default\">\n\t\t\t\t<div class=\"elementor-widget-container\">\n\t\t\t\t\t\t\t\t\t<div class=\"elementor-button-wrapper\">\n\t\t\t\t\t<a class=\"elementor-button elementor-button-link elementor-size-sm\" href=\"https:\/\/dgshape.com\/dgshape-care\/\">\n\t\t\t\t\t\t<span class=\"elementor-button-content-wrapper\">\n\t\t\t\t\t\t\t\t\t<span class=\"elementor-button-text\">ALLER \u00c0 DGSHAPE CARE<\/span>\n\t\t\t\t\t<\/span>\n\t\t\t\t\t<\/a>\n\t\t\t\t<\/div>\n\t\t\t\t\t\t\t\t<\/div>\n\t\t\t\t<\/div>\n\t\t\t\t<\/div>\n\t\t\t\t<\/div>\n\t\t\t\t<div class=\"elementor-element elementor-element-f6f1982 elementor-widget__width-initial elementor-widget elementor-widget-html\" data-id=\"f6f1982\" data-element_type=\"widget\" data-e-type=\"widget\" data-widget_type=\"html.default\">\n\t\t\t\t<div class=\"elementor-widget-container\">\n\t\t\t\t\t<iframe width=\"100%\" height=\"1400\" src=\"https:\/\/55a27619.sibforms.com\/serve\/MUIFAE0ev0wNV4UpeMOXERjDkUh1lLOLCivQMgUKEIqpzQ4YWSbzI-ZFfbQcJ8yKByks05wBZOH1tHhdVtgetGDNyr_uatwkwkl0VWUK9MLpy0S_zt5YWF7BbgUWZjPRppH8Se1AIv7uKvtqQqt3_mtpefhV59NmEstnJct9jjI70YrdJbjNmjo85Hz9oRyJBxh4KIaXYgq4zxKU\" frameborder=\"0\" scrolling=\"auto\" allowfullscreen style=\"display: block;margin-left: auto;margin-right: auto;max-width: 100%;\"><\/iframe> \r\n\t\t\t\t<\/div>\n\t\t\t\t<\/div>\n\t\t\t\t<\/div>\n\t\t<div class=\"elementor-element elementor-element-ab22660 elementor-hidden-desktop e-flex e-con-boxed e-con e-parent\" data-id=\"ab22660\" data-element_type=\"container\" data-e-type=\"container\">\n\t\t\t\t\t<div class=\"e-con-inner\">\n\t\t<div class=\"elementor-element elementor-element-233a38a e-con-full elementor-hidden-tablet e-flex e-con e-child\" data-id=\"233a38a\" data-element_type=\"container\" data-e-type=\"container\" data-settings=\"{&quot;background_background&quot;:&quot;classic&quot;}\">\n\t\t\t\t<div class=\"elementor-element elementor-element-aac971f elementor-widget elementor-widget-heading\" data-id=\"aac971f\" data-element_type=\"widget\" data-e-type=\"widget\" data-widget_type=\"heading.default\">\n\t\t\t\t<div class=\"elementor-widget-container\">\n\t\t\t\t\t<h2 class=\"elementor-heading-title elementor-size-default\">Vous avez besoin d'une <span style=\"color:#ffffff\">assistance technique<\/span> pour votre fraiseuse DWX ?<\/h2>\t\t\t\t<\/div>\n\t\t\t\t<\/div>\n\t\t\t\t<div class=\"elementor-element elementor-element-9a5bd42 elementor-widget elementor-widget-text-editor\" data-id=\"9a5bd42\" data-element_type=\"widget\" data-e-type=\"widget\" data-widget_type=\"text-editor.default\">\n\t\t\t\t<div class=\"elementor-widget-container\">\n\t\t\t\t\t\t\t\t\t<p>Rendez-vous sur la <strong>page DGSHAPE Care pour obtenir<\/strong> <strong>toute l&rsquo;assistance<\/strong> et les <strong>informations<\/strong> dont vous avez besoin pour vos fraiseuses DWX.<\/p><p><strong>Discutez avec notre \u00e9quipe d\u00e9di\u00e9e<\/strong> pour obtenir une assistance rapide et fiable avec vos machines DWX et DGSHAPE CLOUD.<\/p>\t\t\t\t\t\t\t\t<\/div>\n\t\t\t\t<\/div>\n\t\t\t\t<div class=\"elementor-element elementor-element-883f437 elementor-align-center elementor-widget elementor-widget-button\" data-id=\"883f437\" data-element_type=\"widget\" data-e-type=\"widget\" data-widget_type=\"button.default\">\n\t\t\t\t<div class=\"elementor-widget-container\">\n\t\t\t\t\t\t\t\t\t<div class=\"elementor-button-wrapper\">\n\t\t\t\t\t<a class=\"elementor-button elementor-button-link elementor-size-sm\" href=\"https:\/\/dgshape.com\/dgshape-care\/\">\n\t\t\t\t\t\t<span class=\"elementor-button-content-wrapper\">\n\t\t\t\t\t\t\t\t\t<span class=\"elementor-button-text\">ALLER \u00c0 DGSHAPE CARE<\/span>\n\t\t\t\t\t<\/span>\n\t\t\t\t\t<\/a>\n\t\t\t\t<\/div>\n\t\t\t\t\t\t\t\t<\/div>\n\t\t\t\t<\/div>\n\t\t\t\t<\/div>\n\t\t\t\t\t<\/div>\n\t\t\t\t<\/div>\n\t\t\t\t<\/div>\n\t\t\t\t<\/div>\n\t\t\t\t\t\t<\/div>\n\t\t\t\t<\/div>\n\t\t\t\t<\/div>\n\t\t\t\t\t<\/div>\n\t\t\t\t<\/div>\n\t\t<div class=\"elementor-element elementor-element-03e9fdc e-flex e-con-boxed e-con e-parent\" data-id=\"03e9fdc\" data-element_type=\"container\" data-e-type=\"container\" data-settings=\"{&quot;background_background&quot;:&quot;classic&quot;}\">\n\t\t\t\t\t<div class=\"e-con-inner\">\n\t\t<div class=\"elementor-element elementor-element-a03c360 e-con-full e-flex e-con e-child\" data-id=\"a03c360\" data-element_type=\"container\" data-e-type=\"container\" data-settings=\"{&quot;background_background&quot;:&quot;classic&quot;}\">\n\t\t\t\t<div class=\"elementor-element elementor-element-3d1a9e7 elementor-widget elementor-widget-template\" data-id=\"3d1a9e7\" data-element_type=\"widget\" data-e-type=\"widget\" data-widget_type=\"template.default\">\n\t\t\t\t<div class=\"elementor-widget-container\">\n\t\t\t\t\t\t\t<div class=\"elementor-template\">\n\t\t\t\t\t<div data-elementor-type=\"container\" data-elementor-id=\"57620\" class=\"elementor elementor-57620 elementor-10467 elementor-10467\" data-elementor-post-type=\"elementor_library\">\n\t\t\t\t<div class=\"elementor-element elementor-element-c46b81a e-flex e-con-boxed e-con e-parent\" data-id=\"c46b81a\" data-element_type=\"container\" data-e-type=\"container\" data-settings=\"{&quot;background_background&quot;:&quot;classic&quot;}\">\n\t\t\t\t\t<div class=\"e-con-inner\">\n\t\t<div class=\"elementor-element elementor-element-c5a9f30 e-con-full e-flex e-con e-child\" data-id=\"c5a9f30\" data-element_type=\"container\" data-e-type=\"container\">\n\t\t\t\t<div class=\"elementor-element elementor-element-38c0883 elementor-widget elementor-widget-text-editor\" data-id=\"38c0883\" data-element_type=\"widget\" data-e-type=\"widget\" data-widget_type=\"text-editor.default\">\n\t\t\t\t<div class=\"elementor-widget-container\">\n\t\t\t\t\t\t\t\t\t<p>DGSHAPE Une soci\u00e9t\u00e9 du groupe Roland DG<\/p>\t\t\t\t\t\t\t\t<\/div>\n\t\t\t\t<\/div>\n\t\t\t\t<\/div>\n\t\t<div class=\"elementor-element elementor-element-3ff5a114 e-con-full e-flex e-con e-child\" data-id=\"3ff5a114\" data-element_type=\"container\" data-e-type=\"container\">\n\t\t\t\t<div class=\"elementor-element elementor-element-0ef4da5 elementor-widget elementor-widget-text-editor\" data-id=\"0ef4da5\" data-element_type=\"widget\" data-e-type=\"widget\" data-widget_type=\"text-editor.default\">\n\t\t\t\t<div class=\"elementor-widget-container\">\n\t\t\t\t\t\t\t\t\t<p><strong>Roland DG Group Company<\/strong> est la <strong>r\u00e9f\u00e9rence<\/strong> en mati\u00e8re de fabrication de <strong>machines dentaire de pointe<\/strong> <span style=\"color: #8ce128;\"><strong>depuis plus de 38 ans<\/strong><\/span>Gr\u00e2ce \u00e0 sa technologie pratique et fiable et \u00e0 son assistance in\u00e9gal\u00e9e, Roland DG Group est la r\u00e9f\u00e9rence en mati\u00e8re de fabrication de machines de pointe depuis plus de 38 ans.<\/p><p>DGSHAPE poursuit et am\u00e9liore <strong>cet h\u00e9ritage<\/strong>, en permettant aux laboratoires et aux cliniques de produire plus facilement et <strong>plus efficacement<\/strong> des proth\u00e8ses dentaires de <strong>haute qualit\u00e9<\/strong> et d&rsquo;un <strong>bon rapport co\u00fbt-efficacit\u00e9<\/strong>.<\/p>\t\t\t\t\t\t\t\t<\/div>\n\t\t\t\t<\/div>\n\t\t\t\t<\/div>\n\t\t\t\t\t<\/div>\n\t\t\t\t<\/div>\n\t\t\t\t<\/div>\n\t\t\t\t<\/div>\n\t\t\t\t\t\t<\/div>\n\t\t\t\t<\/div>\n\t\t\t\t<\/div>\n\t\t\t\t\t<\/div>\n\t\t\t\t<\/div>\n\t\t\t\t<\/div>\n\t\t","protected":false},"excerpt":{"rendered":"","protected":false},"author":1,"featured_media":0,"parent":0,"menu_order":0,"comment_status":"closed","ping_status":"closed","template":"","meta":{"footnotes":""},"class_list":["post-57913","page","type-page","status-publish","hentry"],"aioseo_notices":[],"_links":{"self":[{"href":"https:\/\/dgshape.com\/fr\/wp-json\/wp\/v2\/pages\/57913","targetHints":{"allow":["GET"]}}],"collection":[{"href":"https:\/\/dgshape.com\/fr\/wp-json\/wp\/v2\/pages"}],"about":[{"href":"https:\/\/dgshape.com\/fr\/wp-json\/wp\/v2\/types\/page"}],"author":[{"embeddable":true,"href":"https:\/\/dgshape.com\/fr\/wp-json\/wp\/v2\/users\/1"}],"replies":[{"embeddable":true,"href":"https:\/\/dgshape.com\/fr\/wp-json\/wp\/v2\/comments?post=57913"}],"version-history":[{"count":1,"href":"https:\/\/dgshape.com\/fr\/wp-json\/wp\/v2\/pages\/57913\/revisions"}],"predecessor-version":[{"id":57915,"href":"https:\/\/dgshape.com\/fr\/wp-json\/wp\/v2\/pages\/57913\/revisions\/57915"}],"wp:attachment":[{"href":"https:\/\/dgshape.com\/fr\/wp-json\/wp\/v2\/media?parent=57913"}],"curies":[{"name":"wp","href":"https:\/\/api.w.org\/{rel}","templated":true}]}}