{"id":57811,"date":"2025-04-09T11:40:10","date_gmt":"2025-04-09T11:40:10","guid":{"rendered":"https:\/\/dgshape.com\/?page_id=57811"},"modified":"2025-11-27T15:30:07","modified_gmt":"2025-11-27T15:30:07","slug":"politique-de-confidentialite-gdpr","status":"publish","type":"page","link":"https:\/\/dgshape.com\/fr\/politique-de-confidentialite-gdpr\/","title":{"rendered":"Politique de confidentialit\u00e9 GDPR"},"content":{"rendered":"\t\t<div data-elementor-type=\"wp-page\" data-elementor-id=\"57811\" class=\"elementor elementor-57811 elementor-10229\" data-elementor-post-type=\"page\">\n\t\t\t\t<div class=\"elementor-element elementor-element-a5b3f93 e-flex e-con-boxed e-con e-parent\" data-id=\"a5b3f93\" data-element_type=\"container\" data-e-type=\"container\" data-settings=\"{&quot;background_background&quot;:&quot;classic&quot;}\">\n\t\t\t\t\t<div class=\"e-con-inner\">\n\t\t<div class=\"elementor-element elementor-element-3e75c4b e-con-full e-flex e-con e-child\" data-id=\"3e75c4b\" data-element_type=\"container\" data-e-type=\"container\" data-settings=\"{&quot;background_background&quot;:&quot;classic&quot;}\">\n\t\t\t\t<div class=\"elementor-element elementor-element-fd40dc6 elementor-widget elementor-widget-text-editor\" data-id=\"fd40dc6\" data-element_type=\"widget\" data-e-type=\"widget\" data-widget_type=\"text-editor.default\">\n\t\t\t\t<div class=\"elementor-widget-container\">\n\t\t\t\t\t\t\t\t\t<p>Politique de confidentialit\u00e9 GDPR<\/p>\t\t\t\t\t\t\t\t<\/div>\n\t\t\t\t<\/div>\n\t\t\t\t<div class=\"elementor-element elementor-element-580596f elementor-widget elementor-widget-text-editor\" data-id=\"580596f\" data-element_type=\"widget\" data-e-type=\"widget\" data-widget_type=\"text-editor.default\">\n\t\t\t\t<div class=\"elementor-widget-container\">\n\t\t\t\t\t\t\t\t\t<p style=\"text-align: right;\">R\u00e9vis\u00e9 : 1er avril 2022<\/p><p><strong>La pr\u00e9sente politique de confidentialit\u00e9 s&rsquo;applique aux personnes auxquelles s&rsquo;applique le r\u00e8glement g\u00e9n\u00e9ral de l&rsquo;UE sur la protection des donn\u00e9es (\u00ab\u00a0RGPD\u00a0\u00bb).<\/strong><\/p><p>La soci\u00e9t\u00e9 DGSHAPE (\u00ab\u00a0DGSHAPE\u00a0\u00bb), en tant que responsable du traitement des informations personnelles qu&rsquo;elle traite, s&rsquo;engage \u00e0 prot\u00e9ger la vie priv\u00e9e des personnes dont elle traite les donn\u00e9es personnelles, y compris les visiteurs de notre site web. La pr\u00e9sente politique de confidentialit\u00e9 explique comment nous collectons, partageons et utilisons vos informations personnelles et comment vous pouvez exercer vos droits en mati\u00e8re de confidentialit\u00e9. <\/p><p>Le repr\u00e9sentant de DGSHAPE aux fins de la l\u00e9gislation europ\u00e9enne sur la protection des donn\u00e9es est Roland DG EMEA N.V. Si vous avez des questions ou des pr\u00e9occupations concernant notre utilisation de vos informations personnelles, veuillez nous contacter ou contacter notre repr\u00e9sentant de l&rsquo;UE en utilisant les coordonn\u00e9es fournies dans la section \u00ab\u00a012. Comment nous contacter\u00a0\u00bb ci-dessous. <\/p><h3><strong>1. Quelles sont les informations que nous recueillons ?<\/strong><\/h3><p>Les informations personnelles que nous pouvons recueillir, stocker et utiliser concernant les visiteurs de notre site web, les clients, les concessionnaires DGSHAPE, les contacts, les ing\u00e9nieurs de service, entre autres (\u00ab\u00a0vous\u00a0\u00bb), entrent globalement dans les cat\u00e9gories suivantes :<\/p><p><strong>(a) Informations que vous fournissez volontairement<br><\/strong>Nous pouvons vous demander de fournir volontairement des informations personnelles : par exemple, nous pouvons vous demander de fournir votre nom et vos coordonn\u00e9es (par exemple, le nom de votre soci\u00e9t\u00e9, votre adresse, votre num\u00e9ro de t\u00e9l\u00e9phone et votre adresse \u00e9lectronique) afin d&rsquo;ouvrir un compte chez nous, de vous abonner \u00e0 nos communications marketing et\/ou de nous soumettre des demandes de renseignements. Les informations personnelles qui vous sont demand\u00e9es, ainsi que les raisons pour lesquelles elles vous sont demand\u00e9es, vous seront pr\u00e9cis\u00e9es au moment o\u00f9 nous vous demanderons de les fournir. <\/p><p><strong>(b) Informations que nous collectons automatiquement<br><\/strong>Lorsque vous visitez notre site web, nous pouvons collecter automatiquement certaines informations \u00e0 partir de votre appareil. Dans certains pays, y compris les pays de l&rsquo;Espace \u00e9conomique europ\u00e9en, ces informations peuvent \u00eatre consid\u00e9r\u00e9es comme des informations personnelles en vertu des lois applicables en mati\u00e8re de protection des donn\u00e9es. Plus pr\u00e9cis\u00e9ment, les informations que nous collectons automatiquement peuvent inclure des informations telles que votre adresse IP, votre localisation g\u00e9ographique (par exemple, pays ou ville), le type et la version de votre navigateur, votre syst\u00e8me d&rsquo;exploitation, votre source de r\u00e9f\u00e9rence, la dur\u00e9e de votre visite, les pages consult\u00e9es et votre navigation sur le site web.<br>La collecte de ces informations nous permet de mieux comprendre les visiteurs qui viennent sur notre site web, d&rsquo;o\u00f9 ils viennent et quel contenu de notre site web est susceptible de les int\u00e9resser. Nous utilisons ces informations \u00e0 des fins d&rsquo;analyse interne et pour am\u00e9liorer la qualit\u00e9 et la pertinence de notre site web pour nos visiteurs.<br>Certaines de ces informations peuvent \u00eatre collect\u00e9es \u00e0 l&rsquo;aide de cookies et de technologies de suivi similaires, comme expliqu\u00e9 plus en d\u00e9tail dans la section \u00ab\u00a02. Cookies et technologies de suivi similaires\u00a0\u00bb.   <\/p><p><strong>(c) Informations que nous obtenons de sources tierces<br><\/strong>De temps \u00e0 autre, nous pouvons recevoir des informations personnelles vous concernant de sources tierces (par exemple, d&rsquo;autres entit\u00e9s du groupe Roland DG, des courtiers en donn\u00e9es, des vendeurs d&rsquo;expositions et des fournisseurs de listes), mais uniquement lorsque nous avons v\u00e9rifi\u00e9 que ces tiers ont votre consentement ou sont l\u00e9galement autoris\u00e9s ou tenus de nous divulguer vos informations personnelles.<br>Les types d&rsquo;informations que nous recueillons aupr\u00e8s de tiers peuvent inclure, par exemple, le nom, le titre du poste, les coordonn\u00e9es de contact. Nous utilisons les informations que nous recevons de ces tiers pour leur communiquer des informations et des offres concernant nos produits et services, ou pour maintenir ou am\u00e9liorer l&rsquo;exactitude des dossiers que nous d\u00e9tenons \u00e0 votre sujet. <\/p><h3><strong>2. Cookies et autres technologies de suivi similaires<\/strong><\/h3><p>Nous utilisons des cookies et des technologies de suivi similaires (collectivement, les \u00ab\u00a0cookies\u00a0\u00bb) pour collecter et utiliser des informations personnelles vous concernant. Pour de plus amples informations sur les types de cookies que nous utilisons, sur les raisons de leur utilisation et sur la mani\u00e8re dont vous pouvez les contr\u00f4ler, veuillez consulter notre <a href=\"https:\/\/dgshape.com\/fr\/avis-sur-les-cookies\/\">avis sur les cookies<\/a>. <\/p><h3><strong>3. Pourquoi nous utilisons vos donn\u00e9es personnelles<\/strong><\/h3><p>Les informations personnelles qui nous sont soumises seront utilis\u00e9es aux fins sp\u00e9cifi\u00e9es dans la pr\u00e9sente politique de confidentialit\u00e9 ou dans les parties pertinentes du site web.<br>Nous pouvons utiliser vos informations personnelles pour :<\/p><ol type=\"a\"><li>administrer le site web ;<\/li><li>am\u00e9liorer votre exp\u00e9rience de navigation en personnalisant le site web ;<\/li><li>vous permettre d&rsquo;utiliser les services disponibles sur le site web ;<\/li><li>vous envoyer des courriels de service ;<\/li><li>vous envoyer des notifications par courrier \u00e9lectronique que vous avez sp\u00e9cifiquement demand\u00e9es ;<\/li><li>organiser des \u00e9v\u00e9nements, promouvoir nos organisations, y compris en publiant du contenu pertinent (par exemple, des blogs ou des interviews), vous envoyer notre lettre d&rsquo;information et d&rsquo;autres communications marketing relatives \u00e0 nos activit\u00e9s ou aux activit\u00e9s de tiers soigneusement s\u00e9lectionn\u00e9s qui, selon nous, pourraient vous int\u00e9resser, par courrier ou, si vous y avez sp\u00e9cifiquement consenti, par courriel ou par une technologie similaire (vous pouvez nous informer \u00e0 tout moment que vous ne souhaitez plus recevoir de communications marketing) ;<\/li><li>fournir \u00e0 des tiers des informations statistiques sur nos utilisateurs &#8211; mais ces informations ne seront pas utilis\u00e9es pour identifier un utilisateur individuel ;<\/li><li>traiter les demandes de renseignements et les plaintes formul\u00e9es par vous ou \u00e0 votre sujet en ce qui concerne le site web ; et<\/li><li>refl\u00e9ter les opinions des clients dans le d\u00e9veloppement de produits ou l&rsquo;am\u00e9lioration ou le d\u00e9veloppement de services.<\/li><\/ol><p>Lorsque vous soumettez des informations personnelles pour publication sur notre site web, nous publierons et utiliserons ces informations conform\u00e9ment aux dispositions de la pr\u00e9sente politique de protection de la vie priv\u00e9e.<\/p><p>Nous ne fournirons pas vos informations personnelles \u00e0 des tiers \u00e0 des fins de marketing direct sans votre consentement lorsque celui-ci est requis.<\/p><h3><strong>4. Avec qui partageons-nous vos donn\u00e9es personnelles ?<\/strong><\/h3><p>Nous pouvons divulguer vos informations personnelles aux cat\u00e9gories de destinataires suivantes :<\/p><ol type=\"a\"><li>aux soci\u00e9t\u00e9s de notre groupe, aux prestataires de services tiers et aux partenaires qui nous fournissent des services de traitement des donn\u00e9es (par exemple, pour soutenir la livraison, fournir des fonctionnalit\u00e9s ou aider \u00e0 am\u00e9liorer la s\u00e9curit\u00e9 de notre site web), ou qui traitent autrement les informations personnelles aux fins \u00e9nonc\u00e9es dans la pr\u00e9sente politique de confidentialit\u00e9 ou qui vous sont notifi\u00e9es lorsque nous recueillons vos informations personnelles ;<\/li><li>\u00e0 tout organisme comp\u00e9tent charg\u00e9 de l&rsquo;application de la loi, organisme de r\u00e9glementation, agence gouvernementale, tribunal ou autre tiers lorsque nous estimons que la divulgation est n\u00e9cessaire (i) en vertu d&rsquo;une loi ou d&rsquo;une r\u00e9glementation applicable, (ii) pour exercer, \u00e9tablir ou d\u00e9fendre nos droits l\u00e9gaux, ou (iii) pour prot\u00e9ger vos int\u00e9r\u00eats vitaux ou ceux de toute autre personne;\/li   &gt;<\/li><li>\u00e0 l&rsquo;acheteur (ou \u00e0 l&rsquo;acheteur potentiel) et \u00e0 ses agents et conseillers dans le cadre d&rsquo;un achat, d&rsquo;une fusion ou d&rsquo;une acquisition r\u00e9elle ou propos\u00e9e d&rsquo;une entreprise ou d&rsquo;un actif, \u00e0 condition que nous informions l&rsquo;acheteur qu&rsquo;il doit utiliser vos donn\u00e9es personnelles uniquement aux fins indiqu\u00e9es dans la pr\u00e9sente politique de protection de la vie priv\u00e9e ; et\/li&gt;<\/li><li>\u00e0 toute autre personne avec votre consentement \u00e0 la divulgation.<\/li><li> <\/li><\/ol><h3><strong>5. Base juridique du traitement des donn\u00e9es personnelles<\/strong><\/h3><p>Notre base juridique pour la collecte et l&rsquo;utilisation des informations personnelles d\u00e9crites ci-dessus d\u00e9pendra des informations personnelles concern\u00e9es et du contexte sp\u00e9cifique dans lequel nous les collectons.<\/p><p>Toutefois, nous ne collecterons normalement vos informations personnelles que (i) lorsque nous en avons besoin pour ex\u00e9cuter un contrat avec vous, (ii) lorsque le traitement est dans notre int\u00e9r\u00eat l\u00e9gitime et n&rsquo;est pas supplant\u00e9 par vos droits, ou (iii) lorsque nous avons votre consentement pour le faire. Dans certains cas, nous pouvons \u00e9galement avoir l&rsquo;obligation l\u00e9gale de collecter des informations personnelles aupr\u00e8s de vous ou avoir besoin de ces informations pour prot\u00e9ger vos int\u00e9r\u00eats vitaux ou ceux d&rsquo;une autre personne.    <\/p><p>Si nous vous demandons de fournir des informations personnelles pour nous conformer \u00e0 une obligation l\u00e9gale ou pour prendre contact avec vous, nous vous le pr\u00e9ciserons au moment opportun et vous indiquerons si la fourniture de vos informations personnelles est obligatoire ou non (ainsi que les cons\u00e9quences possibles si vous ne fournissez pas vos informations personnelles).<\/p><p>Si nous collectons et utilisons vos informations personnelles sur la base de nos int\u00e9r\u00eats l\u00e9gitimes (ou de ceux d&rsquo;un tiers), il s&rsquo;agira normalement d&rsquo;exploiter notre plateforme et de communiquer avec vous si n\u00e9cessaire pour vous fournir nos services et pour nos int\u00e9r\u00eats commerciaux l\u00e9gitimes, par exemple pour r\u00e9pondre \u00e0 vos questions, am\u00e9liorer notre plateforme ou entreprendre des actions de marketing. Nous pouvons avoir d&rsquo;autres int\u00e9r\u00eats l\u00e9gitimes et, le cas \u00e9ch\u00e9ant, nous vous indiquerons clairement, au moment opportun, quels sont ces int\u00e9r\u00eats l\u00e9gitimes. <\/p><p>Si vous avez des questions ou si vous avez besoin d&rsquo;informations suppl\u00e9mentaires concernant la base juridique sur laquelle nous collectons et utilisons vos informations personnelles, veuillez nous contacter en utilisant les coordonn\u00e9es fournies sous la rubrique \u00ab\u00a012. Comment nous contacter\u00a0\u00bb ci-dessous.<\/p><h3><strong>6. Transferts internationaux de donn\u00e9es<\/strong><\/h3><p>Vos informations personnelles peuvent \u00eatre transf\u00e9r\u00e9es, trait\u00e9es et transf\u00e9r\u00e9es entre les pays dans lesquels nous ou nos prestataires de services et partenaires op\u00e9rons afin de nous permettre d&rsquo;utiliser les informations conform\u00e9ment \u00e0 la pr\u00e9sente politique de confidentialit\u00e9. Ces pays peuvent \u00eatre diff\u00e9rents du pays dans lequel vous r\u00e9sidez et avoir des lois sur la protection des donn\u00e9es diff\u00e9rentes de celles de votre pays. <\/p><p>Toutefois, nous avons pris des mesures de protection appropri\u00e9es pour que vos informations personnelles restent prot\u00e9g\u00e9es conform\u00e9ment \u00e0 la pr\u00e9sente politique de protection de la vie priv\u00e9e.<\/p><h3><strong>7. S\u00e9curit\u00e9 de vos donn\u00e9es personnelles<\/strong><\/h3><p>Nous utiliserons des mesures techniques et organisationnelles appropri\u00e9es pour prot\u00e9ger les informations personnelles que nous collectons et traitons \u00e0 votre sujet. Les mesures que nous utilisons sont con\u00e7ues pour fournir un niveau de s\u00e9curit\u00e9 appropri\u00e9 au risque de traitement de vos informations personnelles. <\/p><h3><strong>8. Conservation des donn\u00e9es<\/strong><\/h3><p>Nous conservons les informations personnelles que nous recueillons aupr\u00e8s de vous lorsque nous avons un besoin commercial l\u00e9gitime permanent de le faire (par exemple, pour vous fournir un service que vous avez demand\u00e9 ou pour nous conformer aux exigences l\u00e9gales, fiscales ou comptables applicables).<\/p><p>Lorsque nous n&rsquo;avons plus de besoin commercial l\u00e9gitime de traiter vos informations personnelles, nous les supprimons ou les rendons anonymes ou, si cela n&rsquo;est pas possible (par exemple, parce que vos informations personnelles ont \u00e9t\u00e9 stock\u00e9es dans des archives de sauvegarde), nous les stockons en toute s\u00e9curit\u00e9 et les isolons de tout traitement ult\u00e9rieur jusqu&rsquo;\u00e0 ce que leur suppression soit possible.<\/p><h3><strong>9. Modifications de la pr\u00e9sente politique de protection de la vie priv\u00e9e<\/strong><\/h3><p>Nous pouvons mettre \u00e0 jour la pr\u00e9sente politique de protection de la vie priv\u00e9e de temps \u00e0 autre en r\u00e9ponse \u00e0 des \u00e9volutions juridiques, techniques ou commerciales. Lorsque nous mettons \u00e0 jour notre politique de protection de la vie priv\u00e9e, nous prenons les mesures appropri\u00e9es pour vous informer, en fonction de l&rsquo;importance des changements que nous apportons. Nous obtiendrons votre consentement pour toute modification mat\u00e9rielle de la politique de confidentialit\u00e9 si et l\u00e0 o\u00f9 cela est requis par les lois applicables en mati\u00e8re de protection des donn\u00e9es.  <\/p><h3><strong>10. Vos droits en mati\u00e8re de protection des donn\u00e9es<\/strong><\/h3><p>Vous disposez des droits suivants en mati\u00e8re de protection des donn\u00e9es :<\/p><ul><li>Si vous souhaitez acc\u00e9der, corriger, mettre \u00e0 jour ou demander la suppression de vos informations personnelles, vous pouvez le faire \u00e0 tout moment en nous contactant \u00e0 l&rsquo;aide des coordonn\u00e9es fournies dans la rubrique \u00ab\u00a012. Comment nous contacter\u00a0\u00bb ci-dessous.<\/li><li>En outre, vous pouvez vous opposer au traitement de vos informations personnelles, nous demander de restreindre le traitement de vos informations personnelles ou demander la portabilit\u00e9 de vos informations personnelles. L\u00e0 encore, vous pouvez exercer ces droits en nous contactant aux coordonn\u00e9es indiqu\u00e9es \u00e0 la rubrique \u00ab\u00a012. Comment nous contacter\u00a0\u00bb ci-dessous. <\/li><li>Si nous avons recueilli et trait\u00e9 vos informations personnelles avec votre consentement, vous pouvez le retirer \u00e0 tout moment. Le retrait de votre consentement n&rsquo;affectera pas la l\u00e9galit\u00e9 du traitement que nous avons effectu\u00e9 avant votre retrait, ni le traitement de vos informations personnelles effectu\u00e9 sur la base de motifs de traitement l\u00e9gitimes autres que le consentement. <\/li><li>Vous avez le droit de vous plaindre aupr\u00e8s d&rsquo;une autorit\u00e9 de protection des donn\u00e9es concernant la collecte et l&rsquo;utilisation de vos informations personnelles. Pour plus d&rsquo;informations, veuillez contacter votre autorit\u00e9 locale de protection des donn\u00e9es. <\/li><\/ul><p>Nous r\u00e9pondons \u00e0 toutes les demandes que nous recevons de personnes souhaitant exercer leurs droits en mati\u00e8re de protection des donn\u00e9es conform\u00e9ment aux lois applicables en la mati\u00e8re. Apr\u00e8s avoir soumis votre demande, nous pouvons vous demander de fournir une preuve de votre identit\u00e9 afin de confirmer vos donn\u00e9es. <\/p><h3><strong>11. Sites web de tiers<\/strong><\/h3><p>Le site web contient des liens vers d&rsquo;autres sites web. Nous ne sommes pas responsables des politiques ou des pratiques en mati\u00e8re de protection de la vie priv\u00e9e des sites web de tiers. <\/p><h3><strong>12. Comment nous contacter<\/strong><\/h3><p>Pour toute question concernant vos informations personnelles, ou pour demander de cesser de fournir des informations personnelles \u00e0 un tiers, ou pour demander la divulgation ou la correction de vos informations personnelles, etc :<\/p><p><strong>Bureau de renseignements sur les informations personnelles<\/strong><br>DGSHAPE Corporation<br>1-1-2 Shinmiyakoda, Hamana-ku, Hamamatsu-shi, Shizuoka-ken<br>431-2103 JAPAN<br>E-mail :<span style=\"color: #8ce128;\"> <a style=\"color: #8ce128;\" href=\"mailto:dgs-marketing@dgshape.com\">dgs-marketing@dgshape.com<\/a><\/span><\/p><p><strong>Repr\u00e9sentant de la DGSHAPE dans l&rsquo;UE<\/strong><br>Roland DG EMEA N.V.<br>Bell Telephonelaan 2G, 2440 Geel, Belgium<br>E-mail : <span style=\"color: #8ce128;\"><a style=\"color: #8ce128;\" href=\"mailto:emea-gdpr@rolanddg.com\">emea-gdpr@rolanddg.com<\/a><\/span><\/p><p><strong>Avis local de confidentialit\u00e9 EMEA<br><\/strong>Espagne <span style=\"color: #8ce128;\"> <a style=\"color: #8ce128;\" href=\"https:\/\/www.rolanddg.eu\/es-es\/empresa\/privacy-notice\">https:\/\/www.rolanddg.eu\/es-es\/empresa\/privacy-notice<\/a><\/span><br>Italie <span style=\"color: #8ce128;\"><a style=\"color: #8ce128;\" href=\"https:\/\/www.rolanddg.eu\/it\/azienda\/privacy-notice\">https:\/\/www.rolanddg.eu\/it\/azienda\/privacy-notice<\/a><\/span><br>ROYAUME-UNI <span style=\"color: #8ce128;\"><a style=\"color: #8ce128;\" href=\"https:\/\/www.rolanddg.eu\/en-gb\/company\/privacy-notice\">https:\/\/www.rolanddg.eu\/en-gb\/company\/privacy-notice<\/a><\/span><br>France <span style=\"color: #8ce128;\"><a style=\"color: #8ce128;\" href=\"https:\/\/www.rolanddg.eu\/fr\/notre-entreprise\/privacy-notice\">https:\/\/www.rolanddg.eu\/fr\/notre-entreprise\/privacy-notice<\/a><\/span><br>Allemagne <span style=\"color: #8ce128;\"><a style=\"color: #8ce128;\" href=\"https:\/\/www.rolanddg.eu\/de\/uber-uns\/privacy-notice\">https:\/\/www.rolanddg.eu\/de\/uber-uns\/privacy-notice<\/a><\/span><br>Russie <span style=\"color: #8ce128;\"><a style=\"color: #8ce128;\" href=\"https:\/\/www.rolanddg.eu\/ru\/uznajte-podrobnee-o-kompanii-roland-dg-north-europe\/privacy-notice\">https:\/\/www.rolanddg.eu\/ru\/uznajte-podrobnee-o-kompanii-roland-dg-north-europe\/privacy-notice<\/a><\/span><br>Pays-Bas        <span style=\"color: #8ce128;\"><a style=\"color: #8ce128;\" href=\"https:\/\/www.rolanddg.eu\/nl\/bedrijf\/privacy-notice\">https:\/\/www.rolanddg.eu\/nl\/bedrijf\/privacy-notice<\/a><\/span><\/p>\t\t\t\t\t\t\t\t<\/div>\n\t\t\t\t<\/div>\n\t\t\t\t<\/div>\n\t\t\t\t\t<\/div>\n\t\t\t\t<\/div>\n\t\t\t\t<\/div>\n\t\t","protected":false},"excerpt":{"rendered":"<p>Politique de confidentialit\u00e9 GDPR R\u00e9vis\u00e9 : 1er avril 2022 La pr\u00e9sente politique de confidentialit\u00e9 s&rsquo;applique aux personnes auxquelles s&rsquo;applique le r\u00e8glement g\u00e9n\u00e9ral de l&rsquo;UE sur la protection des donn\u00e9es (\u00ab\u00a0RGPD\u00a0\u00bb). La soci\u00e9t\u00e9 DGSHAPE (\u00ab\u00a0DGSHAPE\u00a0\u00bb), en tant que responsable du traitement des informations personnelles qu&rsquo;elle traite, s&rsquo;engage \u00e0 prot\u00e9ger la vie priv\u00e9e des personnes dont elle [&hellip;]<\/p>\n","protected":false},"author":1,"featured_media":0,"parent":0,"menu_order":0,"comment_status":"closed","ping_status":"closed","template":"elementor_header_footer","meta":{"footnotes":""},"class_list":["post-57811","page","type-page","status-publish","hentry"],"aioseo_notices":[],"_links":{"self":[{"href":"https:\/\/dgshape.com\/fr\/wp-json\/wp\/v2\/pages\/57811","targetHints":{"allow":["GET"]}}],"collection":[{"href":"https:\/\/dgshape.com\/fr\/wp-json\/wp\/v2\/pages"}],"about":[{"href":"https:\/\/dgshape.com\/fr\/wp-json\/wp\/v2\/types\/page"}],"author":[{"embeddable":true,"href":"https:\/\/dgshape.com\/fr\/wp-json\/wp\/v2\/users\/1"}],"replies":[{"embeddable":true,"href":"https:\/\/dgshape.com\/fr\/wp-json\/wp\/v2\/comments?post=57811"}],"version-history":[{"count":3,"href":"https:\/\/dgshape.com\/fr\/wp-json\/wp\/v2\/pages\/57811\/revisions"}],"predecessor-version":[{"id":63478,"href":"https:\/\/dgshape.com\/fr\/wp-json\/wp\/v2\/pages\/57811\/revisions\/63478"}],"wp:attachment":[{"href":"https:\/\/dgshape.com\/fr\/wp-json\/wp\/v2\/media?parent=57811"}],"curies":[{"name":"wp","href":"https:\/\/api.w.org\/{rel}","templated":true}]}}