{"id":57258,"date":"2025-04-09T11:37:05","date_gmt":"2025-04-09T11:37:05","guid":{"rendered":"https:\/\/dgshape.com\/?page_id=57258"},"modified":"2025-11-27T15:30:08","modified_gmt":"2025-11-27T15:30:08","slug":"politica-de-privacidad","status":"publish","type":"page","link":"https:\/\/dgshape.com\/es\/politica-de-privacidad\/","title":{"rendered":"Pol\u00edtica de privacidad"},"content":{"rendered":"\t\t<div data-elementor-type=\"wp-page\" data-elementor-id=\"57258\" class=\"elementor elementor-57258 elementor-10219\" data-elementor-post-type=\"page\">\n\t\t\t\t<div class=\"elementor-element elementor-element-4a0e42d e-flex e-con-boxed e-con e-parent\" data-id=\"4a0e42d\" data-element_type=\"container\" data-e-type=\"container\" data-settings=\"{&quot;background_background&quot;:&quot;classic&quot;}\">\n\t\t\t\t\t<div class=\"e-con-inner\">\n\t\t<div class=\"elementor-element elementor-element-5447e47 e-con-full e-flex e-con e-child\" data-id=\"5447e47\" data-element_type=\"container\" data-e-type=\"container\" data-settings=\"{&quot;background_background&quot;:&quot;classic&quot;}\">\n\t\t\t\t<div class=\"elementor-element elementor-element-7d58020 elementor-widget elementor-widget-text-editor\" data-id=\"7d58020\" data-element_type=\"widget\" data-e-type=\"widget\" data-widget_type=\"text-editor.default\">\n\t\t\t\t<div class=\"elementor-widget-container\">\n\t\t\t\t\t\t\t\t\tPol\u00edtica de privacidad\t\t\t\t\t\t\t\t<\/div>\n\t\t\t\t<\/div>\n\t\t\t\t<div class=\"elementor-element elementor-element-e822cd5 elementor-widget elementor-widget-text-editor\" data-id=\"e822cd5\" data-element_type=\"widget\" data-e-type=\"widget\" data-widget_type=\"text-editor.default\">\n\t\t\t\t<div class=\"elementor-widget-container\">\n\t\t\t\t\t\t\t\t\t<p style=\"text-align: right;\">1 de abril de 2022<\/p><p>DGSHAPE Corporation (en adelante \u00abla Empresa\u00bb) ha establecido la \u00abPol\u00edtica B\u00e1sica de Protecci\u00f3n de Datos Personales\u00bb y se compromete a tratar y proteger los Datos Personales de forma adecuada. Esta Pol\u00edtica de Privacidad se interpretar\u00e1 de acuerdo con las leyes de Jap\u00f3n. <\/p><h3><strong>1. Pol\u00edtica b\u00e1sica de protecci\u00f3n de datos personales<\/strong><\/h3><p>La Empresa se esforzar\u00e1 por proteger la Informaci\u00f3n Personal bas\u00e1ndose en las siguientes pol\u00edticas:<\/p><ol><li>La Empresa cumplir\u00e1 todas las leyes, reglamentos y otras normas aplicables que rijan la protecci\u00f3n de la Informaci\u00f3n Personal, con el fin de salvaguardar la Informaci\u00f3n Personal que maneja y respetar los derechos de la persona que es objeto de esa Informaci\u00f3n Personal.<\/li><li>La Empresa no utilizar\u00e1 la Informaci\u00f3n Personal de forma que fomente o induzca a actos ilegales o injustos.<\/li><li>La Empresa adquirir\u00e1 Datos Personales de forma l\u00edcita y apropiada.<\/li><li>La Empresa establecer\u00e1 pol\u00edticas y procedimientos internos para el tratamiento de los Datos Personales.<\/li><li>La Empresa establecer\u00e1 una estructura organizativa y unos procedimientos operativos para garantizar que los Datos Personales se tratan adecuadamente. Asimismo, la Empresa supervisar\u00e1 el tratamiento de los Datos Personales y realizar\u00e1 revisiones y mejoras peri\u00f3dicas. <\/li><li>La Empresa se asegurar\u00e1 de que todos los empleados sean conscientes del tratamiento adecuado de los Datos Personales.<\/li><li>La Empresa se proteger\u00e1 contra la p\u00e9rdida o el robo de equipos que almacenen Datos Personales y se deshar\u00e1 adecuadamente de dichos equipos.<\/li><li>La Empresa se esforzar\u00e1 por evitar la fuga de Informaci\u00f3n Personal, etc., restringiendo el acceso y garantizando la seguridad de los sistemas de informaci\u00f3n de la Empresa, etc.<\/li><li>La Empresa se esforzar\u00e1 por cumplir las leyes y normativas sobre informaci\u00f3n personal de los pa\u00edses extranjeros y aplicar las medidas de control de seguridad que sean necesarias.<\/li><\/ol><h3><strong>2. Definici\u00f3n de t\u00e9rminos<\/strong><\/h3><p>Las definiciones de los t\u00e9rminos utilizados en esta Pol\u00edtica de Privacidad son las siguientes:<\/p><ol><li>El t\u00e9rmino \u00abInformaci\u00f3n Personal\u00bb se refiere a la \u00abInformaci\u00f3n Relacionada con un Individuo Vivo\u00bb que puede ser utilizada sola o en conjunci\u00f3n con otra informaci\u00f3n para identificar a un individuo espec\u00edfico o aquellos que contienen un \u00abC\u00f3digo de Identificaci\u00f3n Individual\u00bb.<\/li><li>El t\u00e9rmino \u00abInformaci\u00f3n relativa a un individuo vivo\u00bb se refiere a toda la informaci\u00f3n que contenga hechos, juicios o evaluaciones relativos a los atributos de un individuo concreto, como rasgos corporales, riqueza, tipo de trabajo o cargo, incluidos, entre otros, el nombre, la direcci\u00f3n, el sexo, la fecha de nacimiento y la imagen facial de una persona, as\u00ed como informaci\u00f3n, v\u00eddeo y audio de acceso p\u00fablico, independientemente de que est\u00e9n codificados, etc.<\/li><li>El t\u00e9rmino \u00abc\u00f3digo de identificaci\u00f3n individual\u00bb se refiere a la informaci\u00f3n capaz de identificar a un individuo concreto, como datos biom\u00e9tricos (datos de ADN, datos de reconocimiento facial, datos del iris, datos de huellas vocales, datos de forma de las venas, datos de huellas dactilares, etc.), n\u00famero de pasaporte, n\u00famero de pensi\u00f3n b\u00e1sica, n\u00famero de permiso de conducir, c\u00f3digo de registro de residente, n\u00famero individual y n\u00famero de aseguradora.<\/li><li>El t\u00e9rmino \u00abDatos Personales\u00bb se refiere a la Informaci\u00f3n Personal que comprende la \u00abBase de Datos de Informaci\u00f3n Personal, etc.\u00bb. El t\u00e9rmino \u00abBase de Datos de Informaci\u00f3n Personal, etc.\u00bb se refiere a la informaci\u00f3n que se ha organizado sistem\u00e1ticamente para poder buscar a un individuo concreto, principalmente mediante la utilizaci\u00f3n de un ordenador, o mediante la utilizaci\u00f3n de informaci\u00f3n organizada o categorizada en papel seg\u00fan reglas espec\u00edficas. <\/li><li>El t\u00e9rmino \u00abDatos personales que requieren un cuidado especial\u00bb se refiere a los Datos personales sobre la raza, credo, condici\u00f3n social, historial m\u00e9dico, antecedentes penales, discapacidad f\u00edsica, trastorno mental, resultados de ex\u00e1menes m\u00e9dicos, antecedentes penales, etc. de una persona que requieren un cuidado especial para evitar discriminaciones injustas, prejuicios u otras desventajas.<\/li><li>La \u00abFuga, etc.\u00bb de Datos Personales se referir\u00e1 a las siguientes situaciones:<ul><li>Filtraci\u00f3n: Filtraci\u00f3n no intencionada de Datos Personales a terceros.<\/li><li>P\u00e9rdida: P\u00e9rdida involuntaria de Datos Personales.<\/li><li>Da\u00f1os: Los datos personales son manipulados o da\u00f1ados por el ransomware.<\/li><\/ul><\/li><\/ol><h3><strong>3. Operador de empresa de tratamiento de datos personales<\/strong><\/h3><p>Nombre del Operador de la Empresa de Tratamiento de Datos Personales: DGSHAPE Corporation<br>Direcci\u00f3n: 1-1-2 Shinmiyakoda, Hamana-ku, Hamamatsu-shi, Shizuoka-ken<br>Nombre del Representante: Hisashi Bito, Director Representante y Presidente<\/p><h3><strong>4. Garantizar la exactitud del contenido de los datos<\/strong><\/h3><p>La Empresa se esforzar\u00e1 por mantener los Datos Personales que conserve exactos y actualizados y por eliminarlos sin demora cuando ya no sean necesarios para el uso previsto.<\/p><h3><strong>5. Acciones de control de seguridad de los datos personales<\/strong><\/h3><p>La Empresa aplicar\u00e1 las siguientes salvaguardas para garantizar la gesti\u00f3n segura de los Datos Personales que la Empresa conserve:<\/p><ol><li>Establecimiento de Pol\u00edticas para el Tratamiento de la Informaci\u00f3n Personal:<ul><li>La Empresa ha formulado \u00abNormas de Protecci\u00f3n de la Informaci\u00f3n Personal\u00bb para establecer normas b\u00e1sicas para el tratamiento de la Informaci\u00f3n Personal. La Empresa tambi\u00e9n ha establecido normas que regulan la prevenci\u00f3n de fugas de informaci\u00f3n confidencial, incluida la Informaci\u00f3n Personal, y la seguridad de la informaci\u00f3n. <\/li><li>La empresa ha formulado normas sobre seguridad de la informaci\u00f3n aplicables a Roland DG Group para garantizar medidas de seguridad comunes para todo Roland DG Group.<\/li><\/ul><\/li><li>Establecimiento de la estructura organizativa y las operaciones:<ul><li>La Empresa nombrar\u00e1 a un Responsable de la Gesti\u00f3n de la Informaci\u00f3n que se encargar\u00e1 de supervisar la gesti\u00f3n de la informaci\u00f3n de la Empresa.<\/li><li>La Empresa aclarar\u00e1 los Datos Personales tratados por cada departamento y la persona responsable de dichos datos, y supervisar\u00e1 peri\u00f3dicamente el estado del tratamiento de los datos.<\/li><li>En caso de incidente o indicio de tratamiento inadecuado, fuga, etc., de Datos Personales, la Empresa establecer\u00e1 una estructura organizativa para notificar dichos incidentes al Responsable de Gesti\u00f3n de la Informaci\u00f3n. Adem\u00e1s, el Responsable de la Gesti\u00f3n de la Informaci\u00f3n se encargar\u00e1 de la respuesta y las acciones correctivas en caso de incidente grave. <\/li><li>La Empresa establecer\u00e1 procedimientos para responder a incidentes como la fuga de Datos Personales y establecer\u00e1 una estructura que garantice acciones r\u00e1pidas para evitar la propagaci\u00f3n de dichos incidentes y acciones preventivas posteriores.<\/li><li>La Empresa registrar\u00e1 los registros de acceso, etc., a sus sistemas de informaci\u00f3n para permitir la verificaci\u00f3n del tratamiento de los Datos Personales.<\/li><\/ul><\/li><li>Cumplimiento de la Pol\u00edtica por parte de los Empleados:<ul><li>La Empresa dar\u00e1 a conocer las normas a todos los empleados e impartir\u00e1 formaci\u00f3n sobre el tratamiento de Datos Personales de forma peri\u00f3dica.<\/li><\/ul><\/li><li>Prevenci\u00f3n del robo, etc. de equipos de sistemas de informaci\u00f3n y soportes electr\u00f3nicos:<ul><li>La Empresa cifrar\u00e1 todos los discos duros de sus port\u00e1tiles.<\/li><li>La Empresa requerir\u00e1 la aprobaci\u00f3n del Administrador antes de transportar ordenadores port\u00e1tiles, memorias USB, etc., fuera de la Empresa.<\/li><li>Antes de deshacerse de cualquier equipo del sistema de informaci\u00f3n, la Empresa utilizar\u00e1 software especializado para borrar completamente cualquier dato restante.<\/li><li>La Empresa guardar\u00e1 de forma segura los documentos que contengan Datos Personales en armarios cerrados con llave.<\/li><li>Al eliminar documentos que contengan Datos Personales, la Empresa adoptar\u00e1 los medios adecuados, como la trituraci\u00f3n.<\/li><\/ul><\/li><li>Prevenci\u00f3n de accesos no autorizados y fugas de informaci\u00f3n personal, etc:<ul><li>La Empresa identificar\u00e1 el equipo del sistema de informaci\u00f3n, etc., que maneja Datos Personales e implementar\u00e1 un control de acceso adecuado.<\/li><li>La Empresa configurar\u00e1 cortafuegos, etc., para bloquear el acceso no autorizado, y vigilar\u00e1 el acceso no autorizado y la intrusi\u00f3n de malware.<\/li><li>La Empresa instalar\u00e1 programas antivirus en todos sus ordenadores.<\/li><li>La Empresa gestionar\u00e1 de forma centralizada las actualizaciones de software de SO, etc., y se asegurar\u00e1 de que se mantengan al d\u00eda autom\u00e1ticamente.<\/li><li>La Empresa implantar\u00e1 un sistema que proh\u00edba la conexi\u00f3n de dispositivos de sistemas de informaci\u00f3n no aprobados a la red interna.<\/li><\/ul><\/li><li>Comprender el Entorno Externo:<ul><li>La empresa se esforzar\u00e1 por conocer las leyes y normativas relativas a la protecci\u00f3n de la informaci\u00f3n personal en los pa\u00edses extranjeros donde se encuentre Roland DG Group y tomar\u00e1 las medidas necesarias.<\/li><\/ul><\/li><\/ol><h3><strong>6. Finalidad de uso de los datos personales<\/strong><\/h3><ul><li>Las finalidades para las que la Empresa utiliza los Datos Personales que recopila son las siguientes. Sin embargo, la Empresa puede recoger Datos Personales para otros fines, en cuyo caso la Empresa notificar\u00e1 o anunciar\u00e1 por separado la finalidad del uso: <br><ol class=\"parentheses_list\"><li>Para gestionar pedidos, entregar productos, liquidar pagos, responder a consultas sobre pedidos o realizar otras tareas relacionadas con la venta de productos.<\/li><li>Proporcionar servicios de mantenimiento y reparaci\u00f3n de productos y asistencia al usuario.<\/li><li>Enviar cat\u00e1logos de productos, materiales, etc., previa solicitud.<\/li><li>Proponer productos y servicios, y proporcionar informaci\u00f3n sobre campa\u00f1as, eventos, seminarios, etc.<\/li><li>Para enviar sorteos, etc., para concursos con premio.<\/li><li>Desarrollar y mejorar los productos y servicios de la Empresa mediante la recogida de opiniones de los clientes, encuestas, etc.<\/li><li>Utilizar la informaci\u00f3n de los solicitantes para las actividades de contrataci\u00f3n de recursos humanos llevadas a cabo por la Empresa.<\/li><li>Utilizar la informaci\u00f3n del proveedor para la adquisici\u00f3n de material y otras transacciones entre el proveedor y la Empresa.<\/li><li>Responder a otras consultas, etc., recibidas por la Empresa.<\/li><\/ol><\/li><li>En el caso de que la Empresa utilice Datos Personales obtenidos con la intenci\u00f3n de utilizarlos para cualquiera de los fines anteriores m\u00e1s all\u00e1 del alcance de los fines de uso especificados, la Empresa notificar\u00e1 al individuo el fin del uso y obtendr\u00e1 el consentimiento del individuo por adelantado.<\/li><\/ul><h3><strong>7. Facilitar Datos Personales a un Tercero<\/strong><\/h3><p>La Empresa no proporcionar\u00e1 los Datos Personales recopilados a terceros sin el consentimiento del individuo. Sin embargo, esto no se aplica cuando se encomiende el tratamiento de Datos Personales, cuando los Datos Personales se utilicen conjuntamente, cuando sea necesario para la protecci\u00f3n de la vida humana o el patrimonio, o cuando lo exijan otras leyes y reglamentos. <\/p><h3><strong>8. Externalizaci\u00f3n del tratamiento de datos personales<\/strong><\/h3><p>La Empresa podr\u00e1 externalizar el tratamiento de los Datos Personales a un tercero dentro del \u00e1mbito necesario para alcanzar los fines de utilizaci\u00f3n especificados. En tales casos, la Empresa tomar\u00e1 las medidas necesarias para garantizar que el tercero subcontratado aplique las medidas de control de seguridad adecuadas. <\/p><h3><strong>9. Utilizaci\u00f3n conjunta de datos personales<\/strong><\/h3><p>La Empresa utilizar\u00e1 conjuntamente los Datos Personales que obren en su poder como se indica a continuaci\u00f3n. Sin embargo, puede haber otros casos de utilizaci\u00f3n conjunta, en cuyo caso la Empresa lo notificar\u00e1 por separado al individuo. <\/p><ol><li>Tipos de datos personales que se compartir\u00e1n:<ul><li>Nombre, raz\u00f3n social, c\u00f3digo postal, direcci\u00f3n, n\u00famero de tel\u00e9fono, n\u00famero de fax, direcci\u00f3n de correo electr\u00f3nico, historial de compras, estado del contrato, estado del pedido, estado del pago, sexo, edad, formaci\u00f3n acad\u00e9mica, historial laboral.<\/li><\/ul><\/li><li>\u00c1mbito de utilizaci\u00f3n conjunta:<ul><li>Empresas del Grupo Roland DG en Jap\u00f3n.<\/li><\/ul><\/li><li>Utilizaci\u00f3n Prop\u00f3sito de la empresa:<ul><li>La Empresa utilizar\u00e1 los Datos Personales para los fines descritos en \u00ab6. Finalidad de utilizaci\u00f3n de los Datos Personales\u00bb.<\/li><\/ul><\/li><li>Utilizaci\u00f3n Prop\u00f3sito de las empresas de Roland DG Group en Jap\u00f3n:<ul><li>Para las actividades de ventas y desarrollo de productos de la empresa del grupo, se aplicar\u00e1 lo mismo que se describe en (1), (2), (3), (4) y (6) de \u00ab6. Finalidad de utilizaci\u00f3n de los datos personales\u00bb.<\/li><li>Para la contrataci\u00f3n de la empresa del grupo, se aplicar\u00e1 lo mismo que se describe en (7) de \u00ab6. Finalidad de uso de los datos personales\u00bb.<\/li><li>Para las adquisiciones de la empresa del grupo, etc., se aplicar\u00e1 lo mismo que se describe en (8) de \u00ab6. Finalidad de utilizaci\u00f3n de los datos personales\u00bb.<\/li><li>Para la mejora de los servicios y operaciones comerciales relacionadas de la empresa del grupo, se aplicar\u00e1 lo mismo que se describe en \u00ab6. Finalidad de utilizaci\u00f3n de los datos personales\u00bb.<\/li><\/ul><\/li><li>Responsable de la Utilizaci\u00f3n Conjunta de Datos Personales:<ul><li>La parte descrita en \u00ab3. Operador comercial de tratamiento de datos personales\u00bb.<\/li><\/ul><\/li><\/ol><h3><strong>10. Utilizaci\u00f3n de Cookies, etc.<\/strong><\/h3><p>La Empresa puede recoger autom\u00e1ticamente los datos de los clientes cuando visitan el sitio web de la Empresa. Los datos recogidos incluyen los que son necesarios para que la Empresa haga funcionar su sitio web, como su tienda online, y los que son \u00fatiles para mejorar el sitio web de la Empresa, como el historial de visitas de los clientes. Generalmente, esta informaci\u00f3n no es personalmente identificable y, por tanto, no constituye \u00abDatos Personales\u00bb. El historial de visitas al sitio web, etc. puede facilitarse a otras empresas como \u00abCookies de terceros\u00bb. El tercero que reciba dicha informaci\u00f3n puede ser capaz de identificar a un individuo concreto cotej\u00e1ndola con otra informaci\u00f3n, en cuyo caso se convierte en \u00abDatos Personales\u00bb. Para proporcionar dicha informaci\u00f3n que puede considerarse \u00abDatos Personales\u00bb a un tercero, \u00e9ste debe obtener el consentimiento del individuo. La Empresa no proporcionar\u00e1 esta informaci\u00f3n a otras empresas a menos que se confirme este consentimiento.      <\/p><h3><strong>11. Divulgaci\u00f3n de informaci\u00f3n, rectificaci\u00f3n, cese de uso, etc.<\/strong><\/h3><p>La persona f\u00edsica objeto de los Datos Personales en posesi\u00f3n de la Empresa tiene derecho a realizar las siguientes solicitudes a la Empresa con respecto a dichos Datos Personales:<\/p><ul><li>El derecho a solicitar la divulgaci\u00f3n o correcci\u00f3n de los Datos Personales (incluyendo la adici\u00f3n o supresi\u00f3n de parte de los datos) y la divulgaci\u00f3n de los registros que la Empresa haya proporcionado a un tercero.<\/li><li>El derecho a solicitar que cese el uso de los Datos Personales o que se supriman por s\u00ed mismos si est\u00e1n comprendidos en alguno de los puntos siguientes.<br><ol class=\"parentheses_list\"><li>Cuando se trataron Datos Personales m\u00e1s all\u00e1 del \u00e1mbito de los fines especificados, sin el consentimiento del individuo legalmente prescrito.<\/li><li>Cuando se utilizaron Datos Personales de forma inadecuada.<\/li><li>Cuando los Datos Personales se hayan obtenido por medios indebidos.<\/li><li>Cuando los Datos Personales sean Datos Personales de Atenci\u00f3n Especial Requerida y se hayan obtenido sin el consentimiento de la persona legalmente prescrito.<\/li><li>Cuando la Empresa ya no necesite los Datos Personales para los fines previstos.<\/li><li>Cu\u00e1ndo se filtraron los Datos Personales, etc.<\/li><li>Cuando el tratamiento de los Datos Personales pueda lesionar los derechos o intereses leg\u00edtimos de la persona<br>.<\/li><\/ol><\/li><li>El derecho a solicitar que la Empresa deje de facilitar Datos Personales a un tercero si los Datos Personales entran en alguno de los siguientes supuestos:<br><ol class=\"parentheses_list\"><li>Cuando se facilitaron Datos Personales a un tercero sin el consentimiento de la persona legalmente prescrito.<\/li><li>Cuando la Empresa ya no necesite los Datos Personales para los fines previstos.<\/li><li>Cu\u00e1ndo se filtraron los Datos Personales, etc.<\/li><li>Cuando el tratamiento de los Datos Personales pueda lesionar los derechos o intereses leg\u00edtimos de la persona.<\/li><\/ol><\/li><\/ul><p>Si deseas realizar alguna de estas solicitudes, ponte en contacto con nosotros por correo electr\u00f3nico en la direcci\u00f3n indicada en \u00ab16. Contacto para Solicitudes de Divulgaci\u00f3n, etc. Consultas y Quejas\u00bb con los detalles espec\u00edficos de tu solicitud. Contacto para Solicitudes de Divulgaci\u00f3n, etc., Consultas y Quejas\u00bb con los detalles espec\u00edficos de tu solicitud.<br>La Empresa tomar\u00e1 las medidas oportunas tras comprobar que la solicitud ha sido realizada por dicha persona. Cuando deba enviarse un gran volumen de documentos en papel o cuando los medios electr\u00f3nicos que deban proporcionarse sean costosos, etc., podr\u00e1 cobrarse al particular el coste real. <\/p><h3><strong>12. Respuesta a la fuga de datos personales, etc.<\/strong><\/h3><p>En caso de que se haya producido o pueda producirse una fuga, etc., de Datos Personales que la Empresa conserve, \u00e9sta tomar\u00e1 inmediatamente medidas para contener el da\u00f1o, investigar los hechos, identificar la causa, determinar el alcance del impacto y adoptar medidas preventivas.<\/p><p>Adem\u00e1s, en caso de filtraci\u00f3n, etc., de Datos Personales Requeridos por Cuidados Especiales o de un caso que suponga un riesgo significativo de perjuicio para los derechos o intereses de una persona, la Empresa lo notificar\u00e1 a la Comisi\u00f3n de Protecci\u00f3n de Datos Personales y a la persona cuyos Datos Personales se hayan filtrado, etc.<\/p><h3><strong>13. Protecci\u00f3n de datos personales en sitios web enlazados<\/strong><\/h3><p>El sitio web de la Empresa puede contener enlaces a sitios web de terceros. Aunque la Empresa toma precauciones razonables para garantizar que estos enlaces no sean maliciosos, no forman parte del sitio web de la Empresa y, por tanto, recibir\u00e1n un tratamiento diferente al del sitio web de la Empresa en virtud de esta Pol\u00edtica de privacidad. Por favor, comprueba la pol\u00edtica de privacidad del sitio web enlazado en relaci\u00f3n con la protecci\u00f3n de la informaci\u00f3n personal en ese sitio web.  <\/p><h3><strong>14. Cambios en esta Pol\u00edtica de Privacidad<\/strong><\/h3><p>La Empresa puede modificar esta Pol\u00edtica de Privacidad en respuesta a cambios en las leyes y reglamentos aplicables, etc., y a cambios en las pol\u00edticas de la Empresa. Comprueba la fecha que aparece al principio de esta Pol\u00edtica de Privacidad para ver si se ha realizado alg\u00fan cambio. <\/p><h3><strong>15. Jurisdicci\u00f3n<\/strong><\/h3><p>El tribunal de primera instancia para todas las disputas relacionadas con esta Pol\u00edtica de Privacidad ser\u00e1 el tribunal de jurisdicci\u00f3n exclusiva de la ubicaci\u00f3n de la sede de la Empresa.<\/p><h3><strong>16. Contacto para solicitudes de divulgaci\u00f3n, etc., consultas y reclamaciones<\/strong><\/h3><p>La Empresa ha establecido un punto de contacto para todas las consultas relacionadas con la Informaci\u00f3n Personal. Si tienes alguna pregunta o queja sobre el tratamiento de la Informaci\u00f3n Personal por parte de la Empresa, o si deseas realizar una solicitud sobre cualquiera de los puntos enumerados en \u00ab11. Divulgaci\u00f3n de la Informaci\u00f3n, Correcci\u00f3n, Cese de Uso, etc.\u00bb, ponte en contacto con nosotros por correo electr\u00f3nico en la siguiente direcci\u00f3n: <\/p><p><strong>Contacto para informaci\u00f3n personal<\/strong><br>Direcci\u00f3n de correo electr\u00f3nico:<span style=\"color: #8ce128;\"> <a style=\"color: #8ce128;\" href=\"mailto:dgs-marketing@dgshape.com\">dgs-marketing@dgshape.com<\/a><\/span><\/p>\t\t\t\t\t\t\t\t<\/div>\n\t\t\t\t<\/div>\n\t\t\t\t<\/div>\n\t\t\t\t\t<\/div>\n\t\t\t\t<\/div>\n\t\t\t\t<\/div>\n\t\t","protected":false},"excerpt":{"rendered":"<p>Pol\u00edtica de privacidad 1 de abril de 2022 DGSHAPE Corporation (en adelante \u00abla Empresa\u00bb) ha establecido la \u00abPol\u00edtica B\u00e1sica de Protecci\u00f3n de Datos Personales\u00bb y se compromete a tratar y proteger los Datos Personales de forma adecuada. Esta Pol\u00edtica de Privacidad se interpretar\u00e1 de acuerdo con las leyes de Jap\u00f3n. 1. Pol\u00edtica b\u00e1sica de protecci\u00f3n [&hellip;]<\/p>\n","protected":false},"author":1,"featured_media":0,"parent":0,"menu_order":0,"comment_status":"closed","ping_status":"closed","template":"elementor_header_footer","meta":{"footnotes":""},"class_list":["post-57258","page","type-page","status-publish","hentry"],"aioseo_notices":[],"_links":{"self":[{"href":"https:\/\/dgshape.com\/es\/wp-json\/wp\/v2\/pages\/57258","targetHints":{"allow":["GET"]}}],"collection":[{"href":"https:\/\/dgshape.com\/es\/wp-json\/wp\/v2\/pages"}],"about":[{"href":"https:\/\/dgshape.com\/es\/wp-json\/wp\/v2\/types\/page"}],"author":[{"embeddable":true,"href":"https:\/\/dgshape.com\/es\/wp-json\/wp\/v2\/users\/1"}],"replies":[{"embeddable":true,"href":"https:\/\/dgshape.com\/es\/wp-json\/wp\/v2\/comments?post=57258"}],"version-history":[{"count":1,"href":"https:\/\/dgshape.com\/es\/wp-json\/wp\/v2\/pages\/57258\/revisions"}],"predecessor-version":[{"id":57296,"href":"https:\/\/dgshape.com\/es\/wp-json\/wp\/v2\/pages\/57258\/revisions\/57296"}],"wp:attachment":[{"href":"https:\/\/dgshape.com\/es\/wp-json\/wp\/v2\/media?parent=57258"}],"curies":[{"name":"wp","href":"https:\/\/api.w.org\/{rel}","templated":true}]}}