{"id":57209,"date":"2025-04-09T11:37:05","date_gmt":"2025-04-09T11:37:05","guid":{"rendered":"https:\/\/dgshape.com\/?page_id=57209"},"modified":"2025-11-27T15:30:07","modified_gmt":"2025-11-27T15:30:07","slug":"politica-de-privacidad-gdpr","status":"publish","type":"page","link":"https:\/\/dgshape.com\/es\/politica-de-privacidad-gdpr\/","title":{"rendered":"Pol\u00edtica de privacidad GDPR"},"content":{"rendered":"\t\t<div data-elementor-type=\"wp-page\" data-elementor-id=\"57209\" class=\"elementor elementor-57209 elementor-10229\" data-elementor-post-type=\"page\">\n\t\t\t\t<div class=\"elementor-element elementor-element-a5b3f93 e-flex e-con-boxed e-con e-parent\" data-id=\"a5b3f93\" data-element_type=\"container\" data-e-type=\"container\" data-settings=\"{&quot;background_background&quot;:&quot;classic&quot;}\">\n\t\t\t\t\t<div class=\"e-con-inner\">\n\t\t<div class=\"elementor-element elementor-element-3e75c4b e-con-full e-flex e-con e-child\" data-id=\"3e75c4b\" data-element_type=\"container\" data-e-type=\"container\" data-settings=\"{&quot;background_background&quot;:&quot;classic&quot;}\">\n\t\t\t\t<div class=\"elementor-element elementor-element-fd40dc6 elementor-widget elementor-widget-text-editor\" data-id=\"fd40dc6\" data-element_type=\"widget\" data-e-type=\"widget\" data-widget_type=\"text-editor.default\">\n\t\t\t\t<div class=\"elementor-widget-container\">\n\t\t\t\t\t\t\t\t\t<p>Pol\u00edtica de privacidad GDPR<\/p>\t\t\t\t\t\t\t\t<\/div>\n\t\t\t\t<\/div>\n\t\t\t\t<div class=\"elementor-element elementor-element-580596f elementor-widget elementor-widget-text-editor\" data-id=\"580596f\" data-element_type=\"widget\" data-e-type=\"widget\" data-widget_type=\"text-editor.default\">\n\t\t\t\t<div class=\"elementor-widget-container\">\n\t\t\t\t\t\t\t\t\t<p style=\"text-align: right;\">Revisado: 1 de abril de 2022<\/p><p><strong>Esta Pol\u00edtica de Privacidad es aplicable a las personas f\u00edsicas a las que se aplica el Reglamento General de Protecci\u00f3n de Datos de la UE (\u00abRGPD\u00bb).<\/strong><\/p><p>DGSHAPE Corporation (\u00abDGSHAPE\u00bb), como responsable del tratamiento de la informaci\u00f3n personal que procesa, se compromete a salvaguardar la privacidad de las personas cuyos datos personales procesa, incluidos los visitantes de nuestro sitio web. Esta Pol\u00edtica de Privacidad establece c\u00f3mo recopilamos, compartimos y utilizamos tu informaci\u00f3n personal y c\u00f3mo puedes ejercer tus derechos de privacidad. <\/p><p>El representante de DGSHAPE a efectos de la ley de protecci\u00f3n de datos de la UE es Roland DG EMEA N.V. Si tienes alguna pregunta o duda sobre el uso que hacemos de tu informaci\u00f3n personal, ponte en contacto con nosotros o con nuestro representante de la UE utilizando los datos de contacto que figuran en la secci\u00f3n \u00ab12. C\u00f3mo contactar con nosotros\u00bb m\u00e1s abajo. <\/p><h3><strong>1. \u00bfQu\u00e9 informaci\u00f3n recogemos?<\/strong><\/h3><p>La informaci\u00f3n personal que podemos recopilar, almacenar y utilizar sobre los visitantes de nuestro sitio web, clientes, distribuidores de DGSHAPE, contactos, ingenieros de servicio, entre otros (\u00abt\u00fa\u00bb), se clasifica a grandes rasgos en las siguientes categor\u00edas:<\/p><p><strong>(a) Informaci\u00f3n que proporcionas voluntariamente<br><\/strong>Podemos pedirte que proporciones informaci\u00f3n personal voluntariamente: por ejemplo, podemos pedirte que proporciones tu nombre y datos de contacto (por ejemplo, nombre de la empresa, direcci\u00f3n, n\u00famero de tel\u00e9fono y direcci\u00f3n de correo electr\u00f3nico) para registrar una cuenta con nosotros, para suscribirte a nuestras comunicaciones de marketing y\/o para enviarnos consultas. La informaci\u00f3n personal que se te pide que proporciones, y las razones por las que se te pide que la proporciones, se te aclarar\u00e1n en el momento en que te pidamos que proporciones tu informaci\u00f3n personal. <\/p><p><strong>(b) Informaci\u00f3n que recopilamos autom\u00e1ticamente<br><\/strong>Cuando visitas nuestro sitio web, podemos recopilar cierta informaci\u00f3n autom\u00e1ticamente de tu dispositivo. En algunos pa\u00edses, incluidos los del Espacio Econ\u00f3mico Europeo, esta informaci\u00f3n puede considerarse informaci\u00f3n personal seg\u00fan las leyes de protecci\u00f3n de datos aplicables. En concreto, la informaci\u00f3n que recopilamos autom\u00e1ticamente puede incluir datos como tu direcci\u00f3n IP, ubicaci\u00f3n geogr\u00e1fica (por ejemplo, ubicaci\u00f3n a nivel de pa\u00eds o ciudad), tipo y versi\u00f3n del navegador, sistema operativo, fuente de referencia, duraci\u00f3n de la visita, p\u00e1ginas vistas y navegaci\u00f3n por el sitio web.<br>La recopilaci\u00f3n de esta informaci\u00f3n nos permite comprender mejor a los visitantes que llegan a nuestro sitio web, de d\u00f3nde vienen y qu\u00e9 contenido de nuestro sitio web les interesa. Utilizamos esta informaci\u00f3n para nuestros fines anal\u00edticos internos y para mejorar la calidad y relevancia de nuestro sitio web para nuestros visitantes.<br>Parte de esta informaci\u00f3n puede recopilarse utilizando cookies y tecnolog\u00eda de seguimiento similar, como se explica con m\u00e1s detalle en el apartado \u00ab2. Cookies y tecnolog\u00eda de seguimiento similar\u00bb.   <\/p><p><strong>(c) Informaci\u00f3n que obtenemos de<\/strong>terceras fuentes <strong><br> De vez en cuando, podemos recibir informaci\u00f3n personal sobre ti de terceras fuentes (por ejemplo, otras entidades del grupo Roland DG, de intermediarios de datos, vendedores de exposiciones y proveedores de listas), pero s\u00f3lo cuando hayamos comprobado que estas terceras partes tienen tu consentimiento o est\u00e1n legalmente autorizadas u obligadas a revelarnos tu informaci\u00f3n personal.<\/strong><br>Los tipos de informaci\u00f3n que recopilamos de terceras partes podr\u00edan incluir, por ejemplo, nombre, cargo, datos de contacto. Utilizamos la informaci\u00f3n que recibimos de estos terceros para comunicar informaci\u00f3n y ofertas de nuestros productos y servicios, o para mantener o mejorar la exactitud de los registros que tenemos sobre ti. <\/p><h3><strong>2. Cookies y tecnolog\u00eda de seguimiento similar<\/strong><\/h3><p>Utilizamos cookies y tecnolog\u00eda de seguimiento similar (colectivamente, \u00abCookies\u00bb) para recopilar y utilizar informaci\u00f3n personal sobre ti. Para m\u00e1s informaci\u00f3n sobre los tipos de Cookies que utilizamos, por qu\u00e9 y c\u00f3mo puedes controlar las Cookies, consulta nuestro <a href=\"\/es\/?page_id=56973\">Aviso sobre Cookies<\/a>. <\/p><h3><strong>3. Por qu\u00e9 utilizamos tus datos personales<\/strong><\/h3><p>La informaci\u00f3n personal que nos env\u00edes se utilizar\u00e1 para los fines especificados en esta Pol\u00edtica de Privacidad o en las partes pertinentes del sitio web.<br>Podemos utilizar tu informaci\u00f3n personal para:<\/p><ol type=\"a\"><li>administrar el sitio web;<\/li><li>mejorar tu experiencia de navegaci\u00f3n personalizando el sitio web;<\/li><li>permitirte utilizar los servicios disponibles en el sitio web;<\/li><li>enviarte correos electr\u00f3nicos de servicio;<\/li><li>enviarte notificaciones por correo electr\u00f3nico que hayas solicitado espec\u00edficamente;<\/li><li>organizar eventos, promocionar nuestras organizaciones, incluso mediante la publicaci\u00f3n de contenido relevante (por ejemplo, blogs o entrevistas), enviarte nuestro bolet\u00edn de noticias y otras comunicaciones de marketing relacionadas con nuestro negocio o los negocios de terceros cuidadosamente seleccionados que consideremos que pueden ser de tu inter\u00e9s por correo postal o, cuando lo hayas aceptado espec\u00edficamente, por correo electr\u00f3nico o tecnolog\u00eda similar (puedes informarnos en cualquier momento si ya no deseas recibir comunicaciones de marketing);<\/li><li>proporcionar a terceros informaci\u00f3n estad\u00edstica sobre nuestros usuarios, pero esta informaci\u00f3n no se utilizar\u00e1 para identificar a ning\u00fan usuario individual;<\/li><li>tratar las consultas y reclamaciones realizadas por ti o sobre ti en relaci\u00f3n con el sitio web; y<\/li><li>reflejar las opiniones de los clientes en el desarrollo de productos o en la mejora o desarrollo de servicios.<\/li><\/ol><p>Cuando env\u00edes informaci\u00f3n personal para su publicaci\u00f3n en nuestro sitio web, publicaremos y utilizaremos dicha informaci\u00f3n de acuerdo con los t\u00e9rminos de esta Pol\u00edtica de Privacidad.<\/p><p>No facilitaremos tus datos personales a terceros con fines de marketing directo sin tu consentimiento cuando \u00e9ste sea necesario.<\/p><h3><strong>4. \u00bfCon qui\u00e9n compartimos tu informaci\u00f3n personal?<\/strong><\/h3><p>Podemos revelar tu informaci\u00f3n personal a las siguientes categor\u00edas de destinatarios:<\/p><ol type=\"a\"><li>a las empresas de nuestro grupo, terceros proveedores de servicios y socios que nos prestan servicios de tratamiento de datos (por ejemplo, para apoyar la entrega de, proporcionar funcionalidad en, o ayudar a mejorar la seguridad de nuestro sitio web), o que de otro modo procesan informaci\u00f3n personal para los fines establecidos en esta Pol\u00edtica de Privacidad o notificados a ti cuando recopilamos tu informaci\u00f3n personal;<\/li><li>a cualquier organismo competente de aplicaci\u00f3n de la ley, regulador, agencia gubernamental, tribunal u otro tercero cuando consideremos que la divulgaci\u00f3n es necesaria (i) en virtud de la ley o normativa aplicable, (ii) para ejercer, establecer o defender nuestros derechos legales, o (iii) para proteger tus intereses vitales o los de cualquier otra persona;\/li   &gt;<\/li><li>al comprador (o posible comprador) y a sus agentes y asesores en relaci\u00f3n con cualquier compra, fusi\u00f3n o adquisici\u00f3n real o propuesta de cualquier empresa o activo, siempre que informemos al comprador de que debe utilizar tus datos personales \u00fanicamente para los fines indicados en esta Pol\u00edtica de privacidad; y\/li&gt;<\/li><li>a cualquier otra persona con tu consentimiento para la divulgaci\u00f3n.<\/li><li> <\/li><\/ol><h3><strong>5. Base jur\u00eddica para el tratamiento de datos personales<\/strong><\/h3><p>Nuestra base jur\u00eddica para recopilar y utilizar la informaci\u00f3n personal descrita anteriormente depender\u00e1 de la informaci\u00f3n personal en cuesti\u00f3n y del contexto espec\u00edfico en el que la recopilemos.<\/p><p>Sin embargo, normalmente s\u00f3lo recopilaremos informaci\u00f3n personal sobre ti (i) cuando la necesitemos para cumplir un contrato contigo, (ii) cuando el tratamiento sea en nuestro inter\u00e9s leg\u00edtimo y no est\u00e9 anulado por tus derechos, o (iii) cuando tengamos tu consentimiento para hacerlo. En algunos casos, tambi\u00e9n podemos tener la obligaci\u00f3n legal de recabar tus datos personales o podemos necesitarlos para proteger tus intereses vitales o los de otra persona.    <\/p><p>Si te pedimos que proporciones informaci\u00f3n personal para cumplir con un requisito legal o para realizar un contacto contigo, lo dejaremos claro en el momento pertinente y te informaremos de si el suministro de tu informaci\u00f3n personal es obligatorio o no (as\u00ed como de las posibles consecuencias si no proporcionas tu informaci\u00f3n personal).<\/p><p>Si recogemos y utilizamos tus datos personales en virtud de nuestros intereses leg\u00edtimos (o los de un tercero), este inter\u00e9s ser\u00e1 normalmente el de operar nuestra plataforma y comunicarnos contigo seg\u00fan sea necesario para prestarte nuestros servicios y por nuestro inter\u00e9s comercial leg\u00edtimo, por ejemplo, al responder a tus consultas, mejorar nuestra plataforma o realizar actividades de marketing. Podemos tener otros intereses leg\u00edtimos y, si procede, te aclararemos en el momento pertinente cu\u00e1les son esos intereses leg\u00edtimos. <\/p><p>Si tienes alguna pregunta o necesitas m\u00e1s informaci\u00f3n sobre la base jur\u00eddica en la que recogemos y utilizamos tus datos personales, ponte en contacto con nosotros utilizando los datos de contacto que figuran en el apartado \u00ab12. C\u00f3mo ponerse en contacto con nosotros\u00bb m\u00e1s abajo.<\/p><h3><strong>6. Transferencias internacionales de datos<\/strong><\/h3><p>Tu informaci\u00f3n personal puede ser transferida y procesada en y transferida entre cualquiera de los pa\u00edses en los que nosotros o nuestros proveedores de servicios y socios operamos para permitirnos utilizar la informaci\u00f3n de acuerdo con esta Pol\u00edtica de Privacidad. Estos pa\u00edses pueden ser diferentes al pa\u00eds en el que resides y tener leyes de protecci\u00f3n de datos diferentes a las leyes de tu pa\u00eds. <\/p><p>Sin embargo, hemos tomado las medidas de seguridad adecuadas para garantizar que tus datos personales permanezcan protegidos de acuerdo con esta Pol\u00edtica de privacidad.<\/p><h3><strong>7. Seguridad de tu informaci\u00f3n personal<\/strong><\/h3><p>Utilizaremos las medidas t\u00e9cnicas y organizativas adecuadas para proteger la informaci\u00f3n personal que recopilemos y procesemos sobre ti. Las medidas que utilizamos est\u00e1n dise\u00f1adas para proporcionar un nivel de seguridad adecuado al riesgo de procesar tu informaci\u00f3n personal. <\/p><h3><strong>8. Conservaci\u00f3n de datos<\/strong><\/h3><p>Conservamos la informaci\u00f3n personal que recopilamos de ti cuando tenemos una necesidad comercial leg\u00edtima y continuada de hacerlo (por ejemplo, para prestarte un servicio que has solicitado o para cumplir los requisitos legales, fiscales o contables aplicables).<\/p><p>Cuando ya no tengamos ninguna necesidad comercial leg\u00edtima de procesar tu informaci\u00f3n personal, la eliminaremos o anonimizaremos o, si esto no es posible (por ejemplo, porque tu informaci\u00f3n personal se ha almacenado en archivos de copia de seguridad), almacenaremos de forma segura tu informaci\u00f3n personal y la aislaremos de cualquier procesamiento posterior hasta que sea posible eliminarla.<\/p><h3><strong>9. Modificaciones de esta Pol\u00edtica de Privacidad<\/strong><\/h3><p>Podemos actualizar esta Pol\u00edtica de Privacidad de vez en cuando en respuesta a cambios legales, t\u00e9cnicos o empresariales. Cuando actualicemos nuestra Pol\u00edtica de Privacidad, tomaremos las medidas adecuadas para informarte, en consonancia con la importancia de los cambios que realicemos. Obtendremos tu consentimiento para cualquier cambio material en la Pol\u00edtica de Privacidad siempre y cuando lo exijan las leyes de protecci\u00f3n de datos aplicables.  <\/p><h3><strong>10. Tus derechos de protecci\u00f3n de datos<\/strong><\/h3><p>Tienes los siguientes derechos de protecci\u00f3n de datos:<\/p><ul><li>Si deseas acceder, rectificar, actualizar o solicitar la eliminaci\u00f3n de tus datos personales, puedes hacerlo en cualquier momento poni\u00e9ndote en contacto con nosotros utilizando los datos de contacto que figuran en el apartado \u00ab12. C\u00f3mo ponerse en contacto con nosotros\u00bb m\u00e1s abajo.<\/li><li>Adem\u00e1s, puedes oponerte al tratamiento de tu informaci\u00f3n personal, pedirnos que restrinjamos el tratamiento de tu informaci\u00f3n personal o solicitar la portabilidad de tu informaci\u00f3n personal. Una vez m\u00e1s, puedes ejercer estos derechos poni\u00e9ndote en contacto con nosotros utilizando los datos de contacto que figuran en el apartado \u00ab12. C\u00f3mo ponerse en contacto con nosotros\u00bb m\u00e1s abajo. <\/li><li>Si hemos recopilado y procesado tu informaci\u00f3n personal con tu consentimiento, puedes retirar tu consentimiento en cualquier momento. La retirada de tu consentimiento no afectar\u00e1 a la legalidad de cualquier tratamiento que hayamos realizado antes de tu retirada, ni afectar\u00e1 al tratamiento de tu informaci\u00f3n personal realizado sobre la base de motivos legales de tratamiento distintos del consentimiento. <\/li><li>Tienes derecho a reclamar ante una autoridad de protecci\u00f3n de datos sobre nuestra recogida y uso de tu informaci\u00f3n personal. Para m\u00e1s informaci\u00f3n, ponte en contacto con tu autoridad local de protecci\u00f3n de datos. <\/li><\/ul><p>Respondemos a todas las solicitudes que recibimos de personas que desean ejercer sus derechos de protecci\u00f3n de datos de acuerdo con las leyes de protecci\u00f3n de datos aplicables. Tras enviar tu solicitud, es posible que te pidamos que acredites tu identidad para confirmar tus datos. <\/p><h3><strong>11. Sitios web de terceros<\/strong><\/h3><p>El sitio web contiene enlaces a otros sitios web. No somos responsables de las pol\u00edticas o pr\u00e1cticas de privacidad de los sitios web de terceros. <\/p><h3><strong>12. C\u00f3mo contactar con nosotros<\/strong><\/h3><p>Para consultas relativas a tu informaci\u00f3n personal, o para solicitar que se deje de facilitar informaci\u00f3n personal a un tercero, o para solicitar la divulgaci\u00f3n o correcci\u00f3n de tu informaci\u00f3n personal, etc., ponte en contacto con nosotros en:<\/p><p><strong>Oficina de Informaci\u00f3n Personal<\/strong><br>DGSHAPE Corporation<br>1-1-2 Shinmiyakoda, Hamana-ku, Hamamatsu-shi, Shizuoka-ken<br>431-2103 JAPAN<br>Correo electr\u00f3nico:<span style=\"color: #8ce128;\"> <a style=\"color: #8ce128;\" href=\"mailto:dgs-marketing@dgshape.com\">dgs-marketing@dgshape.com<\/a><\/span><\/p><p><strong>Representante de la DGSHAPE en la UE<\/strong><br>Roland DG EMEA N.V.<br>Bell Telephonelaan 2G, 2440 Geel, B\u00e9lgica<br>Correo electr\u00f3nico: <span style=\"color: #8ce128;\"><a style=\"color: #8ce128;\" href=\"mailto:emea-gdpr@rolanddg.com\">emea-gdpr@rolanddg.com<\/a><\/span><\/p><p><strong>Aviso de privacidad local EMEA<br><\/strong>Espa\u00f1a <span style=\"color: #8ce128;\"> <a style=\"color: #8ce128;\" href=\"https:\/\/www.rolanddg.eu\/es-es\/empresa\/privacy-notice\">https:\/\/www.rolanddg.eu\/es-es\/empresa\/privacy-notice<\/a><\/span><br>Italia <span style=\"color: #8ce128;\"><a style=\"color: #8ce128;\" href=\"https:\/\/www.rolanddg.eu\/it\/azienda\/privacy-notice\">https:\/\/www.rolanddg.eu\/it\/azienda\/privacy-notice<\/a><\/span><br>REINO UNIDO <span style=\"color: #8ce128;\"><a style=\"color: #8ce128;\" href=\"https:\/\/www.rolanddg.eu\/en-gb\/company\/privacy-notice\">https:\/\/www.rolanddg.eu\/en-gb\/company\/privacy-notice<\/a><\/span><br>Francia <span style=\"color: #8ce128;\"><a style=\"color: #8ce128;\" href=\"https:\/\/www.rolanddg.eu\/fr\/notre-entreprise\/privacy-notice\">https:\/\/www.rolanddg.eu\/fr\/notre-entreprise\/privacy-notice<\/a><\/span><br>Alemania <span style=\"color: #8ce128;\"><a style=\"color: #8ce128;\" href=\"https:\/\/www.rolanddg.eu\/de\/uber-uns\/privacy-notice\">https:\/\/www.rolanddg.eu\/de\/uber-uns\/privacy-notice<\/a><\/span><br>Rusia <span style=\"color: #8ce128;\"><a style=\"color: #8ce128;\" href=\"https:\/\/www.rolanddg.eu\/ru\/uznajte-podrobnee-o-kompanii-roland-dg-north-europe\/privacy-notice\">https:\/\/www.rolanddg.eu\/ru\/uznajte-podrobnee-o-kompanii-roland-dg-north-europe\/privacy-notice<\/a><\/span><br>Pa\u00edses Bajos        <span style=\"color: #8ce128;\"><a style=\"color: #8ce128;\" href=\"https:\/\/www.rolanddg.eu\/nl\/bedrijf\/privacy-notice\">https:\/\/www.rolanddg.eu\/nl\/bedrijf\/privacy-notice<\/a><\/span><\/p>\t\t\t\t\t\t\t\t<\/div>\n\t\t\t\t<\/div>\n\t\t\t\t<\/div>\n\t\t\t\t\t<\/div>\n\t\t\t\t<\/div>\n\t\t\t\t<\/div>\n\t\t","protected":false},"excerpt":{"rendered":"<p>Pol\u00edtica de privacidad GDPR Revisado: 1 de abril de 2022 Esta Pol\u00edtica de Privacidad es aplicable a las personas f\u00edsicas a las que se aplica el Reglamento General de Protecci\u00f3n de Datos de la UE (\u00abRGPD\u00bb). DGSHAPE Corporation (\u00abDGSHAPE\u00bb), como responsable del tratamiento de la informaci\u00f3n personal que procesa, se compromete a salvaguardar la privacidad [&hellip;]<\/p>\n","protected":false},"author":1,"featured_media":0,"parent":0,"menu_order":0,"comment_status":"closed","ping_status":"closed","template":"elementor_header_footer","meta":{"footnotes":""},"class_list":["post-57209","page","type-page","status-publish","hentry"],"aioseo_notices":[],"_links":{"self":[{"href":"https:\/\/dgshape.com\/es\/wp-json\/wp\/v2\/pages\/57209","targetHints":{"allow":["GET"]}}],"collection":[{"href":"https:\/\/dgshape.com\/es\/wp-json\/wp\/v2\/pages"}],"about":[{"href":"https:\/\/dgshape.com\/es\/wp-json\/wp\/v2\/types\/page"}],"author":[{"embeddable":true,"href":"https:\/\/dgshape.com\/es\/wp-json\/wp\/v2\/users\/1"}],"replies":[{"embeddable":true,"href":"https:\/\/dgshape.com\/es\/wp-json\/wp\/v2\/comments?post=57209"}],"version-history":[{"count":2,"href":"https:\/\/dgshape.com\/es\/wp-json\/wp\/v2\/pages\/57209\/revisions"}],"predecessor-version":[{"id":76704,"href":"https:\/\/dgshape.com\/es\/wp-json\/wp\/v2\/pages\/57209\/revisions\/76704"}],"wp:attachment":[{"href":"https:\/\/dgshape.com\/es\/wp-json\/wp\/v2\/media?parent=57209"}],"curies":[{"name":"wp","href":"https:\/\/api.w.org\/{rel}","templated":true}]}}