{"id":56973,"date":"2025-04-09T11:37:03","date_gmt":"2025-04-09T11:37:03","guid":{"rendered":"https:\/\/dgshape.com\/?page_id=56973"},"modified":"2026-01-19T13:14:28","modified_gmt":"2026-01-19T13:14:28","slug":"aviso-sobre-cookies","status":"publish","type":"page","link":"https:\/\/dgshape.com\/es\/aviso-sobre-cookies\/","title":{"rendered":"Aviso sobre cookies"},"content":{"rendered":"\t\t<div data-elementor-type=\"wp-page\" data-elementor-id=\"56973\" class=\"elementor elementor-56973 elementor-10241\" data-elementor-post-type=\"page\">\n\t\t\t\t<div class=\"elementor-element elementor-element-485e866 e-flex e-con-boxed e-con e-parent\" data-id=\"485e866\" data-element_type=\"container\" data-e-type=\"container\" data-settings=\"{&quot;background_background&quot;:&quot;classic&quot;}\">\n\t\t\t\t\t<div class=\"e-con-inner\">\n\t\t<div class=\"elementor-element elementor-element-8ddd57c e-con-full e-flex e-con e-child\" data-id=\"8ddd57c\" data-element_type=\"container\" data-e-type=\"container\" data-settings=\"{&quot;background_background&quot;:&quot;classic&quot;}\">\n\t\t\t\t<div class=\"elementor-element elementor-element-815393b elementor-widget elementor-widget-heading\" data-id=\"815393b\" data-element_type=\"widget\" data-e-type=\"widget\" data-widget_type=\"heading.default\">\n\t\t\t\t<div class=\"elementor-widget-container\">\n\t\t\t\t\t<h2 class=\"elementor-heading-title elementor-size-default\">Aviso sobre cookies<\/h2>\t\t\t\t<\/div>\n\t\t\t\t<\/div>\n\t\t\t\t<div class=\"elementor-element elementor-element-132385b elementor-widget elementor-widget-text-editor\" data-id=\"132385b\" data-element_type=\"widget\" data-e-type=\"widget\" data-widget_type=\"text-editor.default\">\n\t\t\t\t<div class=\"elementor-widget-container\">\n\t\t\t\t\t\t\t\t\t<p>Este Aviso sobre cookies explica c\u00f3mo DGSHAPE Corporation (colectivamente \u00abnosotros\u00bb, \u00abnos\u00bb y \u00abnuestro\u00bb) utiliza cookies y tecnolog\u00edas similares para reconocerte cuando visitas nuestros sitios web en <a href=\"https:\/\/www.www.dgshapedev.com\">https:\/\/www.www.dgshape.com<\/a> y <a href=\"https:\/\/dgshapecloud.com\">https:\/\/dgshapecloud.com<\/a> (\u00abSitios web\u00bb). Explica qu\u00e9 son estas tecnolog\u00edas y por qu\u00e9 las utilizamos, as\u00ed como tus derechos a controlar el uso que hacemos de ellas. <\/p>\t\t\t\t\t\t\t\t<\/div>\n\t\t\t\t<\/div>\n\t\t\t\t<div class=\"elementor-element elementor-element-0830258 elementor-widget elementor-widget-html\" data-id=\"0830258\" data-element_type=\"widget\" data-e-type=\"widget\" data-widget_type=\"html.default\">\n\t\t\t\t<div class=\"elementor-widget-container\">\n\t\t\t\t\t<script id=\"CookieDeclaration\" src=\"https:\/\/consent.cookiebot.com\/311a1201-fc4a-42fc-96e5-5ae73441df4e\/cd.js\" type=\"text\/javascript\" async><\/script>\t\t\t\t<\/div>\n\t\t\t\t<\/div>\n\t\t\t\t<\/div>\n\t\t\t\t\t<\/div>\n\t\t\t\t<\/div>\n\t\t\t\t<\/div>\n\t\t","protected":false},"excerpt":{"rendered":"<p>Aviso sobre cookies Este Aviso sobre cookies explica c\u00f3mo DGSHAPE Corporation (colectivamente \u00abnosotros\u00bb, \u00abnos\u00bb y \u00abnuestro\u00bb) utiliza cookies y tecnolog\u00edas similares para reconocerte cuando visitas nuestros sitios web en https:\/\/www.www.dgshape.com y https:\/\/dgshapecloud.com (\u00abSitios web\u00bb). Explica qu\u00e9 son estas tecnolog\u00edas y por qu\u00e9 las utilizamos, as\u00ed como tus derechos a controlar el uso que hacemos de [&hellip;]<\/p>\n","protected":false},"author":1,"featured_media":0,"parent":0,"menu_order":0,"comment_status":"closed","ping_status":"closed","template":"elementor_header_footer","meta":{"footnotes":""},"class_list":["post-56973","page","type-page","status-publish","hentry"],"aioseo_notices":[],"_links":{"self":[{"href":"https:\/\/dgshape.com\/es\/wp-json\/wp\/v2\/pages\/56973","targetHints":{"allow":["GET"]}}],"collection":[{"href":"https:\/\/dgshape.com\/es\/wp-json\/wp\/v2\/pages"}],"about":[{"href":"https:\/\/dgshape.com\/es\/wp-json\/wp\/v2\/types\/page"}],"author":[{"embeddable":true,"href":"https:\/\/dgshape.com\/es\/wp-json\/wp\/v2\/users\/1"}],"replies":[{"embeddable":true,"href":"https:\/\/dgshape.com\/es\/wp-json\/wp\/v2\/comments?post=56973"}],"version-history":[{"count":1,"href":"https:\/\/dgshape.com\/es\/wp-json\/wp\/v2\/pages\/56973\/revisions"}],"predecessor-version":[{"id":56974,"href":"https:\/\/dgshape.com\/es\/wp-json\/wp\/v2\/pages\/56973\/revisions\/56974"}],"wp:attachment":[{"href":"https:\/\/dgshape.com\/es\/wp-json\/wp\/v2\/media?parent=56973"}],"curies":[{"name":"wp","href":"https:\/\/api.w.org\/{rel}","templated":true}]}}