{"id":60978,"date":"2025-05-30T06:05:16","date_gmt":"2025-05-30T06:05:16","guid":{"rendered":"https:\/\/dgshape.com\/?page_id=60978"},"modified":"2025-11-27T15:30:08","modified_gmt":"2025-11-27T15:30:08","slug":"datenschutzbestimmungen","status":"publish","type":"page","link":"https:\/\/dgshape.com\/de\/datenschutzbestimmungen\/","title":{"rendered":"Datenschutzbestimmungen"},"content":{"rendered":"\t\t<div data-elementor-type=\"wp-page\" data-elementor-id=\"60978\" class=\"elementor elementor-60978 elementor-10219\" data-elementor-post-type=\"page\">\n\t\t\t\t<div class=\"elementor-element elementor-element-4a0e42d e-flex e-con-boxed e-con e-parent\" data-id=\"4a0e42d\" data-element_type=\"container\" data-e-type=\"container\" data-settings=\"{&quot;background_background&quot;:&quot;classic&quot;}\">\n\t\t\t\t\t<div class=\"e-con-inner\">\n\t\t<div class=\"elementor-element elementor-element-5447e47 e-con-full e-flex e-con e-child\" data-id=\"5447e47\" data-element_type=\"container\" data-e-type=\"container\" data-settings=\"{&quot;background_background&quot;:&quot;classic&quot;}\">\n\t\t\t\t<div class=\"elementor-element elementor-element-7d58020 elementor-widget elementor-widget-text-editor\" data-id=\"7d58020\" data-element_type=\"widget\" data-e-type=\"widget\" data-widget_type=\"text-editor.default\">\n\t\t\t\t<div class=\"elementor-widget-container\">\n\t\t\t\t\t\t\t\t\tDatenschutzbestimmungen\t\t\t\t\t\t\t\t<\/div>\n\t\t\t\t<\/div>\n\t\t\t\t<div class=\"elementor-element elementor-element-e822cd5 elementor-widget elementor-widget-text-editor\" data-id=\"e822cd5\" data-element_type=\"widget\" data-e-type=\"widget\" data-widget_type=\"text-editor.default\">\n\t\t\t\t<div class=\"elementor-widget-container\">\n\t\t\t\t\t\t\t\t\t<p style=\"text-align: right;\">April 1, 2022<\/p><p>Die DGSHAPE Corporation (im Folgenden als &#8222;das Unternehmen&#8220; bezeichnet) hat die &#8222;Grundlegende Richtlinie zum Schutz personenbezogener Daten&#8220; aufgestellt und verpflichtet sich, personenbezogene Daten in angemessener Weise zu behandeln und zu sch\u00fctzen. Diese Datenschutzrichtlinie wird in \u00dcbereinstimmung mit den Gesetzen Japans ausgelegt. <\/p><h3><strong>1. Grundlegende Richtlinien zum Schutz pers\u00f6nlicher Daten<\/strong><\/h3><p>Das Unternehmen ist bestrebt, pers\u00f6nliche Daten auf der Grundlage der folgenden Richtlinien zu sch\u00fctzen:<\/p><ol><li>Das Unternehmen h\u00e4lt sich an alle geltenden Gesetze, Verordnungen und sonstigen Vorschriften zum Schutz personenbezogener Daten, um die von ihm gehandhabten personenbezogenen Daten zu sch\u00fctzen und die Rechte der Person, die Gegenstand dieser personenbezogenen Daten ist, zu respektieren.<\/li><li>Das Unternehmen wird pers\u00f6nliche Daten nicht in einer Weise verwenden, die zu illegalen oder ungerechten Handlungen anregt oder verleitet.<\/li><li>Das Unternehmen wird pers\u00f6nliche Daten auf rechtm\u00e4\u00dfige und angemessene Weise erfassen.<\/li><li>Das Unternehmen wird interne Richtlinien und Verfahren f\u00fcr den Umgang mit pers\u00f6nlichen Daten festlegen.<\/li><li>Das Unternehmen wird eine Organisationsstruktur und operative Verfahren einrichten, um sicherzustellen, dass pers\u00f6nliche Daten ordnungsgem\u00e4\u00df behandelt werden. Au\u00dferdem wird das Unternehmen den Umgang mit pers\u00f6nlichen Daten \u00fcberwachen und regelm\u00e4\u00dfig \u00fcberpr\u00fcfen und verbessern. <\/li><li>Das Unternehmen stellt sicher, dass alle Mitarbeiter \u00fcber den ordnungsgem\u00e4\u00dfen Umgang mit pers\u00f6nlichen Daten informiert sind.<\/li><li>Das Unternehmen sch\u00fctzt sich gegen den Verlust oder Diebstahl von Ger\u00e4ten, auf denen pers\u00f6nliche Daten gespeichert sind, und entsorgt diese Ger\u00e4te ordnungsgem\u00e4\u00df.<\/li><li>Das Unternehmen wird sich bem\u00fchen, den Verlust von pers\u00f6nlichen Daten usw. zu verhindern, indem es den Zugang zu den Informationssystemen des Unternehmens einschr\u00e4nkt und deren Sicherheit gew\u00e4hrleistet.<\/li><li>Das Unternehmen ist bestrebt, die Gesetze und Vorschriften f\u00fcr personenbezogene Daten in anderen L\u00e4ndern einzuhalten und die erforderlichen Sicherheitskontrollma\u00dfnahmen zu ergreifen.<\/li><\/ol><h3><strong>2. Definition der Begriffe<\/strong><\/h3><p>Die Definitionen f\u00fcr die in dieser Datenschutzrichtlinie verwendeten Begriffe lauten wie folgt:<\/p><ol><li>Der Begriff &#8222;Pers\u00f6nliche Informationen&#8220; bezieht sich auf &#8222;Informationen, die sich auf eine lebende Person beziehen&#8220;, die allein oder in Verbindung mit anderen Informationen verwendet werden k\u00f6nnen, um eine bestimmte Person zu identifizieren, oder auf solche, die einen &#8222;individuellen Identifikationscode&#8220; enthalten.<\/li><li>Der Begriff &#8222;Informationen, die sich auf eine lebende Person beziehen&#8220; bezieht sich auf alle Informationen, die Fakten, Urteile oder Bewertungen in Bezug auf die Eigenschaften einer bestimmten Person enthalten, wie z.B. K\u00f6rpermerkmale, Verm\u00f6gen, Beruf oder Position, einschlie\u00dflich, aber nicht beschr\u00e4nkt auf den Namen, die Adresse, das Geschlecht, das Geburtsdatum und das Gesichtsbild einer Person, sowie \u00f6ffentlich zug\u00e4ngliche Informationen, Video- und Audiodateien, unabh\u00e4ngig davon, ob sie verschl\u00fcsselt sind, usw.<\/li><li>Der Begriff &#8222;Individueller Identifizierungscode&#8220; bezieht sich auf Informationen, mit denen eine bestimmte Person identifiziert werden kann, wie z.B. biometrische Daten (DNA-Daten, Gesichtserkennungsdaten, Irisdaten, Daten zu Stimmabdr\u00fccken, Venenformdaten, Fingerabdruckdaten usw.), Passnummer, Grundrentenversicherungsnummer, F\u00fchrerscheinnummer, Einwohnermeldeamt-Code, Personennummer und Versicherungsnummer.<\/li><li>Der Begriff &#8222;Pers\u00f6nliche Daten&#8220; bezieht sich auf die pers\u00f6nlichen Informationen, die in der &#8222;Datenbank f\u00fcr pers\u00f6nliche Informationen usw.&#8220; enthalten sind. Der Begriff &#8222;Pers\u00f6nliche Informationsdatenbank usw.&#8220; bezieht sich auf Informationen, die systematisch organisiert wurden, um nach einer bestimmten Person suchen zu k\u00f6nnen, haupts\u00e4chlich durch die Verwendung eines Computers oder durch die Verwendung von Informationen, die in Papierform nach bestimmten Regeln organisiert oder kategorisiert sind. <\/li><li>Der Begriff &#8222;besonders sch\u00fctzenswerte personenbezogene Daten&#8220; bezieht sich auf personenbezogene Daten \u00fcber die Ethnie, den Glauben, den sozialen Status, die medizinische Vorgeschichte, die kriminelle Vorgeschichte, k\u00f6rperliche Behinderungen, geistige St\u00f6rungen, Ergebnisse von Gesundheitsuntersuchungen, Festnahmeprotokolle usw., die besondere Sorgfalt erfordern, um unfaire Diskriminierung, Vorurteile oder andere Nachteile zu vermeiden.<\/li><li>Pers\u00f6nliche Daten &#8222;Leckage, etc.&#8220; bezieht sich auf die folgenden Situationen:<ul><li>Durchsickern: Unbeabsichtigte Weitergabe von pers\u00f6nlichen Daten an Dritte.<\/li><li>Verlust: Unbeabsichtigter Verlust von pers\u00f6nlichen Daten.<\/li><li>Besch\u00e4digung: Pers\u00f6nliche Daten werden durch Ransomware manipuliert oder besch\u00e4digt.<\/li><\/ul><\/li><\/ol><h3><strong>3. Umgang mit pers\u00f6nlichen Daten Business Operator<\/strong><\/h3><p>Name des Unternehmens, das personenbezogene Daten verarbeitet: DGSHAPE Corporation<br>Adresse: 1-1-2 Shinmiyakoda, Hamana-ku, Hamamatsu-shi, Shizuoka-ken<br>Name des Vertreters: Hisashi Bito, Stellvertretender Direktor und Pr\u00e4sident<\/p><h3><strong>4. Sicherstellung der Richtigkeit des Dateninhalts<\/strong><\/h3><p>Das Unternehmen ist bestrebt, die von ihm gespeicherten personenbezogenen Daten korrekt und aktuell zu halten und sie unverz\u00fcglich zu l\u00f6schen, wenn sie f\u00fcr den vorgesehenen Zweck nicht mehr ben\u00f6tigt werden.<\/p><h3><strong>5. Sicherheitskontrollma\u00dfnahmen f\u00fcr pers\u00f6nliche Daten<\/strong><\/h3><p>Das Unternehmen wird die folgenden Sicherheitsvorkehrungen treffen, um die sichere Verwaltung der vom Unternehmen gespeicherten personenbezogenen Daten zu gew\u00e4hrleisten:<\/p><ol><li>Festlegung von Richtlinien f\u00fcr den Umgang mit pers\u00f6nlichen Daten:<ul><li>Das Unternehmen hat &#8222;Regeln zum Schutz pers\u00f6nlicher Daten&#8220; formuliert, um grundlegende Regeln f\u00fcr den Umgang mit pers\u00f6nlichen Daten festzulegen. Das Unternehmen hat auch Regeln zur Verhinderung des Austretens vertraulicher Informationen, einschlie\u00dflich pers\u00f6nlicher Daten, und zur Informationssicherheit aufgestellt. <\/li><li>Das Unternehmen hat Regeln zur Informationssicherheit formuliert, die f\u00fcr die Roland DG Gruppe gelten, um gemeinsame Sicherheitsma\u00dfnahmen f\u00fcr die gesamte Roland DG Gruppe zu gew\u00e4hrleisten.<\/li><\/ul><\/li><li>Einrichtung der Organisationsstruktur und des Betriebs:<ul><li>Das Unternehmen wird einen Informationsmanagementbeauftragten ernennen, der f\u00fcr die \u00dcberwachung des Informationsmanagements des Unternehmens verantwortlich ist.<\/li><li>Das Unternehmen wird kl\u00e4ren, welche pers\u00f6nlichen Daten von den einzelnen Abteilungen bearbeitet werden und wer f\u00fcr diese Daten verantwortlich ist, und wird den Status der Datenbearbeitung regelm\u00e4\u00dfig \u00fcberwachen.<\/li><li>F\u00fcr den Fall eines Vorfalls oder eines Hinweises auf einen unsachgem\u00e4\u00dfen Umgang mit personenbezogenen Daten, ein Leck usw. wird das Unternehmen eine Organisationsstruktur einrichten, um den Information Management Officer \u00fcber solche Vorf\u00e4lle zu informieren. Dar\u00fcber hinaus ist der Information Management Officer f\u00fcr die Reaktion und Korrekturma\u00dfnahmen im Falle eines schwerwiegenden Vorfalls verantwortlich. <\/li><li>Das Unternehmen wird Verfahren f\u00fcr die Reaktion auf Vorf\u00e4lle wie den Verlust personenbezogener Daten festlegen und eine Struktur einrichten, die sofortige Ma\u00dfnahmen zur Verhinderung der Ausbreitung solcher Vorf\u00e4lle und anschlie\u00dfende Pr\u00e4ventivma\u00dfnahmen gew\u00e4hrleistet.<\/li><li>Das Unternehmen zeichnet Zugriffsprotokolle usw. zu seinen Informationssystemen auf, um den Umgang mit personenbezogenen Daten \u00fcberpr\u00fcfen zu k\u00f6nnen.<\/li><\/ul><\/li><li>Befolgung der Richtlinie durch die Mitarbeiter:<ul><li>Das Unternehmen wird die Regeln allen Mitarbeitern bekannt machen und regelm\u00e4\u00dfig Schulungen zum Umgang mit pers\u00f6nlichen Daten durchf\u00fchren.<\/li><\/ul><\/li><li>Verhinderung von Diebstahl usw. von Informationssystemen und elektronischen Medien:<ul><li>Das Unternehmen wird alle Festplatten seiner Laptops verschl\u00fcsseln.<\/li><li>Das Unternehmen ben\u00f6tigt die Genehmigung des Administrators, bevor es Laptops, USB-Speichersticks usw. au\u00dferhalb des Unternehmens transportiert.<\/li><li>Vor der Entsorgung von Informationssystemen setzt das Unternehmen eine spezielle Software ein, um alle verbleibenden Daten vollst\u00e4ndig zu l\u00f6schen.<\/li><li>Das Unternehmen bewahrt Dokumente, die pers\u00f6nliche Daten enthalten, sicher in verschlossenen Schr\u00e4nken auf.<\/li><li>Bei der Entsorgung von Dokumenten, die personenbezogene Daten enthalten, ergreift das Unternehmen geeignete Ma\u00dfnahmen, wie z. B. die Vernichtung.<\/li><\/ul><\/li><li>Verhinderung von unbefugtem Zugriff und Verlust von pers\u00f6nlichen Daten, etc:<ul><li>Das Unternehmen identifiziert die Ausr\u00fcstung des Informationssystems usw., in dem personenbezogene Daten verarbeitet werden, und f\u00fchrt eine angemessene Zugangskontrolle ein.<\/li><li>Das Unternehmen konfiguriert Firewalls usw., um unbefugten Zugriff zu verhindern, und \u00fcberwacht den unbefugten Zugriff und das Eindringen von Malware.<\/li><li>Das Unternehmen wird auf allen seinen Computern Antiviren-Software installieren.<\/li><li>Das Unternehmen verwaltet die Software-Updates von Betriebssystemen usw. zentral und sorgt daf\u00fcr, dass sie automatisch auf dem neuesten Stand gehalten werden.<\/li><li>Das Unternehmen wird ein System einf\u00fchren, das den Anschluss von nicht zugelassenen Informationssystemen an das interne Netzwerk verbietet.<\/li><\/ul><\/li><li>Das externe Umfeld verstehen:<ul><li>Das Unternehmen wird sich bem\u00fchen, die Gesetze und Vorschriften zum Schutz personenbezogener Daten in den L\u00e4ndern, in denen die Roland DG Gruppe ans\u00e4ssig ist, zu verstehen und die notwendigen Ma\u00dfnahmen zu ergreifen.<\/li><\/ul><\/li><\/ol><h3><strong>6. Verwendungszweck der pers\u00f6nlichen Daten<\/strong><\/h3><ul><li>Die Zwecke, f\u00fcr die das Unternehmen die von ihm gesammelten pers\u00f6nlichen Daten verwendet, sind die folgenden. Das Unternehmen kann jedoch personenbezogene Daten f\u00fcr andere Zwecke erheben. In diesem Fall wird das Unternehmen den Verwendungszweck gesondert mitteilen oder bekannt geben: <br><ol class=\"parentheses_list\"><li>Um Bestellungen zu verwalten, Produkte zu liefern, Zahlungen abzuwickeln, Anfragen zu Bestellungen zu beantworten oder andere Aufgaben im Zusammenhang mit dem Verkauf von Produkten zu \u00fcbernehmen.<\/li><li>Bereitstellung von Wartungs- und Reparaturdiensten f\u00fcr Produkte und Benutzerunterst\u00fctzung.<\/li><li>Zusendung von Produktkatalogen, Materialien usw. auf Anfrage.<\/li><li>Um Ihnen Produkte und Dienstleistungen vorzuschlagen und um Sie \u00fcber Kampagnen, Veranstaltungen, Seminare usw. zu informieren.<\/li><li>Zum Versenden von Gewinnspielen usw., f\u00fcr Preisausschreiben.<\/li><li>Entwicklung und Verbesserung der Produkte und Dienstleistungen des Unternehmens durch die Sammlung von Kundenfeedback, Fragebogenerhebungen usw.<\/li><li>Nutzung von Bewerberdaten f\u00fcr die Personalbeschaffung des Unternehmens.<\/li><li>Nutzung von Lieferanteninformationen f\u00fcr die Materialbeschaffung und andere Transaktionen zwischen dem Lieferanten und dem Unternehmen.<\/li><li>Zur Beantwortung sonstiger Anfragen usw., die bei der Gesellschaft eingehen.<\/li><\/ol><\/li><li>Falls das Unternehmen die erhaltenen personenbezogenen Daten mit der Absicht verwendet, sie f\u00fcr einen der oben genannten Zwecke zu nutzen, der \u00fcber die angegebenen Verwendungszwecke hinausgeht, wird das Unternehmen die betroffene Person \u00fcber den Verwendungszweck benachrichtigen und vorher die Zustimmung der betroffenen Person einholen.<\/li><\/ul><h3><strong>7. Weitergabe von pers\u00f6nlichen Daten an eine dritte Partei<\/strong><\/h3><p>Das Unternehmen wird die gesammelten pers\u00f6nlichen Daten nicht ohne die Zustimmung der Person an Dritte weitergeben. Dies gilt jedoch nicht, wenn der Umgang mit personenbezogenen Daten anvertraut wird, wenn personenbezogene Daten gemeinsam genutzt werden, wenn dies zum Schutz des menschlichen Lebens oder des Verm\u00f6gens erforderlich ist oder wenn dies durch andere Gesetze und Vorschriften vorgeschrieben ist. <\/p><h3><strong>8. Outsourcing des Umgangs mit pers\u00f6nlichen Daten<\/strong><\/h3><p>Das Unternehmen kann die Verarbeitung personenbezogener Daten in dem Umfang an einen Dritten auslagern, der zur Erreichung der angegebenen Nutzungszwecke erforderlich ist. In solchen F\u00e4llen ergreift das Unternehmen die erforderlichen Ma\u00dfnahmen, um sicherzustellen, dass die ausgelagerte Partei angemessene Sicherheitskontrollma\u00dfnahmen durchf\u00fchrt. <\/p><h3><strong>9. Gemeinsame Nutzung von pers\u00f6nlichen Daten<\/strong><\/h3><p>Das Unternehmen wird die im Besitz des Unternehmens befindlichen pers\u00f6nlichen Daten wie folgt gemeinsam nutzen. Es kann jedoch auch andere F\u00e4lle der gemeinsamen Nutzung geben. In diesem Fall wird das Unternehmen die betroffene Person gesondert informieren. <\/p><ol><li>Arten von pers\u00f6nlichen Daten, die weitergegeben werden:<ul><li>Name, Firmenname, Postleitzahl, Adresse, Telefonnummer, Faxnummer, E-Mail-Adresse, Kaufhistorie, Vertragsstatus, Bestellstatus, Zahlungsstatus, Geschlecht, Alter, Bildungsstand, Besch\u00e4ftigungsgeschichte.<\/li><\/ul><\/li><li>Umfang der gemeinsamen Nutzung:<ul><li>Unternehmen der Roland DG-Gruppe in Japan.<\/li><\/ul><\/li><li>Verwendungszweck durch das Unternehmen:<ul><li>Das Unternehmen verwendet personenbezogene Daten f\u00fcr die unter &#8222;6. Verwendungszweck der personenbezogenen Daten&#8220; beschriebenen Zwecke.<\/li><\/ul><\/li><li>Verwendungszweck durch die Unternehmen der Roland DG Gruppe in Japan:<ul><li>F\u00fcr die Vertriebs- und Produktentwicklungsaktivit\u00e4ten des Konzernunternehmens gilt dasselbe wie unter (1), (2), (3), (4) und (6) von &#8222;6. Verwendungszweck der personenbezogenen Daten&#8220; beschrieben.<\/li><li>F\u00fcr die Rekrutierung des Konzernunternehmens gilt das Gleiche wie in (7) von &#8222;6. Verwendungszweck der personenbezogenen Daten&#8220; beschrieben.<\/li><li>F\u00fcr die Beschaffung des Konzernunternehmens usw. gilt das Gleiche wie in (8) von &#8222;6. Verwendungszweck der personenbezogenen Daten&#8220; beschrieben.<\/li><li>F\u00fcr die Verbesserung der Dienstleistungen und der damit verbundenen Gesch\u00e4ftst\u00e4tigkeiten des Konzernunternehmens gilt das Gleiche wie unter &#8222;6. Verwendungszweck der personenbezogenen Daten&#8220; beschrieben.<\/li><\/ul><\/li><li>Verantwortliche Partei f\u00fcr die gemeinsame Nutzung von pers\u00f6nlichen Daten:<ul><li>Die Partei, die unter &#8222;3. Gesch\u00e4ftsbetreiber f\u00fcr den Umgang mit pers\u00f6nlichen Daten&#8220; beschrieben wird.<\/li><\/ul><\/li><\/ol><h3><strong>10. Verwendung von Cookies, etc.<\/strong><\/h3><p>Das Unternehmen kann automatisch die Daten der Kunden erfassen, wenn diese die Website des Unternehmens besuchen. Zu den gesammelten Daten geh\u00f6ren die Daten, die f\u00fcr den Betrieb der Website des Unternehmens notwendig sind, wie z.B. der Online-Shop, und die Daten, die f\u00fcr die Verbesserung der Website des Unternehmens n\u00fctzlich sind, wie z.B. die Besuchshistorie der Kunden. Im Allgemeinen sind diese Informationen nicht pers\u00f6nlich identifizierbar und stellen daher keine &#8222;Pers\u00f6nlichen Daten&#8220; dar. Der Verlauf der Website-Besuche usw. kann anderen Unternehmen als &#8222;Cookies von Dritten&#8220; zur Verf\u00fcgung gestellt werden. Die Drittpartei, die diese Informationen erh\u00e4lt, kann m\u00f6glicherweise eine bestimmte Person identifizieren, indem sie sie mit anderen Informationen zusammenf\u00fchrt. Um solche Informationen, die als &#8222;Pers\u00f6nliche Daten&#8220; angesehen werden k\u00f6nnen, an einen Dritten weiterzugeben, muss der Dritte die Zustimmung der Person einholen. Das Unternehmen wird diese Informationen nicht an andere Unternehmen weitergeben, es sei denn, diese Zustimmung wird best\u00e4tigt.      <\/p><h3><strong>11. Offenlegung von Informationen, Berichtigung, Einstellung der Nutzung usw.<\/strong><\/h3><p>Die Person, die Gegenstand der von der Gesellschaft gespeicherten pers\u00f6nlichen Daten ist, hat das Recht, in Bezug auf diese pers\u00f6nlichen Daten die folgenden Anfragen an die Gesellschaft zu stellen:<\/p><ul><li>Das Recht, die Offenlegung oder Korrektur pers\u00f6nlicher Daten (einschlie\u00dflich der Erg\u00e4nzung oder L\u00f6schung eines Teils der Daten) und die Offenlegung von Aufzeichnungen zu verlangen, die das Unternehmen einem Dritten zur Verf\u00fcgung gestellt hat.<\/li><li>Das Recht zu verlangen, dass die Verwendung der personenbezogenen Daten eingestellt wird oder dass sie selbst gel\u00f6scht werden, wenn sie unter einen der folgenden Punkte fallen.<br><ol class=\"parentheses_list\"><li>Wenn personenbezogene Daten \u00fcber den Rahmen der angegebenen Zwecke hinaus ohne die gesetzlich vorgeschriebene Zustimmung der Person verarbeitet wurden.<\/li><li>Wenn pers\u00f6nliche Daten unangemessen verwendet wurden.<\/li><li>Wenn pers\u00f6nliche Informationen auf unzul\u00e4ssige Weise erlangt wurden.<\/li><li>Wenn es sich bei den personenbezogenen Daten um besonders sch\u00fctzenswerte personenbezogene Daten handelt, die ohne die gesetzlich vorgeschriebene Zustimmung der Person erhoben wurden.<\/li><li>Wenn das Unternehmen die pers\u00f6nlichen Daten nicht mehr f\u00fcr die vorgesehenen Zwecke ben\u00f6tigt.<\/li><li>Wann die pers\u00f6nlichen Daten durchgesickert sind, usw.<\/li><li>Wenn der Umgang mit pers\u00f6nlichen Daten die Rechte oder legitimen Interessen der<br>Person verletzen k\u00f6nnte.<\/li><\/ol><\/li><li>Das Recht zu verlangen, dass das Unternehmen die Weitergabe personenbezogener Daten an einen Dritten einstellt, wenn die personenbezogenen Daten unter einen der folgenden Punkte fallen:<br><ol class=\"parentheses_list\"><li>Wenn personenbezogene Daten ohne die gesetzlich vorgeschriebene Zustimmung der Person an einen Dritten weitergegeben wurden.<\/li><li>Wenn das Unternehmen die pers\u00f6nlichen Daten nicht mehr f\u00fcr die vorgesehenen Zwecke ben\u00f6tigt.<\/li><li>Wann die pers\u00f6nlichen Daten durchgesickert sind, usw.<\/li><li>Wenn die Verarbeitung personenbezogener Daten die Rechte oder berechtigten Interessen der Person verletzen k\u00f6nnte.<\/li><\/ol><\/li><\/ul><p>Wenn Sie eine dieser Anfragen stellen m\u00f6chten, wenden Sie sich bitte per E-Mail an die unter &#8222;16. Kontakt f\u00fcr Antr\u00e4ge auf Offenlegung usw., Anfragen und Beschwerden&#8220; aufgef\u00fchrten Adresse und teilen Sie uns die Einzelheiten Ihres Antrags mit.<br>Das Unternehmen wird geeignete Ma\u00dfnahmen ergreifen, nachdem es \u00fcberpr\u00fcft hat, dass der Antrag von der genannten Person gestellt wurde. Wenn eine gro\u00dfe Menge an Papierdokumenten verschickt werden muss oder wenn die zur Verf\u00fcgung zu stellenden elektronischen Medien kostspielig sind, usw., k\u00f6nnen der Person die tats\u00e4chlichen Kosten in Rechnung gestellt werden. <\/p><h3><strong>12. Reaktion auf den Verlust pers\u00f6nlicher Daten, etc.<\/strong><\/h3><p>F\u00fcr den Fall, dass ein Durchsickern usw. von personenbezogenen Daten, die das Unternehmen aufbewahrt, eingetreten ist oder wahrscheinlich eintreten wird, ergreift das Unternehmen unverz\u00fcglich Ma\u00dfnahmen, um den Schaden einzud\u00e4mmen, den Sachverhalt zu untersuchen, die Ursache zu ermitteln, den Umfang der Auswirkungen zu bestimmen und Pr\u00e4ventivma\u00dfnahmen zu ergreifen.<\/p><p>Dar\u00fcber hinaus benachrichtigt das Unternehmen die Kommission f\u00fcr den Schutz personenbezogener Daten und die Person, deren personenbezogene Daten durchgesickert sind, wenn besonders sch\u00fctzenswerte personenbezogene Daten durchgesickert sind oder wenn ein erhebliches Risiko besteht, dass die Rechte oder Interessen einer Person verletzt werden.<\/p><h3><strong>13. Schutz pers\u00f6nlicher Informationen auf verlinkten Websites<\/strong><\/h3><p>Die Website des Unternehmens kann Links zu Websites Dritter enthalten. Obwohl das Unternehmen angemessene Vorsichtsma\u00dfnahmen ergreift, um sicherzustellen, dass diese Links nicht b\u00f6sartig sind, sind sie nicht Teil der Website des Unternehmens und werden daher im Rahmen dieser Datenschutzrichtlinie anders behandelt als die Website des Unternehmens. Bitte pr\u00fcfen Sie die Datenschutzrichtlinien der verlinkten Website hinsichtlich des Schutzes pers\u00f6nlicher Daten auf dieser Website.  <\/p><h3><strong>14. \u00c4nderungen an dieser Datenschutzrichtlinie<\/strong><\/h3><p>Das Unternehmen kann diese Datenschutzrichtlinie als Reaktion auf \u00c4nderungen der anwendbaren Gesetze und Vorschriften usw. sowie auf \u00c4nderungen der Richtlinien des Unternehmens \u00e4ndern. Bitte \u00fcberpr\u00fcfen Sie das Datum am Anfang dieser Datenschutzrichtlinie, um festzustellen, ob \u00c4nderungen vorgenommen worden sind. <\/p><h3><strong>15. Gerichtsbarkeit<\/strong><\/h3><p>Die erste Instanz f\u00fcr alle Streitigkeiten im Zusammenhang mit dieser Datenschutzrichtlinie ist das Gericht, das ausschlie\u00dflich f\u00fcr den Sitz des Unternehmens zust\u00e4ndig ist.<\/p><h3><strong>16. Kontakt f\u00fcr Ersuchen um Offenlegung usw., Anfragen und Beschwerden<\/strong><\/h3><p>Das Unternehmen hat eine Kontaktstelle f\u00fcr alle Anfragen zu pers\u00f6nlichen Daten eingerichtet. Wenn Sie Fragen oder Beschwerden \u00fcber den Umgang des Unternehmens mit pers\u00f6nlichen Daten haben oder wenn Sie einen der unter &#8222;11. Offenlegung von Daten, Berichtigung, Einstellung der Nutzung usw.&#8220; aufgef\u00fchrten Punkte beantragen m\u00f6chten, wenden Sie sich bitte per E-Mail an die folgende Adresse: <\/p><p><strong>Kontakt f\u00fcr pers\u00f6nliche Informationen<\/strong><br>E-Mail Adresse:<span style=\"color: #8ce128;\"> <a style=\"color: #8ce128;\" href=\"mailto:dgs-marketing@dgshape.com\">dgs-marketing@dgshape.com<\/a><\/span><\/p>\t\t\t\t\t\t\t\t<\/div>\n\t\t\t\t<\/div>\n\t\t\t\t<\/div>\n\t\t\t\t\t<\/div>\n\t\t\t\t<\/div>\n\t\t\t\t<\/div>\n\t\t","protected":false},"excerpt":{"rendered":"<p>Datenschutzbestimmungen April 1, 2022 Die DGSHAPE Corporation (im Folgenden als &#8222;das Unternehmen&#8220; bezeichnet) hat die &#8222;Grundlegende Richtlinie zum Schutz personenbezogener Daten&#8220; aufgestellt und verpflichtet sich, personenbezogene Daten in angemessener Weise zu behandeln und zu sch\u00fctzen. Diese Datenschutzrichtlinie wird in \u00dcbereinstimmung mit den Gesetzen Japans ausgelegt. 1. Grundlegende Richtlinien zum Schutz pers\u00f6nlicher Daten Das Unternehmen ist [&hellip;]<\/p>\n","protected":false},"author":1,"featured_media":0,"parent":0,"menu_order":0,"comment_status":"closed","ping_status":"closed","template":"elementor_header_footer","meta":{"footnotes":""},"class_list":["post-60978","page","type-page","status-publish","hentry"],"aioseo_notices":[],"_links":{"self":[{"href":"https:\/\/dgshape.com\/de\/wp-json\/wp\/v2\/pages\/60978","targetHints":{"allow":["GET"]}}],"collection":[{"href":"https:\/\/dgshape.com\/de\/wp-json\/wp\/v2\/pages"}],"about":[{"href":"https:\/\/dgshape.com\/de\/wp-json\/wp\/v2\/types\/page"}],"author":[{"embeddable":true,"href":"https:\/\/dgshape.com\/de\/wp-json\/wp\/v2\/users\/1"}],"replies":[{"embeddable":true,"href":"https:\/\/dgshape.com\/de\/wp-json\/wp\/v2\/comments?post=60978"}],"version-history":[{"count":1,"href":"https:\/\/dgshape.com\/de\/wp-json\/wp\/v2\/pages\/60978\/revisions"}],"predecessor-version":[{"id":60979,"href":"https:\/\/dgshape.com\/de\/wp-json\/wp\/v2\/pages\/60978\/revisions\/60979"}],"wp:attachment":[{"href":"https:\/\/dgshape.com\/de\/wp-json\/wp\/v2\/media?parent=60978"}],"curies":[{"name":"wp","href":"https:\/\/api.w.org\/{rel}","templated":true}]}}