{"id":60919,"date":"2025-05-30T06:05:18","date_gmt":"2025-05-30T06:05:18","guid":{"rendered":"https:\/\/dgshape.com\/?page_id=60919"},"modified":"2025-11-27T15:30:08","modified_gmt":"2025-11-27T15:30:08","slug":"gdpr-datenschutzerklaerung","status":"publish","type":"page","link":"https:\/\/dgshape.com\/de\/gdpr-datenschutzerklaerung\/","title":{"rendered":"GDPR-Datenschutzerkl\u00e4rung"},"content":{"rendered":"\t\t<div data-elementor-type=\"wp-page\" data-elementor-id=\"60919\" class=\"elementor elementor-60919 elementor-10229\" data-elementor-post-type=\"page\">\n\t\t\t\t<div class=\"elementor-element elementor-element-a5b3f93 e-flex e-con-boxed e-con e-parent\" data-id=\"a5b3f93\" data-element_type=\"container\" data-e-type=\"container\" data-settings=\"{&quot;background_background&quot;:&quot;classic&quot;}\">\n\t\t\t\t\t<div class=\"e-con-inner\">\n\t\t<div class=\"elementor-element elementor-element-3e75c4b e-con-full e-flex e-con e-child\" data-id=\"3e75c4b\" data-element_type=\"container\" data-e-type=\"container\" data-settings=\"{&quot;background_background&quot;:&quot;classic&quot;}\">\n\t\t\t\t<div class=\"elementor-element elementor-element-fd40dc6 elementor-widget elementor-widget-text-editor\" data-id=\"fd40dc6\" data-element_type=\"widget\" data-e-type=\"widget\" data-widget_type=\"text-editor.default\">\n\t\t\t\t<div class=\"elementor-widget-container\">\n\t\t\t\t\t\t\t\t\t<p>GDPR-Datenschutzerkl\u00e4rung<\/p>\t\t\t\t\t\t\t\t<\/div>\n\t\t\t\t<\/div>\n\t\t\t\t<div class=\"elementor-element elementor-element-580596f elementor-widget elementor-widget-text-editor\" data-id=\"580596f\" data-element_type=\"widget\" data-e-type=\"widget\" data-widget_type=\"text-editor.default\">\n\t\t\t\t<div class=\"elementor-widget-container\">\n\t\t\t\t\t\t\t\t\t<p style=\"text-align: right;\">\u00dcberarbeitet: April 1, 2022<\/p><p><strong>Diese Datenschutzrichtlinie gilt f\u00fcr Personen, auf die die EU-Datenschutzgrundverordnung (&#8222;GDPR&#8220;) Anwendung findet.<\/strong><\/p><p>Die DGSHAPE Corporation (&#8222;DGSHAPE&#8220;) verpflichtet sich als Verantwortlicher f\u00fcr die von ihr verarbeiteten personenbezogenen Daten, die Privatsph\u00e4re der Personen zu sch\u00fctzen, deren personenbezogene Daten sie verarbeitet, einschlie\u00dflich der Besucher unserer Website. In dieser Datenschutzrichtlinie wird dargelegt, wie wir Ihre pers\u00f6nlichen Daten erfassen, weitergeben und verwenden und wie Sie Ihre Datenschutzrechte aus\u00fcben k\u00f6nnen. <\/p><p>Der Vertreter von DGSHAPE f\u00fcr die Zwecke des EU-Datenschutzrechts ist Roland DG EMEA N.V. Wenn Sie Fragen oder Bedenken bez\u00fcglich der Verwendung Ihrer pers\u00f6nlichen Daten durch uns haben, wenden Sie sich bitte an uns oder unseren EU-Vertreter unter den Kontaktdaten, die Sie im Abschnitt &#8222;12. Wie Sie uns kontaktieren k\u00f6nnen&#8220; unten finden. <\/p><h3><strong>1. Welche Informationen sammeln wir?<\/strong><\/h3><p>Die pers\u00f6nlichen Daten, die wir \u00fcber unsere Website-Besucher, Kunden, DGSHAPE-H\u00e4ndler, Kontakte, Servicetechniker und andere (&#8222;Sie&#8220;) erheben, speichern und nutzen k\u00f6nnen, fallen im Wesentlichen in die folgenden Kategorien:<\/p><p><strong>(a) Informationen, die Sie uns freiwillig zur Verf\u00fcgung stellen<br><\/strong>Wir k\u00f6nnen Sie bitten, uns freiwillig personenbezogene Daten zur Verf\u00fcgung zu stellen: Zum Beispiel k\u00f6nnen wir Sie bitten, Ihren Namen und Ihre Kontaktdaten (z.B. Firmenname, Adresse, Telefonnummer und E-Mail-Adresse) anzugeben, um ein Konto bei uns zu registrieren, um Marketingmitteilungen von uns zu abonnieren und\/oder um Anfragen an uns zu richten. Die pers\u00f6nlichen Daten, um die Sie gebeten werden, und die Gr\u00fcnde, warum Sie um diese Daten gebeten werden, werden Ihnen zu dem Zeitpunkt mitgeteilt, an dem wir Sie um die Angabe Ihrer pers\u00f6nlichen Daten bitten. <\/p><p><strong>(b) Informationen, die wir automatisch sammeln<br><\/strong>Wenn Sie unsere Website besuchen, k\u00f6nnen wir bestimmte Informationen automatisch von Ihrem Ger\u00e4t sammeln. In einigen L\u00e4ndern, einschlie\u00dflich der L\u00e4nder des Europ\u00e4ischen Wirtschaftsraums, k\u00f6nnen diese Informationen nach den geltenden Datenschutzgesetzen als personenbezogene Daten gelten. Zu den automatisch erfassten Daten geh\u00f6ren insbesondere Informationen wie Ihre IP-Adresse, Ihr geografischer Standort (z.B. Land oder Stadt), Browsertyp und -version, Betriebssystem, Verweisquelle, Dauer des Besuchs, Seitenaufrufe und Navigation auf der Website.<br>Die Erfassung dieser Daten erm\u00f6glicht es uns, die Besucher unserer Website besser zu verstehen, woher sie kommen und welche Inhalte auf unserer Website f\u00fcr sie von Interesse sind. Wir verwenden diese Informationen f\u00fcr unsere internen Analysezwecke und um die Qualit\u00e4t und Relevanz unserer Website f\u00fcr unsere Besucher zu verbessern.<br>Einige dieser Informationen k\u00f6nnen mithilfe von Cookies und \u00e4hnlichen Tracking-Technologien gesammelt werden, wie unter der \u00dcberschrift &#8222;2. Cookies und \u00e4hnliche Tracking-Technologien&#8220; n\u00e4her erl\u00e4utert.   <\/p><p><strong>(c) Informationen, die wir von Dritten erhalten<br><\/strong>Von Zeit zu Zeit k\u00f6nnen wir pers\u00f6nliche Informationen \u00fcber Sie von Dritten erhalten (z.B. von anderen Unternehmen der Roland DG Gruppe, von Datenmaklern, Messeverk\u00e4ufern und Listenlieferanten), aber nur, wenn wir \u00fcberpr\u00fcft haben, dass diese Dritten entweder Ihre Zustimmung haben oder anderweitig rechtlich befugt oder verpflichtet sind, Ihre pers\u00f6nlichen Informationen an uns weiterzugeben.<br>Die Arten von Informationen, die wir von Dritten erhalten, k\u00f6nnen z.B. Name, Berufsbezeichnung, Kontaktdaten umfassen. Wir verwenden die Informationen, die wir von diesen Dritten erhalten, um Ihnen Informationen und Angebote f\u00fcr unsere Produkte und Dienstleistungen zukommen zu lassen oder um die Richtigkeit der \u00fcber Sie gef\u00fchrten Aufzeichnungen zu erhalten oder zu verbessern. <\/p><h3><strong>2. Cookies und \u00e4hnliche Tracking-Technologien<\/strong><\/h3><p>Wir verwenden Cookies und \u00e4hnliche Tracking-Technologien (zusammenfassend als &#8222;Cookies&#8220; bezeichnet), um pers\u00f6nliche Informationen \u00fcber Sie zu sammeln und zu verwenden. Weitere Informationen \u00fcber die Arten von Cookies, die wir verwenden, warum und wie Sie Cookies kontrollieren k\u00f6nnen, finden Sie in unserem <a href=\"\/de\/?page_id=60843\">Cookie-Hinweis<\/a>. <\/p><h3><strong>3. Warum wir Ihre pers\u00f6nlichen Daten verwenden<\/strong><\/h3><p>Pers\u00f6nliche Daten, die Sie uns \u00fcbermitteln, werden f\u00fcr die in dieser Datenschutzrichtlinie oder in den entsprechenden Teilen der Website angegebenen Zwecke verwendet.<br>Wir k\u00f6nnen Ihre pers\u00f6nlichen Daten verwenden, um:<\/p><ol type=\"a\"><li>verwalten Sie die Website;<\/li><li>Ihr Surferlebnis durch die Personalisierung der Website zu verbessern;<\/li><li>Ihre Nutzung der auf der Website verf\u00fcgbaren Dienste zu erm\u00f6glichen;<\/li><li>Ihnen Service-E-Mails schicken;<\/li><li>Ihnen E-Mail-Benachrichtigungen zu senden, die Sie ausdr\u00fccklich angefordert haben;<\/li><li>Veranstaltungen zu organisieren, f\u00fcr unsere Organisationen zu werben, auch durch die Ver\u00f6ffentlichung relevanter Inhalte (z.B. Blogs oder Interviews), Ihnen unseren Newsletter und andere Marketingmitteilungen in Bezug auf unser Unternehmen oder die Unternehmen sorgf\u00e4ltig ausgew\u00e4hlter Dritter, von denen wir glauben, dass sie f\u00fcr Sie von Interesse sein k\u00f6nnten, per Post oder, sofern Sie dem ausdr\u00fccklich zugestimmt haben, per E-Mail oder mit \u00e4hnlichen Technologien zuzusenden (Sie k\u00f6nnen uns jederzeit informieren, wenn Sie keine Marketingmitteilungen mehr w\u00fcnschen);<\/li><li>Dritten statistische Informationen \u00fcber unsere Nutzer zur Verf\u00fcgung stellen &#8211; diese Informationen werden jedoch nicht zur Identifizierung einzelner Nutzer verwendet;<\/li><li>Anfragen und Beschwerden zu bearbeiten, die von Ihnen oder \u00fcber Sie im Zusammenhang mit der Website gestellt werden; und<\/li><li>die Meinungen der Kunden bei der Produktentwicklung oder der Verbesserung oder Entwicklung von Dienstleistungen zu ber\u00fccksichtigen.<\/li><\/ol><p>Wenn Sie uns personenbezogene Daten zur Ver\u00f6ffentlichung auf unserer Website \u00fcbermitteln, werden wir diese Daten in \u00dcbereinstimmung mit den Bedingungen dieser Datenschutzrichtlinie ver\u00f6ffentlichen und anderweitig verwenden.<\/p><p>Wir werden Ihre pers\u00f6nlichen Daten nicht ohne Ihre Zustimmung an Dritte zum Zwecke des Direktmarketings weitergeben, sofern dies erforderlich ist.<\/p><h3><strong>4. Mit wem teilen wir Ihre pers\u00f6nlichen Daten?<\/strong><\/h3><p>Wir k\u00f6nnen Ihre pers\u00f6nlichen Daten an die folgenden Kategorien von Empf\u00e4ngern weitergeben:<\/p><ol type=\"a\"><li>an unsere Konzerngesellschaften, Drittanbieter und Partner, die Datenverarbeitungsdienste f\u00fcr uns erbringen (z. B. zur Unterst\u00fctzung der Bereitstellung von Funktionen auf unserer Website oder zur Verbesserung der Sicherheit unserer Website) oder die anderweitig personenbezogene Daten f\u00fcr die in dieser Datenschutzrichtlinie genannten Zwecke verarbeiten oder die Ihnen mitgeteilt werden, wenn wir Ihre personenbezogenen Daten erfassen;<\/li><li>an eine zust\u00e4ndige Strafverfolgungsbeh\u00f6rde, Aufsichtsbeh\u00f6rde, Regierungsbeh\u00f6rde, ein Gericht oder einen anderen Dritten, wenn wir glauben, dass die Offenlegung notwendig ist, (i) um geltende Gesetze oder Vorschriften einzuhalten, (ii) um unsere gesetzlichen Rechte auszu\u00fcben, zu begr\u00fcnden oder zu verteidigen, oder (iii) um Ihre lebenswichtigen Interessen oder die einer anderen Person zu sch\u00fctzen;\/li   &gt;<\/li><li>an den K\u00e4ufer (oder potenziellen K\u00e4ufer) und seine Vertreter und Berater in Verbindung mit einem tats\u00e4chlichen oder geplanten Kauf, einer Fusion oder einem Erwerb eines Unternehmens oder Verm\u00f6genswerts, vorausgesetzt, wir teilen dem K\u00e4ufer mit, dass er Ihre pers\u00f6nlichen Daten nur f\u00fcr die in dieser Datenschutzrichtlinie genannten Zwecke verwenden darf; und\/li&gt;<\/li><li>an eine andere Person mit Ihrer Zustimmung zur Weitergabe.<\/li><li> <\/li><\/ol><h3><strong>5. Rechtsgrundlage f\u00fcr die Verarbeitung personenbezogener Daten<\/strong><\/h3><p>Unsere Rechtsgrundlage f\u00fcr die Erhebung und Verwendung der oben beschriebenen personenbezogenen Daten h\u00e4ngt von den betreffenden personenbezogenen Daten und dem spezifischen Kontext ab, in dem wir sie erheben.<\/p><p>In der Regel werden wir jedoch nur dann personenbezogene Daten von Ihnen erheben, (i) wenn wir die personenbezogenen Daten ben\u00f6tigen, um einen Vertrag mit Ihnen zu erf\u00fcllen, (ii) wenn die Verarbeitung in unserem legitimen Interesse liegt und Ihre Rechte nicht \u00fcberwiegen, oder (iii) wenn wir Ihre Zustimmung dazu haben. In einigen F\u00e4llen k\u00f6nnen wir auch gesetzlich verpflichtet sein, personenbezogene Daten von Ihnen zu erheben, oder wir ben\u00f6tigen die personenbezogenen Daten anderweitig, um Ihre lebenswichtigen Interessen oder die einer anderen Person zu sch\u00fctzen.    <\/p><p>Wenn wir Sie auffordern, personenbezogene Daten zur Verf\u00fcgung zu stellen, um einer gesetzlichen Verpflichtung nachzukommen oder um einen Kontakt mit Ihnen herzustellen, werden wir dies zum entsprechenden Zeitpunkt klarstellen und Sie dar\u00fcber informieren, ob die Bereitstellung Ihrer personenbezogenen Daten obligatorisch ist oder nicht (sowie \u00fcber die m\u00f6glichen Konsequenzen, wenn Sie Ihre personenbezogenen Daten nicht bereitstellen).<\/p><p>Wenn wir Ihre personenbezogenen Daten unter Berufung auf unsere berechtigten Interessen (oder die eines Dritten) erheben und verwenden, besteht dieses Interesse in der Regel darin, unsere Plattform zu betreiben und mit Ihnen zu kommunizieren, wie es f\u00fcr die Erbringung unserer Dienstleistungen f\u00fcr Sie erforderlich ist, sowie in unserem berechtigten gesch\u00e4ftlichen Interesse, z. B. bei der Beantwortung Ihrer Anfragen, der Verbesserung unserer Plattform oder der Durchf\u00fchrung von Marketingma\u00dfnahmen. Wir k\u00f6nnen weitere berechtigte Interessen haben und werden Sie gegebenenfalls zu gegebener Zeit \u00fcber diese berechtigten Interessen aufkl\u00e4ren. <\/p><p>Wenn Sie Fragen zu den Rechtsgrundlagen haben, auf denen wir Ihre personenbezogenen Daten erfassen und verwenden, oder weitere Informationen ben\u00f6tigen, wenden Sie sich bitte an uns unter den Kontaktdaten, die Sie unter der \u00dcberschrift &#8222;12.<\/p><h3><strong>6. Internationale Daten\u00fcbermittlung<\/strong><\/h3><p>Ihre pers\u00f6nlichen Daten k\u00f6nnen in jedes der L\u00e4nder, in denen wir oder unsere Dienstleister und Partner t\u00e4tig sind, \u00fcbertragen und dort verarbeitet werden, damit wir die Daten in \u00dcbereinstimmung mit dieser Datenschutzrichtlinie verwenden k\u00f6nnen. Diese L\u00e4nder unterscheiden sich m\u00f6glicherweise von dem Land, in dem Sie ans\u00e4ssig sind, und haben andere Datenschutzgesetze als die Gesetze Ihres Landes. <\/p><p>Wir haben jedoch angemessene Sicherheitsvorkehrungen getroffen, um sicherzustellen, dass Ihre pers\u00f6nlichen Daten gem\u00e4\u00df dieser Datenschutzrichtlinie gesch\u00fctzt bleiben.<\/p><h3><strong>7. Sicherheit Ihrer pers\u00f6nlichen Daten<\/strong><\/h3><p>Wir werden angemessene technische und organisatorische Ma\u00dfnahmen ergreifen, um die pers\u00f6nlichen Daten, die wir \u00fcber Sie sammeln und verarbeiten, zu sch\u00fctzen. Die von uns eingesetzten Ma\u00dfnahmen sind so konzipiert, dass sie ein Sicherheitsniveau bieten, das dem Risiko der Verarbeitung Ihrer personenbezogenen Daten angemessen ist. <\/p><h3><strong>8. Aufbewahrung von Daten<\/strong><\/h3><p>Wir speichern personenbezogene Daten, die wir von Ihnen erheben, wenn wir ein laufendes legitimes gesch\u00e4ftliches Bed\u00fcrfnis daf\u00fcr haben (z.B. um Ihnen eine von Ihnen angeforderte Dienstleistung zu erbringen oder um geltende gesetzliche, steuerliche oder buchhalterische Anforderungen zu erf\u00fcllen).<\/p><p>Wenn wir keine weitere legitime gesch\u00e4ftliche Notwendigkeit haben, Ihre pers\u00f6nlichen Daten zu verarbeiten, werden wir sie entweder l\u00f6schen oder anonymisieren oder, falls dies nicht m\u00f6glich ist (z.B. weil Ihre pers\u00f6nlichen Daten in Backup-Archiven gespeichert wurden), werden wir Ihre pers\u00f6nlichen Daten sicher aufbewahren und von jeder weiteren Verarbeitung isolieren, bis eine L\u00f6schung m\u00f6glich ist.<\/p><h3><strong>9. \u00c4nderungen an dieser Datenschutzrichtlinie<\/strong><\/h3><p>Wir k\u00f6nnen diese Datenschutzrichtlinie von Zeit zu Zeit aktualisieren, um auf sich \u00e4ndernde rechtliche, technische oder gesch\u00e4ftliche Entwicklungen zu reagieren. Wenn wir unsere Datenschutzrichtlinie aktualisieren, werden wir geeignete Ma\u00dfnahmen ergreifen, um Sie in \u00dcbereinstimmung mit der Bedeutung der von uns vorgenommenen \u00c4nderungen zu informieren. Wir werden Ihre Zustimmung zu wesentlichen \u00c4nderungen der Datenschutzrichtlinien einholen, wenn und soweit dies nach den geltenden Datenschutzgesetzen erforderlich ist.  <\/p><h3><strong>10. Ihre Datenschutzrechte<\/strong><\/h3><p>Sie haben die folgenden Rechte in Bezug auf den Datenschutz:<\/p><ul><li>Wenn Sie auf Ihre pers\u00f6nlichen Daten zugreifen, sie korrigieren, aktualisieren oder ihre L\u00f6schung beantragen m\u00f6chten, k\u00f6nnen Sie dies jederzeit tun, indem Sie uns \u00fcber die unter der \u00dcberschrift &#8222;12. Wie Sie uns kontaktieren k\u00f6nnen&#8220; angegebenen Kontaktdaten kontaktieren.<\/li><li>Dar\u00fcber hinaus k\u00f6nnen Sie der Verarbeitung Ihrer personenbezogenen Daten widersprechen, uns auffordern, die Verarbeitung Ihrer personenbezogenen Daten einzuschr\u00e4nken oder die \u00dcbertragbarkeit Ihrer personenbezogenen Daten verlangen. Auch hier k\u00f6nnen Sie diese Rechte aus\u00fcben, indem Sie uns \u00fcber die unter der \u00dcberschrift &#8222;12. Wie Sie uns kontaktieren k\u00f6nnen&#8220; angegebenen Kontaktdaten kontaktieren. <\/li><li>Wenn wir Ihre personenbezogenen Daten mit Ihrer Zustimmung erfasst und verarbeitet haben, k\u00f6nnen Sie Ihre Zustimmung jederzeit widerrufen. Der Widerruf Ihrer Einwilligung hat keinen Einfluss auf die Rechtm\u00e4\u00dfigkeit der Verarbeitung, die wir vor Ihrem Widerruf durchgef\u00fchrt haben, und auch nicht auf die Verarbeitung Ihrer personenbezogenen Daten, die auf der Grundlage anderer rechtm\u00e4\u00dfiger Verarbeitungsgr\u00fcnde als Ihrer Einwilligung erfolgt ist. <\/li><li>Sie haben das Recht, sich bei einer Datenschutzbeh\u00f6rde \u00fcber die Erfassung und Verwendung Ihrer pers\u00f6nlichen Daten durch uns zu beschweren. F\u00fcr weitere Informationen wenden Sie sich bitte an Ihre \u00f6rtliche Datenschutzbeh\u00f6rde. <\/li><\/ul><p>Wir beantworten alle Anfragen, die wir von Personen erhalten, die ihre Datenschutzrechte in \u00dcbereinstimmung mit den geltenden Datenschutzgesetzen aus\u00fcben m\u00f6chten. Nachdem Sie Ihre Anfrage eingereicht haben, k\u00f6nnen wir Sie bitten, einen Nachweis Ihrer Identit\u00e4t zu erbringen, um Ihre Angaben zu best\u00e4tigen. <\/p><h3><strong>11. Websites von Dritten<\/strong><\/h3><p>Die Website enth\u00e4lt Links zu anderen Websites. Wir sind nicht verantwortlich f\u00fcr die Datenschutzrichtlinien oder -praktiken von Websites Dritter. <\/p><h3><strong>12. Wie Sie uns kontaktieren k\u00f6nnen<\/strong><\/h3><p>Wenn Sie Fragen zu Ihren pers\u00f6nlichen Daten haben, wenn Sie die Weitergabe Ihrer pers\u00f6nlichen Daten an Dritte einstellen m\u00f6chten, wenn Sie die Offenlegung oder Korrektur Ihrer pers\u00f6nlichen Daten w\u00fcnschen, usw., wenden Sie sich bitte an uns:<\/p><p><strong>Personal Information Inquiry Office<\/strong><br>DGSHAPE Corporation<br>1-1-2 Shinmiyakoda, Hamana-ku, Hamamatsu-shi, Shizuoka-ken<br>431-2103 JAPAN<br>E-mail:<span style=\"color: #8ce128;\"> <a style=\"color: #8ce128;\" href=\"mailto:dgs-marketing@dgshape.com\">dgs-marketing@dgshape.com<\/a><\/span><\/p><p><strong>Der EU-Vertreter von DGSHAPE<\/strong><br>Roland DG EMEA N.V.<br>Bell Telephonelaan 2G, 2440 Geel, Belgien<br>E-Mail: <span style=\"color: #8ce128;\"><a style=\"color: #8ce128;\" href=\"mailto:emea-gdpr@rolanddg.com\">emea-gdpr@rolanddg.com<\/a><\/span><\/p><p><strong>Lokaler Datenschutzhinweis EMEA<br><\/strong>Spanien <span style=\"color: #8ce128;\"> <a style=\"color: #8ce128;\" href=\"https:\/\/www.rolanddg.eu\/es-es\/empresa\/privacy-notice\">https:\/\/www.rolanddg.eu\/es-es\/empresa\/privacy-notice<\/a><\/span><br>Italien <span style=\"color: #8ce128;\"><a style=\"color: #8ce128;\" href=\"https:\/\/www.rolanddg.eu\/it\/azienda\/privacy-notice\">https:\/\/www.rolanddg.eu\/it\/azienda\/privacy-notice<\/a><\/span><br>GROSSBRITANNIEN <span style=\"color: #8ce128;\"><a style=\"color: #8ce128;\" href=\"https:\/\/www.rolanddg.eu\/en-gb\/company\/privacy-notice\">https:\/\/www.rolanddg.eu\/en-gb\/company\/privacy-notice<\/a><\/span><br>Frankreich <span style=\"color: #8ce128;\"><a style=\"color: #8ce128;\" href=\"https:\/\/www.rolanddg.eu\/fr\/notre-entreprise\/privacy-notice\">https:\/\/www.rolanddg.eu\/fr\/notre-entreprise\/privacy-notice<\/a><\/span><br>Deutschland <span style=\"color: #8ce128;\"><a style=\"color: #8ce128;\" href=\"https:\/\/www.rolanddg.eu\/de\/uber-uns\/privacy-notice\">https:\/\/www.rolanddg.eu\/de\/uber-uns\/privacy-notice<\/a><\/span><br>Russland <span style=\"color: #8ce128;\"><a style=\"color: #8ce128;\" href=\"https:\/\/www.rolanddg.eu\/ru\/uznajte-podrobnee-o-kompanii-roland-dg-north-europe\/privacy-notice\">https:\/\/www.rolanddg.eu\/ru\/uznajte-podrobnee-o-kompanii-roland-dg-north-europe\/privacy-notice<\/a><\/span><br>Niederlande        <span style=\"color: #8ce128;\"><a style=\"color: #8ce128;\" href=\"https:\/\/www.rolanddg.eu\/nl\/bedrijf\/privacy-notice\">https:\/\/www.rolanddg.eu\/nl\/bedrijf\/privacy-notice<\/a><\/span><\/p>\t\t\t\t\t\t\t\t<\/div>\n\t\t\t\t<\/div>\n\t\t\t\t<\/div>\n\t\t\t\t\t<\/div>\n\t\t\t\t<\/div>\n\t\t\t\t<\/div>\n\t\t","protected":false},"excerpt":{"rendered":"<p>GDPR-Datenschutzerkl\u00e4rung \u00dcberarbeitet: April 1, 2022 Diese Datenschutzrichtlinie gilt f\u00fcr Personen, auf die die EU-Datenschutzgrundverordnung (&#8222;GDPR&#8220;) Anwendung findet. Die DGSHAPE Corporation (&#8222;DGSHAPE&#8220;) verpflichtet sich als Verantwortlicher f\u00fcr die von ihr verarbeiteten personenbezogenen Daten, die Privatsph\u00e4re der Personen zu sch\u00fctzen, deren personenbezogene Daten sie verarbeitet, einschlie\u00dflich der Besucher unserer Website. In dieser Datenschutzrichtlinie wird dargelegt, wie wir [&hellip;]<\/p>\n","protected":false},"author":1,"featured_media":0,"parent":0,"menu_order":0,"comment_status":"closed","ping_status":"closed","template":"elementor_header_footer","meta":{"footnotes":""},"class_list":["post-60919","page","type-page","status-publish","hentry"],"aioseo_notices":[],"_links":{"self":[{"href":"https:\/\/dgshape.com\/de\/wp-json\/wp\/v2\/pages\/60919","targetHints":{"allow":["GET"]}}],"collection":[{"href":"https:\/\/dgshape.com\/de\/wp-json\/wp\/v2\/pages"}],"about":[{"href":"https:\/\/dgshape.com\/de\/wp-json\/wp\/v2\/types\/page"}],"author":[{"embeddable":true,"href":"https:\/\/dgshape.com\/de\/wp-json\/wp\/v2\/users\/1"}],"replies":[{"embeddable":true,"href":"https:\/\/dgshape.com\/de\/wp-json\/wp\/v2\/comments?post=60919"}],"version-history":[{"count":2,"href":"https:\/\/dgshape.com\/de\/wp-json\/wp\/v2\/pages\/60919\/revisions"}],"predecessor-version":[{"id":76706,"href":"https:\/\/dgshape.com\/de\/wp-json\/wp\/v2\/pages\/60919\/revisions\/76706"}],"wp:attachment":[{"href":"https:\/\/dgshape.com\/de\/wp-json\/wp\/v2\/media?parent=60919"}],"curies":[{"name":"wp","href":"https:\/\/api.w.org\/{rel}","templated":true}]}}